{"id":384,"date":"2024-02-26T18:03:50","date_gmt":"2024-02-26T18:03:50","guid":{"rendered":"http:\/\/159.65.181.39\/?page_id=384"},"modified":"2026-04-06T22:21:53","modified_gmt":"2026-04-06T22:21:53","slug":"about","status":"publish","type":"page","link":"https:\/\/portalmobile.com.br\/sv\/about\/","title":{"rendered":"Om oss"},"content":{"rendered":"<!--advertisement--><div class=\"mx-5 sm:mx-0 sm:text-3xl text-2xl font-medium title-font mb-4 text-gray-900 text-left\">\n<h2 class=\"wp-block-heading\">V\u00e4lkommen till mobilportalen!<\/h2>\n<\/div><!--advertisement--><div class=\"mx-5 sm:mx-0 sm:text-3xl text-2xl font-medium title-font mb-4 text-gray-900 text-left\">\n<h3 class=\"wp-block-heading\">Vi tror att teknologi \u00e4r en drivkraft f\u00f6r f\u00f6r\u00e4ndring.<\/h3>\n<\/div><div class=\"mx-5 sm:mx-0 prose leading-relaxed text-lg mb-5 text-left wp-paragraph\">\n<p>Oavsett om det handlar om att hitta ett nytt jobb, utforska en innovativ app eller njuta av ett \u00f6gonblick av underh\u00e5llning, \u00f6ppnar teknik d\u00f6rrar varje dag, och vi \u00e4r h\u00e4r f\u00f6r att v\u00e4gleda dig genom dem.<\/p>\n<\/div><!--advertisement--><div class=\"mx-5 sm:mx-0 sm:text-3xl text-2xl font-medium title-font mb-4 text-gray-900 text-left\">\n<h3 class=\"wp-block-heading\">Vilka vi \u00e4r<\/h3>\n<\/div><div class=\"mx-5 sm:mx-0 prose leading-relaxed text-lg mb-5 text-left wp-paragraph\">\n<p>Mobilportalen \u00e4r en oberoende plattform som \u00e4r dedikerad till att g\u00f6ra finansiell information mer tillg\u00e4nglig och l\u00e4ttare att f\u00f6rst\u00e5.<\/p>\n<\/div><div class=\"mx-5 sm:mx-0 prose leading-relaxed text-lg mb-5 text-left wp-paragraph\">\n<p>Vi \u00e4r inte en bank, ett finansinstitut eller ett kreditf\u00f6retag.<\/p>\n<\/div><div class=\"mx-5 sm:mx-0 prose leading-relaxed text-lg mb-5 text-left wp-paragraph\">\n<p>V\u00e5rt fokus ligger p\u00e5 att hj\u00e4lpa anv\u00e4ndare att utforska och utv\u00e4rdera tillg\u00e4ngliga finansiella produkter, s\u00e5som kreditkort, privatl\u00e5n och budgeteringsverktyg, genom v\u00e4lunderbyggt inneh\u00e5ll och opartisk analys.<\/p>\n<\/div><div class=\"mx-5 sm:mx-0 prose leading-relaxed text-lg mb-5 text-left wp-paragraph\">\n<p>V\u00e5rt m\u00e5l \u00e4r enkelt: att ge m\u00e4nniskor tillf\u00f6rlitlig ekonomisk kunskap.<\/p>\n<\/div><div class=\"mx-5 sm:mx-0 prose leading-relaxed text-lg mb-5 text-left wp-paragraph\">\n<p>&nbsp;Oavsett om vi j\u00e4mf\u00f6r kreditalternativ, s\u00f6ker praktisk v\u00e4gledning f\u00f6r att hantera skulder eller f\u00f6rs\u00f6ker f\u00f6rst\u00e5 hur r\u00e4ntor fungerar, \u00e4r v\u00e5rt uppdrag att tillhandah\u00e5lla tydlig och anv\u00e4ndbar information f\u00f6r att st\u00f6dja s\u00e4krare ekonomiska beslut.<\/p>\n<\/div><div class=\"mx-5 sm:mx-0 prose leading-relaxed text-lg mb-5 text-left wp-paragraph\">\n<p>V\u00e5rt team f\u00f6ljer noggrant ekonomiska trender, konsumentbehov och produktuppdateringar f\u00f6r att s\u00e4kerst\u00e4lla att inneh\u00e5llet \u00e4r relevant och till\u00e4mpligt i vardagen.<\/p>\n<\/div><div class=\"mx-5 sm:mx-0 prose leading-relaxed text-lg mb-5 text-left wp-paragraph\">\n<p>Vi vet att finans kan vara komplext, och vi str\u00e4var efter att f\u00f6renkla dessa \u00e4mnen utan att ignorera de risker och f\u00f6rdelar som \u00e4r inblandade.<\/p>\n<\/div><div class=\"mx-5 sm:mx-0 prose leading-relaxed text-lg mb-5 text-left wp-paragraph\">\n<p>Ut\u00f6ver finansv\u00e4rlden utforskar vi \u00e4ven inneh\u00e5ll relaterat till teknik, appar, produktivitet, underh\u00e5llning och digitala spel, alltid med samma engagemang f\u00f6r tydlighet, anv\u00e4ndbarhet och tillf\u00f6rlitlig information f\u00f6r anv\u00e4ndaren.<\/p>\n<\/div><!--advertisement--><div class=\"mx-5 sm:mx-0 sm:text-3xl text-2xl font-medium title-font mb-4 text-gray-900 text-left\">\n<h2 class=\"wp-block-heading\"><strong>Vad du hittar p\u00e5 mobilportalen<\/strong><\/h2>\n<\/div><div class=\"mx-5 sm:mx-0 prose leading-relaxed text-lg mb-5 text-left wp-paragraph\">\n<p>Varje artikel som publiceras p\u00e5 mobilportalen \u00e4r utformad f\u00f6r att hj\u00e4lpa l\u00e4saren att b\u00e4ttre f\u00f6rst\u00e5 det aktuella landskapet, oavsett om det \u00e4r finansiellt, digitalt eller underh\u00e5llningsrelaterat. Vi g\u00f6r detta genom att erbjuda praktisk v\u00e4gledning, transparent analys och tydliga j\u00e4mf\u00f6relser.<\/p>\n<\/div><div class=\"mx-5 sm:mx-0 prose leading-relaxed text-lg mb-5 text-left wp-paragraph\">\n<p>H\u00e4r \u00e4r vad du kan f\u00f6rv\u00e4nta dig av v\u00e5r plattform:<\/p>\n<\/div><div class=\"mx-5 sm:mx-0 prose leading-relaxed text-lg mb-5 text-left wp-paragraph\">\n<p>\u2022 <strong>Detaljerade produktrecensioner:<\/strong> V\u00e5ra analyser g\u00e5r ut\u00f6ver grunderna. Vi f\u00f6rklarar funktioner, avgifter, beh\u00f6righetskriterier och visar vem varje produkt passar b\u00e4st f\u00f6r och vem den inte g\u00f6r.<\/p>\n<\/div><div class=\"mx-5 sm:mx-0 prose leading-relaxed text-lg mb-5 text-left wp-paragraph\">\n<p>\u2022 <strong>Praktiska ekonomiska tips:<\/strong> Fr\u00e5n att f\u00f6rb\u00e4ttra din kreditv\u00e4rdighet till att hantera betalningar eller v\u00e4lja det b\u00e4sta kortet f\u00f6r vardagsbruk, baseras v\u00e5r v\u00e4gledning p\u00e5 verkliga situationer, utan \u00f6verdrivna l\u00f6ften.<\/p>\n<\/div><div class=\"mx-5 sm:mx-0 prose leading-relaxed text-lg mb-5 text-left wp-paragraph\">\n<p>\u2022 <strong>Utbildningsinneh\u00e5ll:<\/strong> Vi tror p\u00e5 att bygga kunskap p\u00e5 l\u00e5ng sikt. Vi f\u00f6rklarar \u00e4mnen som r\u00e4ntor, skuldkonsolidering och finansiell planering med hj\u00e4lp av ett enkelt spr\u00e5k och tydliga exempel.<\/p>\n<\/div><div class=\"mx-5 sm:mx-0 prose leading-relaxed text-lg mb-5 text-left wp-paragraph\">\n<p>\u2022 <strong>Teknik, appar och produktivitet:<\/strong> Vi utforskar digitala verktyg som hj\u00e4lper till att organisera rutiner, f\u00f6rb\u00e4ttra effektiviteten och f\u00f6renkla dagliga uppgifter, alltid med fokus p\u00e5 praktiska till\u00e4mpningar.<\/p>\n<\/div><div class=\"mx-5 sm:mx-0 prose leading-relaxed text-lg mb-5 text-left wp-paragraph\">\n<p>\u2022 <strong>Underh\u00e5llning och digitala spel:<\/strong> Vi t\u00e4cker \u00e4ven underh\u00e5llningsrelaterat inneh\u00e5ll, inklusive popul\u00e4ra plattformar som Roblox. Du hittar guider, tips och f\u00f6rklaringar om hur du b\u00e4st kan njuta av spel, tillg\u00e4ngliga resurser, den virtuella ekonomin och trender i spelv\u00e4rlden, alltid med ett informativt och ansvarsfullt tillv\u00e4gag\u00e5ngss\u00e4tt.<\/p>\n<\/div><div class=\"mx-5 sm:mx-0 prose leading-relaxed text-lg mb-5 text-left wp-paragraph\">\n<p>\u2022 <strong>Frekventa uppdateringar:<\/strong> De finansiella, tekniska och digitala marknaderna f\u00f6r\u00e4ndras st\u00e4ndigt. Vi bevakar nyheter, f\u00f6r\u00e4ndringar och trender f\u00f6r att h\u00e5lla dig v\u00e4linformerad.<\/p>\n<\/div><div class=\"mx-5 sm:mx-0 prose leading-relaxed text-lg mb-5 text-left wp-paragraph\">\n<p>V\u00e5rt m\u00e5l \u00e4r inte att tala om f\u00f6r dig vad du ska g\u00f6ra, utan att tillhandah\u00e5lla de verktyg och den information du beh\u00f6ver f\u00f6r att fatta beslut baserade p\u00e5 vad som \u00e4r vettigt f\u00f6r din verklighet, oavsett om det g\u00e4ller ekonomi, teknikanv\u00e4ndning eller konsumtion av digitalt inneh\u00e5ll.<\/p>\n<\/div><!--advertisement--><div class=\"mx-5 sm:mx-0 sm:text-3xl text-2xl font-medium title-font mb-4 text-gray-900 text-left\">\n<h2 class=\"wp-block-heading\"><strong>Hur vi arbetar och beh\u00e5ller v\u00e5r sj\u00e4lvst\u00e4ndighet.<\/strong><\/h2>\n<\/div><div class=\"mx-5 sm:mx-0 prose leading-relaxed text-lg mb-5 text-left wp-paragraph\">\n<p>Oberoende \u00e4r en av h\u00f6rnstenarna i v\u00e5rt arbete. Vi s\u00e4ljer inte finansiella produkter och vi har ingen anknytning till n\u00e5gra f\u00f6retag eller institutioner som n\u00e4mns p\u00e5 webbplatsen. Detta inneb\u00e4r:<\/p>\n<\/div><div class=\"mx-5 sm:mx-0 prose leading-relaxed text-lg mb-5 text-left wp-paragraph\">\n<p>\u2022 Vi f\u00e5r inga provisioner eller incitament f\u00f6r att marknadsf\u00f6ra specifika produkter.<br>\u2022 V\u00e5rt inneh\u00e5ll \u00e4r baserat p\u00e5 offentligt tillg\u00e4nglig och verifierbar information vid tidpunkten f\u00f6r publicering.<br>\u2022 Vi bibeh\u00e5ller fullst\u00e4ndig redaktionell frihet i v\u00e5ra analyser och j\u00e4mf\u00f6relser.<\/p>\n<\/div><div class=\"mx-5 sm:mx-0 prose leading-relaxed text-lg mb-5 text-left wp-paragraph\">\n<p>V\u00e5r forskning baseras p\u00e5 data fr\u00e5n banker, finansiella plattformar och tillsynsk\u00e4llor.<\/p>\n<\/div><div class=\"mx-5 sm:mx-0 prose leading-relaxed text-lg mb-5 text-left wp-paragraph\">\n<p>N\u00e4r vi presenterar f\u00f6r- och nackdelar str\u00e4var vi alltid efter balans och transparens, och lyfter fram f\u00f6rdelar och potentiella risker som anv\u00e4ndaren b\u00f6r \u00f6verv\u00e4ga.<\/p>\n<\/div><div class=\"mx-5 sm:mx-0 prose leading-relaxed text-lg mb-5 text-left wp-paragraph\">\n<p>Vi vet att ekonomiska beslut har en verklig inverkan, s\u00e5 vi anser att transparens och tydlighet \u00e4r grundl\u00e4ggande f\u00f6r att hj\u00e4lpa dig att fatta v\u00e4lgrundade val.<\/p>\n<\/div><!--advertisement--><div class=\"mx-5 sm:mx-0 sm:text-3xl text-2xl font-medium title-font mb-4 text-gray-900 text-left\">\n<h2 class=\"wp-block-heading\"><strong>Juridisk och redaktionell information<\/strong><\/h2>\n<\/div><div class=\"mx-5 sm:mx-0 prose leading-relaxed text-lg mb-5 text-left wp-paragraph\">\n<p>\u00c4ven om vi str\u00e4var efter att h\u00e5lla all information uppdaterad och korrekt \u00e4r det viktigt att notera att Mobilportalen inte garanterar fortsatt tillg\u00e4nglighet eller underh\u00e5ll av villkoren f\u00f6r de n\u00e4mnda produkterna.<\/p>\n<\/div><div class=\"mx-5 sm:mx-0 prose leading-relaxed text-lg mb-5 text-left wp-paragraph\">\n<p>Komma ih\u00e5g:<\/p>\n<\/div><div class=\"mx-5 sm:mx-0 prose leading-relaxed text-lg mb-5 text-left wp-paragraph\">\n<p>\u2022 Vi erbjuder eller s\u00e4ljer inte finansiella produkter direkt. Beg\u00e4ran b\u00f6r g\u00f6ras via leverant\u00f6rernas officiella kanaler.<br>\u2022 Villkor och tillg\u00e4nglighet kan \u00e4ndras utan f\u00f6reg\u00e5ende meddelande.<br>\u2022 Vi ansvarar inte f\u00f6r \u00e4ndringar i r\u00e4ntor, kriterier eller f\u00f6rm\u00e5ner.<br>\u2022 Vi rekommenderar alltid att kontrollera aktuell information fr\u00e5n officiella k\u00e4llor.<br>\u2022 Detta inneh\u00e5ll utg\u00f6r inte personlig ekonomisk r\u00e5dgivning.<\/p>\n<\/div><div class=\"mx-5 sm:mx-0 prose leading-relaxed text-lg mb-5 text-left wp-paragraph\">\n<p>Genom att anv\u00e4nda Mobilportalen godk\u00e4nner du att du \u00e4r ansvarig f\u00f6r anv\u00e4ndningen av informationen som presenteras och f\u00f6rst\u00e5r att v\u00e5r roll enbart \u00e4r informativ.<\/p>\n<\/div><div class=\"mx-5 sm:mx-0 prose leading-relaxed text-lg mb-5 text-left wp-paragraph\">\n<p>Om du har n\u00e5gra fr\u00e5gor, f\u00f6rslag eller vill f\u00f6resl\u00e5 nya \u00e4mnen, v\u00e4nligen kontakta oss. <a style=\" color:;\" href=\"https:\/\/portalmobile.com.br\/sv\/contact\/\">Kontakta oss<\/a>Vi v\u00e4rdes\u00e4tter dialog och str\u00e4var efter att vara en p\u00e5litlig k\u00e4lla p\u00e5 din finansiella och digitala resa.<\/p>\n<\/div>","protected":false},"excerpt":{"rendered":"<p>Bem-vindo ao Portal Mobile! Acreditamos que a tecnologia \u00e9 um motor de transforma\u00e7\u00e3o. Seja para encontrar um novo emprego, explorar um aplicativo inovador ou curtir um momento de entretenimento, a tecnologia abre portas todos os dias e estamos aqui para gui\u00e1-lo por elas. Quem Somos O Portal Mobile \u00e9 uma plataforma independente dedicada a tornar&hellip; <a class=\"more-link\" href=\"https:\/\/portalmobile.com.br\/sv\/about\/\">Forts\u00e4tt l\u00e4sa <span class=\"screen-reader-text\">Om oss<\/span><\/a><\/p>","protected":false},"author":2,"featured_media":0,"parent":0,"menu_order":0,"comment_status":"closed","ping_status":"closed","template":"","meta":{"footnotes":""},"yoast_head":"<!-- This site is optimized with the Yoast SEO plugin v23.3 - https:\/\/yoast.com\/wordpress\/plugins\/seo\/ -->\n<title>Sobre n\u00f3s - Portal Mobile<\/title>\n<meta name=\"description\" content=\"Saiba mais sobre como podemos te ajudar a descomplicar quest\u00f5es importantes da sua vida, como finan\u00e7as, carreira e organiza\u00e7\u00e3o pessoal.\" \/>\n<meta name=\"robots\" content=\"index, follow, max-snippet:-1, max-image-preview:large, max-video-preview:-1\" \/>\n<link rel=\"canonical\" href=\"https:\/\/portalmobile.com.br\/sv\/about\/\" \/>\n<meta property=\"og:locale\" content=\"sv_SE\" \/>\n<meta property=\"og:type\" content=\"article\" \/>\n<meta property=\"og:title\" content=\"Sobre n\u00f3s - Portal Mobile\" \/>\n<meta property=\"og:description\" content=\"Saiba mais sobre como podemos te ajudar a descomplicar quest\u00f5es importantes da sua vida, como finan\u00e7as, carreira e organiza\u00e7\u00e3o pessoal.\" \/>\n<meta property=\"og:url\" content=\"https:\/\/portalmobile.com.br\/sv\/about\/\" \/>\n<meta property=\"og:site_name\" content=\"Portal Mobile\" \/>\n<meta property=\"article:modified_time\" content=\"2026-04-06T22:21:53+00:00\" \/>\n<meta name=\"twitter:card\" content=\"summary_large_image\" \/>\n<meta name=\"twitter:label1\" content=\"Est. reading time\" \/>\n\t<meta name=\"twitter:data1\" content=\"5 minuter\" \/>\n<script type=\"application\/ld+json\" class=\"yoast-schema-graph\">{\"@context\":\"https:\/\/schema.org\",\"@graph\":[{\"@type\":\"WebPage\",\"@id\":\"https:\/\/portalmobile.com.br\/about\/\",\"url\":\"https:\/\/portalmobile.com.br\/about\/\",\"name\":\"Sobre n\u00f3s - Portal Mobile\",\"isPartOf\":{\"@id\":\"https:\/\/portalmobile.com.br\/#website\"},\"datePublished\":\"2024-02-26T18:03:50+00:00\",\"dateModified\":\"2026-04-06T22:21:53+00:00\",\"description\":\"Saiba mais sobre como podemos te ajudar a descomplicar quest\u00f5es importantes da sua vida, como finan\u00e7as, carreira e organiza\u00e7\u00e3o pessoal.\",\"breadcrumb\":{\"@id\":\"https:\/\/portalmobile.com.br\/about\/#breadcrumb\"},\"inLanguage\":\"sv-SE\",\"potentialAction\":[{\"@type\":\"ReadAction\",\"target\":[\"https:\/\/portalmobile.com.br\/about\/\"]}]},{\"@type\":\"BreadcrumbList\",\"@id\":\"https:\/\/portalmobile.com.br\/about\/#breadcrumb\",\"itemListElement\":[{\"@type\":\"ListItem\",\"position\":1,\"name\":\"Home\",\"item\":\"https:\/\/portalmobile.com.br\/\"},{\"@type\":\"ListItem\",\"position\":2,\"name\":\"Sobre n\u00f3s\"}]},{\"@type\":\"WebSite\",\"@id\":\"https:\/\/portalmobile.com.br\/#website\",\"url\":\"https:\/\/portalmobile.com.br\/\",\"name\":\"Portal Mobile\",\"description\":\"\",\"potentialAction\":[{\"@type\":\"SearchAction\",\"target\":{\"@type\":\"EntryPoint\",\"urlTemplate\":\"https:\/\/portalmobile.com.br\/?s={search_term_string}\"},\"query-input\":\"required name=search_term_string\"}],\"inLanguage\":\"sv-SE\"}]}<\/script>\n<!-- \/ Yoast SEO plugin. -->","yoast_head_json":{"title":"Sobre n\u00f3s - Portal Mobile","description":"Saiba mais sobre como podemos te ajudar a descomplicar quest\u00f5es importantes da sua vida, como finan\u00e7as, carreira e organiza\u00e7\u00e3o pessoal.","robots":{"index":"index","follow":"follow","max-snippet":"max-snippet:-1","max-image-preview":"max-image-preview:large","max-video-preview":"max-video-preview:-1"},"canonical":"https:\/\/portalmobile.com.br\/sv\/about\/","og_locale":"sv_SE","og_type":"article","og_title":"Sobre n\u00f3s - Portal Mobile","og_description":"Saiba mais sobre como podemos te ajudar a descomplicar quest\u00f5es importantes da sua vida, como finan\u00e7as, carreira e organiza\u00e7\u00e3o pessoal.","og_url":"https:\/\/portalmobile.com.br\/sv\/about\/","og_site_name":"Portal Mobile","article_modified_time":"2026-04-06T22:21:53+00:00","twitter_card":"summary_large_image","twitter_misc":{"Est. reading time":"5 minuter"},"schema":{"@context":"https:\/\/schema.org","@graph":[{"@type":"WebPage","@id":"https:\/\/portalmobile.com.br\/about\/","url":"https:\/\/portalmobile.com.br\/about\/","name":"Sobre n\u00f3s - Portal Mobile","isPartOf":{"@id":"https:\/\/portalmobile.com.br\/#website"},"datePublished":"2024-02-26T18:03:50+00:00","dateModified":"2026-04-06T22:21:53+00:00","description":"Saiba mais sobre como podemos te ajudar a descomplicar quest\u00f5es importantes da sua vida, como finan\u00e7as, carreira e organiza\u00e7\u00e3o pessoal.","breadcrumb":{"@id":"https:\/\/portalmobile.com.br\/about\/#breadcrumb"},"inLanguage":"sv-SE","potentialAction":[{"@type":"ReadAction","target":["https:\/\/portalmobile.com.br\/about\/"]}]},{"@type":"BreadcrumbList","@id":"https:\/\/portalmobile.com.br\/about\/#breadcrumb","itemListElement":[{"@type":"ListItem","position":1,"name":"Home","item":"https:\/\/portalmobile.com.br\/"},{"@type":"ListItem","position":2,"name":"Sobre n\u00f3s"}]},{"@type":"WebSite","@id":"https:\/\/portalmobile.com.br\/#website","url":"https:\/\/portalmobile.com.br\/","name":"Portal Mobile","description":"","potentialAction":[{"@type":"SearchAction","target":{"@type":"EntryPoint","urlTemplate":"https:\/\/portalmobile.com.br\/?s={search_term_string}"},"query-input":"required name=search_term_string"}],"inLanguage":"sv-SE"}]}},"_links":{"self":[{"href":"https:\/\/portalmobile.com.br\/sv\/wp-json\/wp\/v2\/pages\/384"}],"collection":[{"href":"https:\/\/portalmobile.com.br\/sv\/wp-json\/wp\/v2\/pages"}],"about":[{"href":"https:\/\/portalmobile.com.br\/sv\/wp-json\/wp\/v2\/types\/page"}],"author":[{"embeddable":true,"href":"https:\/\/portalmobile.com.br\/sv\/wp-json\/wp\/v2\/users\/2"}],"replies":[{"embeddable":true,"href":"https:\/\/portalmobile.com.br\/sv\/wp-json\/wp\/v2\/comments?post=384"}],"version-history":[{"count":4,"href":"https:\/\/portalmobile.com.br\/sv\/wp-json\/wp\/v2\/pages\/384\/revisions"}],"predecessor-version":[{"id":4531,"href":"https:\/\/portalmobile.com.br\/sv\/wp-json\/wp\/v2\/pages\/384\/revisions\/4531"}],"wp:attachment":[{"href":"https:\/\/portalmobile.com.br\/sv\/wp-json\/wp\/v2\/media?parent=384"}],"curies":[{"name":"wp","href":"https:\/\/api.w.org\/{rel}","templated":true}]}}