{"id":381,"date":"2024-02-26T17:31:19","date_gmt":"2024-02-26T17:31:19","guid":{"rendered":"http:\/\/159.65.181.39\/?page_id=381"},"modified":"2024-02-26T17:31:19","modified_gmt":"2024-02-26T17:31:19","slug":"terms","status":"publish","type":"page","link":"https:\/\/portalmobile.com.br\/sv\/terms\/","title":{"rendered":"Villkor"},"content":{"rendered":"<div class=\"mx-5 sm:mx-0 prose leading-relaxed text-lg mb-5 text-left wp-paragraph\">\n<p>Informationen uppdaterades den 23 februari 2024.<\/p>\n<\/div><div class=\"mx-5 sm:mx-0 prose leading-relaxed text-lg mb-5 text-left wp-paragraph\">\n<p><strong>L\u00c4S V\u00c5RA ANV\u00c4NDARVILLKOR NOGA. OM DU INTE GODK\u00c4NNER DESSA VILLKOR F\u00c5R DU INTE ANV\u00c4NDA TJ\u00c4NSTERNA SOM TILLHANDAH\u00c5LLS AV PORTAL MOBILE.<\/strong><\/p>\n<\/div><div class=\"mx-5 sm:mx-0 prose leading-relaxed text-lg mb-5 text-left wp-paragraph\">\n<p>Mobilportalen, en plattform dedikerad till att marknadsf\u00f6ra karri\u00e4rinneh\u00e5ll, apprecensioner och teknik, hanteras av det ansvariga teamet, representerat som &quot;vi&quot; i detta specifika fall.<\/p>\n<\/div><div class=\"mx-5 sm:mx-0 prose leading-relaxed text-lg mb-5 text-left wp-paragraph\">\n<p>\u00c5tkomst till och anv\u00e4ndning av denna webbplats \u00e4r f\u00f6rem\u00e5l f\u00f6r de villkor och policyer som beskrivs h\u00e4r. Genom att bes\u00f6ka webbplatsen godk\u00e4nner anv\u00e4ndaren alla best\u00e4mmelser i detta dokument.<\/p>\n<\/div><div class=\"mx-5 sm:mx-0 prose leading-relaxed text-lg mb-5 text-left wp-paragraph\">\n<p>Portal Mobile-teamet f\u00f6rbeh\u00e5ller sig r\u00e4tten att \u00e4ndra dessa villkor n\u00e4r som helst, utan f\u00f6reg\u00e5ende meddelande. S\u00e5dana \u00e4ndringar kommer att publiceras p\u00e5 webbplatsen och tr\u00e4der i kraft omedelbart. Anv\u00e4ndare \u00e4r ensamma ansvariga f\u00f6r sitt beteende p\u00e5 webbplatsen, och Portal Mobile tar inget ansvar f\u00f6r eventuella skador eller f\u00f6rluster som anv\u00e4ndaren orsakar sig sj\u00e4lv eller tredje part.<\/p>\n<\/div><div class=\"mx-5 sm:mx-0 prose leading-relaxed text-lg mb-5 text-left wp-paragraph\">\n<p>Anv\u00e4ndare \u00e4r f\u00f6rbjudna att publicera inneh\u00e5ll som \u00e4r olagligt, \u00e4rekr\u00e4nkande, obscent eller som kr\u00e4nker tredje parts r\u00e4ttigheter, anv\u00e4nda webbplatsen f\u00f6r kommersiella \u00e4ndam\u00e5l eller st\u00f6ra dess drift eller de tj\u00e4nster som erbjuds.<\/p>\n<\/div><div class=\"mx-5 sm:mx-0 prose leading-relaxed text-lg mb-5 text-left wp-paragraph\">\n<p>Mobilportalen samlar in och anv\u00e4nder anv\u00e4ndares personuppgifter f\u00f6r identifiering, registrering och tillhandah\u00e5llande av tj\u00e4nster, i enlighet med v\u00e5r integritetspolicy. Genom att bes\u00f6ka och anv\u00e4nda Mobilportalen godk\u00e4nner anv\u00e4ndaren de villkor som anges i detta dokument. Om du inte godk\u00e4nner detta b\u00f6r du avst\u00e5 fr\u00e5n att bes\u00f6ka webbplatsen.<\/p>\n<\/div><!--advertisement--><div class=\"mx-5 sm:mx-0 sm:text-3xl text-2xl font-medium title-font mb-4 text-gray-900 text-left\">\n<h2 class=\"wp-block-heading\"><strong>Avsnitt I \u2013 Antagning<\/strong><\/h2>\n<\/div><div class=\"mx-5 sm:mx-0 prose leading-relaxed text-lg mb-5 text-left wp-paragraph\">\n<p>N\u00e4r anv\u00e4ndaren utforskar inneh\u00e5llet och anv\u00e4nder de tj\u00e4nster som erbjuds p\u00e5 Portal Mobile-webbplatsen \u00e4r hen underkastad f\u00f6ljande villkor: godk\u00e4nnande av de allm\u00e4nna anv\u00e4ndarvillkoren och sekretesspolicyn, samt att hen \u00e4r minst 18 \u00e5r gammal och har full civilr\u00e4ttslig handlingsf\u00f6rm\u00e5ga.&nbsp;<\/p>\n<\/div><div class=\"mx-5 sm:mx-0 prose leading-relaxed text-lg mb-5 text-left wp-paragraph\">\n<p><strong>Om du inte uppfyller dessa krav rekommenderas det att anv\u00e4ndaren avst\u00e5r fr\u00e5n att bes\u00f6ka eller anv\u00e4nda de tj\u00e4nster som tillhandah\u00e5lls av Portal Mobile-webbplatsen.<\/strong><\/p>\n<\/div><!--advertisement--><div class=\"mx-5 sm:mx-0 sm:text-3xl text-2xl font-medium title-font mb-4 text-gray-900 text-left\">\n<h2 class=\"wp-block-heading\"><strong>Avsnitt II \u2013 Kontaktmetoder<\/strong><\/h2>\n<\/div><div class=\"mx-5 sm:mx-0 prose leading-relaxed text-lg mb-5 text-left wp-paragraph\">\n<p>F\u00f6r att uppr\u00e4tta kommunikation kan anv\u00e4ndare anv\u00e4nda formul\u00e4ret p\u00e5 webbplatsen, tillg\u00e4ngligt via den angivna l\u00e4nken. V\u00e5rt supportteam finns tillg\u00e4ngligt f\u00f6r att svara p\u00e5 fr\u00e5gor, l\u00f6sa problem eller ta emot feedback.<\/p>\n<\/div><!--advertisement--><div class=\"mx-5 sm:mx-0 sm:text-3xl text-2xl font-medium title-font mb-4 text-gray-900 text-left\">\n<h2 class=\"wp-block-heading\"><strong>Avsnitt III \u2013 \u00d6msesidigt ansvar<\/strong><\/h2>\n<\/div><div class=\"mx-5 sm:mx-0 prose leading-relaxed text-lg mb-5 text-left wp-paragraph\">\n<p>Genom att anv\u00e4nda Portal Mobiles tj\u00e4nster bekr\u00e4ftar anv\u00e4ndaren att ha l\u00e4st, f\u00f6rst\u00e5tt och accepterat anv\u00e4ndarvillkoren samt sekretesspolicyn. Webbplatsen tillhandah\u00e5ller l\u00e4nkar till externa sidor men ansvarar inte f\u00f6r policyerna eller anv\u00e4ndarvillkoren f\u00f6r dessa webbplatser.&nbsp;<\/p>\n<\/div><div class=\"mx-5 sm:mx-0 prose leading-relaxed text-lg mb-5 text-left wp-paragraph\">\n<p><strong>Det rekommenderas att anv\u00e4ndaren granskar villkoren och policyerna f\u00f6r dessa plattformar innan n\u00e5gon transaktion genomf\u00f6rs.<\/strong><\/p>\n<\/div><div class=\"mx-5 sm:mx-0 prose leading-relaxed text-lg mb-5 text-left wp-paragraph\">\n<p>Vi ansvarar inte f\u00f6r skador till f\u00f6ljd av virus eller skadlig programvara som erh\u00e5llits vid surfning eller \u00f6verf\u00f6ring av data online. Vi rekommenderar att anv\u00e4ndare vidtar f\u00f6rsiktighets\u00e5tg\u00e4rder f\u00f6r att skydda sina system, till exempel att anv\u00e4nda uppdaterade antivirus- och brandv\u00e4ggsprogram. Vi ansvarar inte heller f\u00f6r skador till f\u00f6ljd av felaktig anv\u00e4ndning av webbplatsen eller h\u00e4ndelser utanf\u00f6r v\u00e5r kontroll.<\/p>\n<\/div><div class=\"mx-5 sm:mx-0 prose leading-relaxed text-lg mb-5 text-left wp-paragraph\">\n<p><strong>Vi kr\u00e4ver inte ins\u00e4ttningar eller bank\u00f6verf\u00f6ringar f\u00f6r att godk\u00e4nna eller bevilja finansiella produkter. S\u00e5dana f\u00f6rfr\u00e5gningar b\u00f6r behandlas med f\u00f6rsiktighet, eftersom de kan vara bedr\u00e4gliga f\u00f6rs\u00f6k. Vi skickar inte e-postmeddelanden som beg\u00e4r personlig information eller registreringsinformation.<\/strong><\/p>\n<\/div><div class=\"mx-5 sm:mx-0 prose leading-relaxed text-lg mb-5 text-left wp-paragraph\">\n<p>Om du f\u00e5r s\u00e5dan kommunikation, v\u00e4nligen kontakta oss omedelbart.<\/p>\n<\/div><!--advertisement--><div class=\"mx-5 sm:mx-0 sm:text-3xl text-2xl font-medium title-font mb-4 text-gray-900 text-left\">\n<h2 class=\"wp-block-heading\"><strong>Avsnitt IV \u2013 Anv\u00e4ndarvillkor och begr\u00e4nsningar<\/strong><\/h2>\n<\/div><div class=\"mx-5 sm:mx-0 prose leading-relaxed text-lg mb-5 text-left wp-paragraph\">\n<p>F\u00f6r att f\u00e5 tillg\u00e5ng till och anv\u00e4nda v\u00e5ra tj\u00e4nster och inneh\u00e5ll m\u00e5ste anv\u00e4ndaren f\u00f6lja de fastst\u00e4llda villkoren och begr\u00e4nsningarna, inklusive laglig anv\u00e4ndning av tj\u00e4nsterna, efterlevnad av lagen, respekt f\u00f6r immateriella r\u00e4ttigheter, etiskt beteende, informationens sanningsenlighet, s\u00e4kerhet, respekt f\u00f6r integritet, undvikande av olaglig eller skadlig verksamhet, otillb\u00f6rliga syften och teknisk integritet.&nbsp;<\/p>\n<\/div><div class=\"mx-5 sm:mx-0 prose leading-relaxed text-lg mb-5 text-left wp-paragraph\">\n<p>Portal Mobile f\u00f6rbeh\u00e5ller sig r\u00e4tten att st\u00e4nga av \u00e5tkomsten till v\u00e5ra tj\u00e4nster om dessa restriktioner bryts.<\/p>\n<\/div><!--advertisement--><div class=\"mx-5 sm:mx-0 sm:text-3xl text-2xl font-medium title-font mb-4 text-gray-900 text-left\">\n<h2 class=\"wp-block-heading\"><strong>Avsnitt V \u2013 Ansvarsbegr\u00e4nsningar och garantier<\/strong><\/h2>\n<\/div><div class=\"mx-5 sm:mx-0 prose leading-relaxed text-lg mb-5 text-left wp-paragraph\">\n<p>Portal Mobile tillhandah\u00e5ller sina tj\u00e4nster utan att erbjuda n\u00e5gra garantier av n\u00e5got slag. Anv\u00e4ndaren \u00e4r medveten om att anv\u00e4ndning av Portal Mobiles webbplatstj\u00e4nster kan inneb\u00e4ra risker, och anv\u00e4ndaren \u00e4r ensam ansvarig f\u00f6r eventuella skador eller f\u00f6rluster som uppst\u00e5r till f\u00f6ljd av anv\u00e4ndningen av tj\u00e4nsterna.&nbsp;<\/p>\n<\/div><div class=\"mx-5 sm:mx-0 prose leading-relaxed text-lg mb-5 text-left wp-paragraph\">\n<p>Portal Mobile, dess styrelseledam\u00f6ter, anst\u00e4llda eller partners ansvarar inte f\u00f6r indirekta, tillf\u00e4lliga, s\u00e4rskilda eller f\u00f6ljdskador.<\/p>\n<\/div><!--advertisement--><div class=\"mx-5 sm:mx-0 sm:text-3xl text-2xl font-medium title-font mb-4 text-gray-900 text-left\">\n<h2 class=\"wp-block-heading\"><strong>Avsnitt VI \u2013 Giltighetstid och lagstadgad period<\/strong><\/h2>\n<\/div><div class=\"mx-5 sm:mx-0 prose leading-relaxed text-lg mb-5 text-left wp-paragraph\">\n<p>Klagom\u00e5l relaterade till anv\u00e4ndningen av Portal Mobiles webbplats m\u00e5ste l\u00e4mnas in inom 90 dagar fr\u00e5n dagen f\u00f6r den h\u00e4ndelse som ger upphov till klagom\u00e5let. De allm\u00e4nna anv\u00e4ndarvillkoren f\u00f6r Portal Mobile f\u00f6rblir i kraft p\u00e5 obest\u00e4md tid.<\/p>\n<\/div><!--advertisement--><div class=\"mx-5 sm:mx-0 sm:text-3xl text-2xl font-medium title-font mb-4 text-gray-900 text-left\">\n<h2 class=\"wp-block-heading\"><strong>Avsnitt VII \u2013 Lagstiftning och jurisdiktion<\/strong><\/h2>\n<\/div><div class=\"mx-5 sm:mx-0 prose leading-relaxed text-lg mb-5 text-left wp-paragraph\">\n<p>7.1 De allm\u00e4nna anv\u00e4ndarvillkoren f\u00f6r mobilportalen och sekretesspolicyn regleras av lagarna i Brasilien, inklusive den federala konstitutionen, civillagen, konsumentskyddslagen, den allm\u00e4nna lagen om civilr\u00e4ttsligt ramverk f\u00f6r internet och den allm\u00e4nna dataskyddslagen.<\/p>\n<\/div><div class=\"mx-5 sm:mx-0 prose leading-relaxed text-lg mb-5 text-left wp-paragraph\">\n<p>7.2 Vid tvist som uppst\u00e5r ang\u00e5ende Anv\u00e4ndarvillkoren eller Sekretesspolicyn \u00e4r parterna \u00f6verens om att uteslutande underkasta sig brasiliansk lag.<\/p>\n<\/div><!--advertisement--><div class=\"mx-5 sm:mx-0 sm:text-3xl text-2xl font-medium title-font mb-4 text-gray-900 text-left\">\n<h2 class=\"wp-block-heading\"><strong>Avsnitt VIII \u2013 Inneh\u00e5ll och immateriella r\u00e4ttigheter<\/strong><\/h2>\n<\/div><div class=\"mx-5 sm:mx-0 prose leading-relaxed text-lg mb-5 text-left wp-paragraph\">\n<p>Allt material som finns p\u00e5 Mobilportalen, inklusive texter, bilder, videor och andra resurser, tillh\u00f6r f\u00f6retaget och dess samarbetspartners och \u00e4r skyddat av upphovsr\u00e4tt och immateriella r\u00e4ttigheter.&nbsp;<\/p>\n<\/div><div class=\"mx-5 sm:mx-0 prose leading-relaxed text-lg mb-5 text-left wp-paragraph\">\n<p>All reproduktion, \u00e4ndring, distribution, visning eller skapande av h\u00e4rledda verk fr\u00e5n detta inneh\u00e5ll utan uttryckligt tillst\u00e5nd fr\u00e5n Portal Mobile \u00e4r str\u00e4ngt f\u00f6rbjudet.<\/p>\n<\/div><div class=\"mx-5 sm:mx-0 prose leading-relaxed text-lg mb-5 text-left wp-paragraph\">\n<p>Portal Mobile ansvarar inte f\u00f6r inneh\u00e5ll som genereras av tredje part, s\u00e5som kommentarer och inl\u00e4gg p\u00e5 forum eller sociala medier. Dessutom ansvarar de inte f\u00f6r n\u00e5gra skador som uppst\u00e5r till f\u00f6ljd av anv\u00e4ndningen av webbplatsen, vare sig direkta, indirekta, of\u00f6rutsedda eller f\u00f6ljdskador.&nbsp;<\/p>\n<\/div><div class=\"mx-5 sm:mx-0 prose leading-relaxed text-lg mb-5 text-left wp-paragraph\">\n<p>F\u00f6retaget f\u00f6rbeh\u00e5ller sig r\u00e4tten att ta bort inneh\u00e5ll som bryter mot dessa villkor, s\u00e4rskilt s\u00e5dant som anses vara olagligt, st\u00f6tande, \u00e4rekr\u00e4nkande eller som kr\u00e4nker tredje parts r\u00e4ttigheter, och kan \u00e4ven s\u00e4ga upp konton f\u00f6r anv\u00e4ndare som inte f\u00f6ljer dessa villkor.<\/p>\n<\/div><!--advertisement--><div class=\"mx-5 sm:mx-0 sm:text-3xl text-2xl font-medium title-font mb-4 text-gray-900 text-left\">\n<h2 class=\"wp-block-heading\"><strong>Avsnitt IX \u2013 \u00c4ndringar av villkoren<\/strong><\/h2>\n<\/div><div class=\"mx-5 sm:mx-0 prose leading-relaxed text-lg mb-5 text-left wp-paragraph\">\n<p>Tj\u00e4nsterna som erbjuds av Mobilportalen kan \u00e4ndras eller till och med st\u00e4ngas av n\u00e4r som helst utan f\u00f6reg\u00e5ende meddelande. Portalen tar inget ansvar gentemot anv\u00e4ndare eller tredje part f\u00f6r s\u00e5dana \u00e4ndringar.&nbsp;<\/p>\n<\/div><div class=\"mx-5 sm:mx-0 prose leading-relaxed text-lg mb-5 text-left wp-paragraph\">\n<p>Godk\u00e4nnande av dessa villkor \u00e4r ett o\u00e5terkalleligt villkor f\u00f6r att anv\u00e4nda Portal Mobiles webbplats. Anv\u00e4ndare som inte godk\u00e4nner dessa villkor b\u00f6r avst\u00e5 fr\u00e5n att anv\u00e4nda webbplatsen.<\/p>\n<\/div><!--advertisement--><div class=\"mx-5 sm:mx-0 sm:text-3xl text-2xl font-medium title-font mb-4 text-gray-900 text-left\">\n<h2 class=\"wp-block-heading\"><strong>Avsnitt X \u2013 Kundtj\u00e4nst<\/strong><\/h2>\n<\/div><div class=\"mx-5 sm:mx-0 prose leading-relaxed text-lg mb-5 text-left wp-paragraph\">\n<p>Om anv\u00e4ndaren har f\u00f6rslag eller klagom\u00e5l g\u00e4llande inneh\u00e5llet och tj\u00e4nsterna p\u00e5 Portal Mobiles webbplats rekommenderar vi att du kontaktar v\u00e5rt team via e-post p\u00e5 contato@portalmobile.com.<\/p>\n<\/div>","protected":false},"excerpt":{"rendered":"<p>Informationen uppdaterades den 23 februari 2024. L\u00c4S V\u00c5RA ANV\u00c4NDARVILLKOR NOGA. OM DU INTE GODK\u00c4NNER DESSA VILLKOR, ANV\u00c4ND INTE TJ\u00c4NSTERNA SOM TILLHANDAH\u00c5LLS AV PORTAL MOBILE. Portal Mobile, en plattform dedikerad till att marknadsf\u00f6ra inneh\u00e5ll om karri\u00e4rer, apprecensioner och teknik, hanteras av det ansvariga teamet, representerat som &quot;vi&quot;... <a class=\"more-link\" href=\"https:\/\/portalmobile.com.br\/sv\/terms\/\">Forts\u00e4tt l\u00e4sa <span class=\"screen-reader-text\">Villkor<\/span><\/a><\/p>","protected":false},"author":2,"featured_media":0,"parent":0,"menu_order":0,"comment_status":"closed","ping_status":"closed","template":"","meta":{"footnotes":""},"yoast_head":"<!-- This site is optimized with the Yoast SEO plugin v23.3 - https:\/\/yoast.com\/wordpress\/plugins\/seo\/ -->\n<title>Termos - Portal Mobile<\/title>\n<meta name=\"description\" content=\"Veja os Termos de Uso do Portal Mobile. Navegue com seguran\u00e7a pelo nosso conte\u00fado, e aprenda coisas novas todos os dias.\" \/>\n<meta name=\"robots\" content=\"index, follow, max-snippet:-1, max-image-preview:large, max-video-preview:-1\" \/>\n<link rel=\"canonical\" href=\"https:\/\/portalmobile.com.br\/sv\/terms\/\" \/>\n<meta property=\"og:locale\" content=\"sv_SE\" \/>\n<meta property=\"og:type\" content=\"article\" \/>\n<meta property=\"og:title\" content=\"Termos - Portal Mobile\" \/>\n<meta property=\"og:description\" content=\"Veja os Termos de Uso do Portal Mobile. Navegue com seguran\u00e7a pelo nosso conte\u00fado, e aprenda coisas novas todos os dias.\" \/>\n<meta property=\"og:url\" content=\"https:\/\/portalmobile.com.br\/sv\/terms\/\" \/>\n<meta property=\"og:site_name\" content=\"Portal Mobile\" \/>\n<meta name=\"twitter:card\" content=\"summary_large_image\" \/>\n<meta name=\"twitter:label1\" content=\"Est. reading time\" \/>\n\t<meta name=\"twitter:data1\" content=\"6 minuter\" \/>\n<script type=\"application\/ld+json\" class=\"yoast-schema-graph\">{\"@context\":\"https:\/\/schema.org\",\"@graph\":[{\"@type\":\"WebPage\",\"@id\":\"https:\/\/portalmobile.com.br\/it\/terms\/\",\"url\":\"https:\/\/portalmobile.com.br\/it\/terms\/\",\"name\":\"Termos - Portal Mobile\",\"isPartOf\":{\"@id\":\"https:\/\/portalmobile.com.br\/#website\"},\"datePublished\":\"2024-02-26T17:31:19+00:00\",\"dateModified\":\"2024-02-26T17:31:19+00:00\",\"description\":\"Veja os Termos de Uso do Portal Mobile. Navegue com seguran\u00e7a pelo nosso conte\u00fado, e aprenda coisas novas todos os dias.\",\"breadcrumb\":{\"@id\":\"https:\/\/portalmobile.com.br\/it\/terms\/#breadcrumb\"},\"inLanguage\":\"sv-SE\",\"potentialAction\":[{\"@type\":\"ReadAction\",\"target\":[\"https:\/\/portalmobile.com.br\/it\/terms\/\"]}]},{\"@type\":\"BreadcrumbList\",\"@id\":\"https:\/\/portalmobile.com.br\/it\/terms\/#breadcrumb\",\"itemListElement\":[{\"@type\":\"ListItem\",\"position\":1,\"name\":\"Home\",\"item\":\"https:\/\/portalmobile.com.br\/\"},{\"@type\":\"ListItem\",\"position\":2,\"name\":\"Termos\"}]},{\"@type\":\"WebSite\",\"@id\":\"https:\/\/portalmobile.com.br\/#website\",\"url\":\"https:\/\/portalmobile.com.br\/\",\"name\":\"Portal Mobile\",\"description\":\"\",\"potentialAction\":[{\"@type\":\"SearchAction\",\"target\":{\"@type\":\"EntryPoint\",\"urlTemplate\":\"https:\/\/portalmobile.com.br\/?s={search_term_string}\"},\"query-input\":\"required name=search_term_string\"}],\"inLanguage\":\"sv-SE\"}]}<\/script>\n<!-- \/ Yoast SEO plugin. -->","yoast_head_json":{"title":"Termos - Portal Mobile","description":"Veja os Termos de Uso do Portal Mobile. Navegue com seguran\u00e7a pelo nosso conte\u00fado, e aprenda coisas novas todos os dias.","robots":{"index":"index","follow":"follow","max-snippet":"max-snippet:-1","max-image-preview":"max-image-preview:large","max-video-preview":"max-video-preview:-1"},"canonical":"https:\/\/portalmobile.com.br\/sv\/terms\/","og_locale":"sv_SE","og_type":"article","og_title":"Termos - Portal Mobile","og_description":"Veja os Termos de Uso do Portal Mobile. Navegue com seguran\u00e7a pelo nosso conte\u00fado, e aprenda coisas novas todos os dias.","og_url":"https:\/\/portalmobile.com.br\/sv\/terms\/","og_site_name":"Portal Mobile","twitter_card":"summary_large_image","twitter_misc":{"Est. reading time":"6 minuter"},"schema":{"@context":"https:\/\/schema.org","@graph":[{"@type":"WebPage","@id":"https:\/\/portalmobile.com.br\/it\/terms\/","url":"https:\/\/portalmobile.com.br\/it\/terms\/","name":"Termos - Portal Mobile","isPartOf":{"@id":"https:\/\/portalmobile.com.br\/#website"},"datePublished":"2024-02-26T17:31:19+00:00","dateModified":"2024-02-26T17:31:19+00:00","description":"Veja os Termos de Uso do Portal Mobile. Navegue com seguran\u00e7a pelo nosso conte\u00fado, e aprenda coisas novas todos os dias.","breadcrumb":{"@id":"https:\/\/portalmobile.com.br\/it\/terms\/#breadcrumb"},"inLanguage":"sv-SE","potentialAction":[{"@type":"ReadAction","target":["https:\/\/portalmobile.com.br\/it\/terms\/"]}]},{"@type":"BreadcrumbList","@id":"https:\/\/portalmobile.com.br\/it\/terms\/#breadcrumb","itemListElement":[{"@type":"ListItem","position":1,"name":"Home","item":"https:\/\/portalmobile.com.br\/"},{"@type":"ListItem","position":2,"name":"Termos"}]},{"@type":"WebSite","@id":"https:\/\/portalmobile.com.br\/#website","url":"https:\/\/portalmobile.com.br\/","name":"Portal Mobile","description":"","potentialAction":[{"@type":"SearchAction","target":{"@type":"EntryPoint","urlTemplate":"https:\/\/portalmobile.com.br\/?s={search_term_string}"},"query-input":"required name=search_term_string"}],"inLanguage":"sv-SE"}]}},"_links":{"self":[{"href":"https:\/\/portalmobile.com.br\/sv\/wp-json\/wp\/v2\/pages\/381"}],"collection":[{"href":"https:\/\/portalmobile.com.br\/sv\/wp-json\/wp\/v2\/pages"}],"about":[{"href":"https:\/\/portalmobile.com.br\/sv\/wp-json\/wp\/v2\/types\/page"}],"author":[{"embeddable":true,"href":"https:\/\/portalmobile.com.br\/sv\/wp-json\/wp\/v2\/users\/2"}],"replies":[{"embeddable":true,"href":"https:\/\/portalmobile.com.br\/sv\/wp-json\/wp\/v2\/comments?post=381"}],"version-history":[{"count":0,"href":"https:\/\/portalmobile.com.br\/sv\/wp-json\/wp\/v2\/pages\/381\/revisions"}],"wp:attachment":[{"href":"https:\/\/portalmobile.com.br\/sv\/wp-json\/wp\/v2\/media?parent=381"}],"curies":[{"name":"wp","href":"https:\/\/api.w.org\/{rel}","templated":true}]}}