{"id":384,"date":"2024-02-26T18:03:50","date_gmt":"2024-02-26T18:03:50","guid":{"rendered":"http:\/\/159.65.181.39\/?page_id=384"},"modified":"2026-04-06T22:21:53","modified_gmt":"2026-04-06T22:21:53","slug":"about","status":"publish","type":"page","link":"https:\/\/portalmobile.com.br\/pl\/about\/","title":{"rendered":"O nas"},"content":{"rendered":"<!--advertisement--><div class=\"mx-5 sm:mx-0 sm:text-3xl text-2xl font-medium title-font mb-4 text-gray-900 text-left\">\n<h2 class=\"wp-block-heading\">Witamy w Portalu Mobilnym!<\/h2>\n<\/div><!--advertisement--><div class=\"mx-5 sm:mx-0 sm:text-3xl text-2xl font-medium title-font mb-4 text-gray-900 text-left\">\n<h3 class=\"wp-block-heading\">Wierzymy, \u017ce technologia jest si\u0142\u0105 nap\u0119dow\u0105 transformacji.<\/h3>\n<\/div><div class=\"mx-5 sm:mx-0 prose leading-relaxed text-lg mb-5 text-left wp-paragraph\">\n<p>Niezale\u017cnie od tego, czy chodzi o znalezienie nowej pracy, zapoznanie si\u0119 z innowacyjn\u0105 aplikacj\u0105, czy te\u017c chwil\u0119 rozrywki, technologia otwiera ka\u017cdego dnia nowe drzwi, a my jeste\u015bmy tutaj, aby Ci\u0119 przez nie przeprowadzi\u0107.<\/p>\n<\/div><!--advertisement--><div class=\"mx-5 sm:mx-0 sm:text-3xl text-2xl font-medium title-font mb-4 text-gray-900 text-left\">\n<h3 class=\"wp-block-heading\">Kim jeste\u015bmy<\/h3>\n<\/div><div class=\"mx-5 sm:mx-0 prose leading-relaxed text-lg mb-5 text-left wp-paragraph\">\n<p>Portal Mobilny to niezale\u017cna platforma maj\u0105ca na celu zwi\u0119kszenie dost\u0119pno\u015bci i u\u0142atwienie zrozumienia informacji finansowych.<\/p>\n<\/div><div class=\"mx-5 sm:mx-0 prose leading-relaxed text-lg mb-5 text-left wp-paragraph\">\n<p>Nie jeste\u015bmy bankiem, instytucj\u0105 finansow\u0105, ani firm\u0105 kredytow\u0105.<\/p>\n<\/div><div class=\"mx-5 sm:mx-0 prose leading-relaxed text-lg mb-5 text-left wp-paragraph\">\n<p>Naszym celem jest pomoc u\u017cytkownikom w eksplorowaniu i ocenianiu dost\u0119pnych produkt\u00f3w finansowych, takich jak karty kredytowe, po\u017cyczki osobiste i narz\u0119dzia do bud\u017cetowania, poprzez rzetelnie opracowane tre\u015bci i obiektywne analizy.<\/p>\n<\/div><div class=\"mx-5 sm:mx-0 prose leading-relaxed text-lg mb-5 text-left wp-paragraph\">\n<p>Nasz cel jest prosty: zapewni\u0107 ludziom rzeteln\u0105 wiedz\u0119 finansow\u0105.<\/p>\n<\/div><div class=\"mx-5 sm:mx-0 prose leading-relaxed text-lg mb-5 text-left wp-paragraph\">\n<p>&nbsp;Niezale\u017cnie od tego, czy por\u00f3wnujesz opcje kredytowe, szukasz praktycznych wskaz\u00f3wek dotycz\u0105cych zarz\u0105dzania d\u0142ugiem, czy pr\u00f3bujesz zrozumie\u0107, jak dzia\u0142aj\u0105 stopy procentowe, nasz\u0105 misj\u0105 jest dostarczanie jasnych i przydatnych informacji, kt\u00f3re pomog\u0105 Ci podejmowa\u0107 bezpieczniejsze decyzje finansowe.<\/p>\n<\/div><div class=\"mx-5 sm:mx-0 prose leading-relaxed text-lg mb-5 text-left wp-paragraph\">\n<p>Nasz zesp\u00f3\u0142 uwa\u017cnie \u015bledzi trendy finansowe, potrzeby konsument\u00f3w i aktualizacje produkt\u00f3w, aby mie\u0107 pewno\u015b\u0107, \u017ce tre\u015bci s\u0105 istotne i przydatne w codziennym \u017cyciu.<\/p>\n<\/div><div class=\"mx-5 sm:mx-0 prose leading-relaxed text-lg mb-5 text-left wp-paragraph\">\n<p>Wiemy, \u017ce finanse mog\u0105 by\u0107 skomplikowane i staramy si\u0119 upro\u015bci\u0107 te zagadnienia, nie ignoruj\u0105c przy tym zwi\u0105zanych z nimi ryzyk i korzy\u015bci.<\/p>\n<\/div><div class=\"mx-5 sm:mx-0 prose leading-relaxed text-lg mb-5 text-left wp-paragraph\">\n<p>Poza \u015bwiatem finans\u00f3w zajmujemy si\u0119 r\u00f3wnie\u017c tre\u015bciami zwi\u0105zanymi z technologi\u0105, aplikacjami, produktywno\u015bci\u0105, rozrywk\u0105 i grami cyfrowymi, zawsze z takim samym zaanga\u017cowaniem, aby zapewni\u0107 u\u017cytkownikowi przejrzysto\u015b\u0107, u\u017cyteczno\u015b\u0107 i rzetelne informacje.<\/p>\n<\/div><!--advertisement--><div class=\"mx-5 sm:mx-0 sm:text-3xl text-2xl font-medium title-font mb-4 text-gray-900 text-left\">\n<h2 class=\"wp-block-heading\"><strong>Co znajdziesz w Portalu Mobilnym<\/strong><\/h2>\n<\/div><div class=\"mx-5 sm:mx-0 prose leading-relaxed text-lg mb-5 text-left wp-paragraph\">\n<p>Ka\u017cdy artyku\u0142 publikowany w Portalu Mobilnym ma na celu pom\u00f3c czytelnikowi lepiej zrozumie\u0107 obecn\u0105 sytuacj\u0119, zar\u00f3wno finansow\u0105, cyfrow\u0105, jak i rozrywkow\u0105. Robimy to, oferuj\u0105c praktyczne wskaz\u00f3wki, przejrzyste analizy i przejrzyste por\u00f3wnania.<\/p>\n<\/div><div class=\"mx-5 sm:mx-0 prose leading-relaxed text-lg mb-5 text-left wp-paragraph\">\n<p>Oto, czego mo\u017cesz oczekiwa\u0107 od naszej platformy:<\/p>\n<\/div><div class=\"mx-5 sm:mx-0 prose leading-relaxed text-lg mb-5 text-left wp-paragraph\">\n<p>\u2022 <strong>Szczeg\u00f3\u0142owe recenzje produkt\u00f3w:<\/strong> Nasze analizy wykraczaj\u0105 poza podstawy. Wyja\u015bniamy funkcje, op\u0142aty, kryteria kwalifikowalno\u015bci i pokazujemy, dla kogo dany produkt jest najbardziej odpowiedni, a dla kogo nie.<\/p>\n<\/div><div class=\"mx-5 sm:mx-0 prose leading-relaxed text-lg mb-5 text-left wp-paragraph\">\n<p>\u2022 <strong>Praktyczne wskaz\u00f3wki finansowe:<\/strong> Nasze porady dotycz\u0105ce r\u00f3\u017cnych kwestii \u2014 od poprawy Twojej zdolno\u015bci kredytowej po zarz\u0105dzanie p\u0142atno\u015bciami czy wyb\u00f3r najlepszej karty do codziennego u\u017cytku \u2014 oparte s\u0105 na rzeczywistych sytuacjach i nie sk\u0142adaj\u0105 przesadnych obietnic.<\/p>\n<\/div><div class=\"mx-5 sm:mx-0 prose leading-relaxed text-lg mb-5 text-left wp-paragraph\">\n<p>\u2022 <strong>Tre\u015bci edukacyjne:<\/strong> Wierzymy w budowanie wiedzy w perspektywie d\u0142ugoterminowej. Wyja\u015bniamy takie zagadnienia jak stopy procentowe, konsolidacja zad\u0142u\u017cenia i planowanie finansowe, u\u017cywaj\u0105c prostego j\u0119zyka i jasnych przyk\u0142ad\u00f3w.<\/p>\n<\/div><div class=\"mx-5 sm:mx-0 prose leading-relaxed text-lg mb-5 text-left wp-paragraph\">\n<p>\u2022 <strong>Technologia, aplikacje i produktywno\u015b\u0107:<\/strong> Poznajemy narz\u0119dzia cyfrowe, kt\u00f3re pomagaj\u0105 organizowa\u0107 codzienne czynno\u015bci, zwi\u0119ksza\u0107 wydajno\u015b\u0107 i upraszcza\u0107 codzienne zadania, zawsze skupiaj\u0105c si\u0119 na praktycznych zastosowaniach.<\/p>\n<\/div><div class=\"mx-5 sm:mx-0 prose leading-relaxed text-lg mb-5 text-left wp-paragraph\">\n<p>\u2022 <strong>Rozrywka i gry cyfrowe:<\/strong> Zajmujemy si\u0119 r\u00f3wnie\u017c tre\u015bciami zwi\u0105zanymi z rozrywk\u0105, w tym popularnymi platformami, takimi jak Roblox. Znajdziesz tu poradniki, wskaz\u00f3wki i wyja\u015bnienia, jak najlepiej cieszy\u0107 si\u0119 grami, dost\u0119pne zasoby, wirtualn\u0105 gospodark\u0119 i trendy w \u015bwiecie gier, zawsze z informacyjnym i odpowiedzialnym podej\u015bciem.<\/p>\n<\/div><div class=\"mx-5 sm:mx-0 prose leading-relaxed text-lg mb-5 text-left wp-paragraph\">\n<p>\u2022 <strong>Cz\u0119ste aktualizacje:<\/strong> Rynki finansowe, technologiczne i cyfrowe nieustannie si\u0119 zmieniaj\u0105. Monitorujemy wiadomo\u015bci, zmiany i trendy, aby zapewni\u0107 Ci dost\u0119p do aktualnych informacji.<\/p>\n<\/div><div class=\"mx-5 sm:mx-0 prose leading-relaxed text-lg mb-5 text-left wp-paragraph\">\n<p>Naszym celem nie jest m\u00f3wienie Ci, co powiniene\u015b zrobi\u0107, lecz dostarczenie Ci narz\u0119dzi i informacji potrzebnych do podejmowania decyzji w oparciu o to, co ma sens w Twojej rzeczywisto\u015bci, niezale\u017cnie od tego, czy dotyczy to finans\u00f3w, korzystania z technologii czy konsumpcji tre\u015bci cyfrowych.<\/p>\n<\/div><!--advertisement--><div class=\"mx-5 sm:mx-0 sm:text-3xl text-2xl font-medium title-font mb-4 text-gray-900 text-left\">\n<h2 class=\"wp-block-heading\"><strong>Jak pracujemy i utrzymujemy nasz\u0105 niezale\u017cno\u015b\u0107.<\/strong><\/h2>\n<\/div><div class=\"mx-5 sm:mx-0 prose leading-relaxed text-lg mb-5 text-left wp-paragraph\">\n<p>Niezale\u017cno\u015b\u0107 jest jednym z filar\u00f3w naszej dzia\u0142alno\u015bci. Nie sprzedajemy produkt\u00f3w finansowych i nie jeste\u015bmy w \u017caden spos\u00f3b powi\u0105zani z firmami ani instytucjami wymienionymi na stronie internetowej. Oznacza to:<\/p>\n<\/div><div class=\"mx-5 sm:mx-0 prose leading-relaxed text-lg mb-5 text-left wp-paragraph\">\n<p>\u2022 Nie otrzymujemy prowizji ani zach\u0119t za promowanie konkretnych produkt\u00f3w.<br>\u2022 Nasze tre\u015bci oparte s\u0105 na informacjach publicznie dost\u0119pnych i weryfikowalnych w momencie publikacji.<br>\u2022 Zachowujemy ca\u0142kowit\u0105 swobod\u0119 redakcyjn\u0105 w naszych analizach i por\u00f3wnaniach.<\/p>\n<\/div><div class=\"mx-5 sm:mx-0 prose leading-relaxed text-lg mb-5 text-left wp-paragraph\">\n<p>Nasze badania opieraj\u0105 si\u0119 na danych pochodz\u0105cych z bank\u00f3w, platform finansowych i \u017ar\u00f3de\u0142 regulacyjnych.<\/p>\n<\/div><div class=\"mx-5 sm:mx-0 prose leading-relaxed text-lg mb-5 text-left wp-paragraph\">\n<p>Przedstawiaj\u0105c zalety i wady, zawsze staramy si\u0119 zachowa\u0107 r\u00f3wnowag\u0119 i przejrzysto\u015b\u0107, podkre\u015blaj\u0105c korzy\u015bci i potencjalne zagro\u017cenia, kt\u00f3re u\u017cytkownik powinien rozwa\u017cy\u0107.<\/p>\n<\/div><div class=\"mx-5 sm:mx-0 prose leading-relaxed text-lg mb-5 text-left wp-paragraph\">\n<p>Wiemy, \u017ce decyzje finansowe maj\u0105 realne konsekwencje, dlatego uwa\u017camy, \u017ce przejrzysto\u015b\u0107 i jasno\u015b\u0107 s\u0105 podstaw\u0105, dzi\u0119ki kt\u00f3rej mo\u017cesz podejmowa\u0107 \u015bwiadome decyzje.<\/p>\n<\/div><!--advertisement--><div class=\"mx-5 sm:mx-0 sm:text-3xl text-2xl font-medium title-font mb-4 text-gray-900 text-left\">\n<h2 class=\"wp-block-heading\"><strong>Informacja prawna i redakcyjna<\/strong><\/h2>\n<\/div><div class=\"mx-5 sm:mx-0 prose leading-relaxed text-lg mb-5 text-left wp-paragraph\">\n<p>Cho\u0107 staramy si\u0119, aby wszystkie informacje by\u0142y aktualne i dok\u0142adne, nale\u017cy pami\u0119ta\u0107, \u017ce Portal Mobilny nie gwarantuje ci\u0105g\u0142ej dost\u0119pno\u015bci ani utrzymania warunk\u00f3w wymienionych produkt\u00f3w.<\/p>\n<\/div><div class=\"mx-5 sm:mx-0 prose leading-relaxed text-lg mb-5 text-left wp-paragraph\">\n<p>Pami\u0119ta\u0107 o:<\/p>\n<\/div><div class=\"mx-5 sm:mx-0 prose leading-relaxed text-lg mb-5 text-left wp-paragraph\">\n<p>\u2022 Nie oferujemy ani nie sprzedajemy produkt\u00f3w finansowych bezpo\u015brednio. Zapytania nale\u017cy sk\u0142ada\u0107 za po\u015brednictwem oficjalnych kana\u0142\u00f3w dostawc\u00f3w.<br>\u2022 Warunki i dost\u0119pno\u015b\u0107 mog\u0105 ulec zmianie bez powiadomienia.<br>\u2022 Nie ponosimy odpowiedzialno\u015bci za zmiany st\u00f3p procentowych, odsetek, kryteri\u00f3w ani \u015bwiadcze\u0144.<br>\u2022 Zawsze zalecamy sprawdzanie aktualnych informacji z oficjalnych \u017ar\u00f3de\u0142.<br>\u2022 Tre\u015b\u0107 ta nie stanowi spersonalizowanej porady finansowej.<\/p>\n<\/div><div class=\"mx-5 sm:mx-0 prose leading-relaxed text-lg mb-5 text-left wp-paragraph\">\n<p>Korzystaj\u0105c z Portalu Mobilnego, zgadzasz si\u0119, \u017ce ponosisz odpowiedzialno\u015b\u0107 za wykorzystanie przedstawionych informacji i rozumiesz, \u017ce nasza rola ma charakter wy\u0142\u0105cznie informacyjny.<\/p>\n<\/div><div class=\"mx-5 sm:mx-0 prose leading-relaxed text-lg mb-5 text-left wp-paragraph\">\n<p>Je\u015bli masz jakie\u015b pytania, sugestie lub chcesz zaproponowa\u0107 nowe tematy, skontaktuj si\u0119 z nami. <a style=\" color:;\" href=\"https:\/\/portalmobile.com.br\/pl\/contact\/\">Skontaktuj si\u0119 z nami<\/a>Cenimy dialog i d\u0105\u017cymy do tego, by by\u0107 dla Ciebie wiarygodnym \u017ar\u00f3d\u0142em informacji na temat Twojej podr\u00f3\u017cy finansowej i cyfrowej.<\/p>\n<\/div>","protected":false},"excerpt":{"rendered":"<p>Bem-vindo ao Portal Mobile! Acreditamos que a tecnologia \u00e9 um motor de transforma\u00e7\u00e3o. Seja para encontrar um novo emprego, explorar um aplicativo inovador ou curtir um momento de entretenimento, a tecnologia abre portas todos os dias e estamos aqui para gui\u00e1-lo por elas. Quem Somos O Portal Mobile \u00e9 uma plataforma independente dedicada a tornar&hellip; <a class=\"more-link\" href=\"https:\/\/portalmobile.com.br\/pl\/about\/\">Czytaj dalej <span class=\"screen-reader-text\">O nas<\/span><\/a><\/p>","protected":false},"author":2,"featured_media":0,"parent":0,"menu_order":0,"comment_status":"closed","ping_status":"closed","template":"","meta":{"footnotes":""},"yoast_head":"<!-- This site is optimized with the Yoast SEO plugin v23.3 - https:\/\/yoast.com\/wordpress\/plugins\/seo\/ -->\n<title>Sobre n\u00f3s - Portal Mobile<\/title>\n<meta name=\"description\" content=\"Saiba mais sobre como podemos te ajudar a descomplicar quest\u00f5es importantes da sua vida, como finan\u00e7as, carreira e organiza\u00e7\u00e3o pessoal.\" \/>\n<meta name=\"robots\" content=\"index, follow, max-snippet:-1, max-image-preview:large, max-video-preview:-1\" \/>\n<link rel=\"canonical\" href=\"https:\/\/portalmobile.com.br\/pl\/about\/\" \/>\n<meta property=\"og:locale\" content=\"pl_PL\" \/>\n<meta property=\"og:type\" content=\"article\" \/>\n<meta property=\"og:title\" content=\"Sobre n\u00f3s - Portal Mobile\" \/>\n<meta property=\"og:description\" content=\"Saiba mais sobre como podemos te ajudar a descomplicar quest\u00f5es importantes da sua vida, como finan\u00e7as, carreira e organiza\u00e7\u00e3o pessoal.\" \/>\n<meta property=\"og:url\" content=\"https:\/\/portalmobile.com.br\/pl\/about\/\" \/>\n<meta property=\"og:site_name\" content=\"Portal Mobile\" \/>\n<meta property=\"article:modified_time\" content=\"2026-04-06T22:21:53+00:00\" \/>\n<meta name=\"twitter:card\" content=\"summary_large_image\" \/>\n<meta name=\"twitter:label1\" content=\"Est. reading time\" \/>\n\t<meta name=\"twitter:data1\" content=\"5 minut\" \/>\n<script type=\"application\/ld+json\" class=\"yoast-schema-graph\">{\"@context\":\"https:\/\/schema.org\",\"@graph\":[{\"@type\":\"WebPage\",\"@id\":\"https:\/\/portalmobile.com.br\/about\/\",\"url\":\"https:\/\/portalmobile.com.br\/about\/\",\"name\":\"Sobre n\u00f3s - Portal Mobile\",\"isPartOf\":{\"@id\":\"https:\/\/portalmobile.com.br\/#website\"},\"datePublished\":\"2024-02-26T18:03:50+00:00\",\"dateModified\":\"2026-04-06T22:21:53+00:00\",\"description\":\"Saiba mais sobre como podemos te ajudar a descomplicar quest\u00f5es importantes da sua vida, como finan\u00e7as, carreira e organiza\u00e7\u00e3o pessoal.\",\"breadcrumb\":{\"@id\":\"https:\/\/portalmobile.com.br\/about\/#breadcrumb\"},\"inLanguage\":\"pl-PL\",\"potentialAction\":[{\"@type\":\"ReadAction\",\"target\":[\"https:\/\/portalmobile.com.br\/about\/\"]}]},{\"@type\":\"BreadcrumbList\",\"@id\":\"https:\/\/portalmobile.com.br\/about\/#breadcrumb\",\"itemListElement\":[{\"@type\":\"ListItem\",\"position\":1,\"name\":\"Home\",\"item\":\"https:\/\/portalmobile.com.br\/\"},{\"@type\":\"ListItem\",\"position\":2,\"name\":\"Sobre n\u00f3s\"}]},{\"@type\":\"WebSite\",\"@id\":\"https:\/\/portalmobile.com.br\/#website\",\"url\":\"https:\/\/portalmobile.com.br\/\",\"name\":\"Portal Mobile\",\"description\":\"\",\"potentialAction\":[{\"@type\":\"SearchAction\",\"target\":{\"@type\":\"EntryPoint\",\"urlTemplate\":\"https:\/\/portalmobile.com.br\/?s={search_term_string}\"},\"query-input\":\"required name=search_term_string\"}],\"inLanguage\":\"pl-PL\"}]}<\/script>\n<!-- \/ Yoast SEO plugin. -->","yoast_head_json":{"title":"Sobre n\u00f3s - Portal Mobile","description":"Saiba mais sobre como podemos te ajudar a descomplicar quest\u00f5es importantes da sua vida, como finan\u00e7as, carreira e organiza\u00e7\u00e3o pessoal.","robots":{"index":"index","follow":"follow","max-snippet":"max-snippet:-1","max-image-preview":"max-image-preview:large","max-video-preview":"max-video-preview:-1"},"canonical":"https:\/\/portalmobile.com.br\/pl\/about\/","og_locale":"pl_PL","og_type":"article","og_title":"Sobre n\u00f3s - Portal Mobile","og_description":"Saiba mais sobre como podemos te ajudar a descomplicar quest\u00f5es importantes da sua vida, como finan\u00e7as, carreira e organiza\u00e7\u00e3o pessoal.","og_url":"https:\/\/portalmobile.com.br\/pl\/about\/","og_site_name":"Portal Mobile","article_modified_time":"2026-04-06T22:21:53+00:00","twitter_card":"summary_large_image","twitter_misc":{"Est. reading time":"5 minut"},"schema":{"@context":"https:\/\/schema.org","@graph":[{"@type":"WebPage","@id":"https:\/\/portalmobile.com.br\/about\/","url":"https:\/\/portalmobile.com.br\/about\/","name":"Sobre n\u00f3s - Portal Mobile","isPartOf":{"@id":"https:\/\/portalmobile.com.br\/#website"},"datePublished":"2024-02-26T18:03:50+00:00","dateModified":"2026-04-06T22:21:53+00:00","description":"Saiba mais sobre como podemos te ajudar a descomplicar quest\u00f5es importantes da sua vida, como finan\u00e7as, carreira e organiza\u00e7\u00e3o pessoal.","breadcrumb":{"@id":"https:\/\/portalmobile.com.br\/about\/#breadcrumb"},"inLanguage":"pl-PL","potentialAction":[{"@type":"ReadAction","target":["https:\/\/portalmobile.com.br\/about\/"]}]},{"@type":"BreadcrumbList","@id":"https:\/\/portalmobile.com.br\/about\/#breadcrumb","itemListElement":[{"@type":"ListItem","position":1,"name":"Home","item":"https:\/\/portalmobile.com.br\/"},{"@type":"ListItem","position":2,"name":"Sobre n\u00f3s"}]},{"@type":"WebSite","@id":"https:\/\/portalmobile.com.br\/#website","url":"https:\/\/portalmobile.com.br\/","name":"Portal Mobile","description":"","potentialAction":[{"@type":"SearchAction","target":{"@type":"EntryPoint","urlTemplate":"https:\/\/portalmobile.com.br\/?s={search_term_string}"},"query-input":"required name=search_term_string"}],"inLanguage":"pl-PL"}]}},"_links":{"self":[{"href":"https:\/\/portalmobile.com.br\/pl\/wp-json\/wp\/v2\/pages\/384"}],"collection":[{"href":"https:\/\/portalmobile.com.br\/pl\/wp-json\/wp\/v2\/pages"}],"about":[{"href":"https:\/\/portalmobile.com.br\/pl\/wp-json\/wp\/v2\/types\/page"}],"author":[{"embeddable":true,"href":"https:\/\/portalmobile.com.br\/pl\/wp-json\/wp\/v2\/users\/2"}],"replies":[{"embeddable":true,"href":"https:\/\/portalmobile.com.br\/pl\/wp-json\/wp\/v2\/comments?post=384"}],"version-history":[{"count":4,"href":"https:\/\/portalmobile.com.br\/pl\/wp-json\/wp\/v2\/pages\/384\/revisions"}],"predecessor-version":[{"id":4531,"href":"https:\/\/portalmobile.com.br\/pl\/wp-json\/wp\/v2\/pages\/384\/revisions\/4531"}],"wp:attachment":[{"href":"https:\/\/portalmobile.com.br\/pl\/wp-json\/wp\/v2\/media?parent=384"}],"curies":[{"name":"wp","href":"https:\/\/api.w.org\/{rel}","templated":true}]}}