{"id":381,"date":"2024-02-26T17:31:19","date_gmt":"2024-02-26T17:31:19","guid":{"rendered":"http:\/\/159.65.181.39\/?page_id=381"},"modified":"2024-02-26T17:31:19","modified_gmt":"2024-02-26T17:31:19","slug":"terms","status":"publish","type":"page","link":"https:\/\/portalmobile.com.br\/pl\/terms\/","title":{"rendered":"Warunki"},"content":{"rendered":"<div class=\"mx-5 sm:mx-0 prose leading-relaxed text-lg mb-5 text-left wp-paragraph\">\n<p>Informacje zaktualizowano 23 lutego 2024 r.<\/p>\n<\/div><div class=\"mx-5 sm:mx-0 prose leading-relaxed text-lg mb-5 text-left wp-paragraph\">\n<p><strong>PROSIMY O UWA\u017bNE PRZECZYTANIE NASZYCH WARUNK\u00d3W KORZYSTANIA. JE\u015aLI NIE ZGADZASZ SI\u0118 Z TYMI WARUNKAMI, NIE KORZYSTAJ Z US\u0141UG \u015aWIADCZONYCH PRZEZ PORTAL MOBILE.<\/strong><\/p>\n<\/div><div class=\"mx-5 sm:mx-0 prose leading-relaxed text-lg mb-5 text-left wp-paragraph\">\n<p>Portalem Mobilnym, platform\u0105 przeznaczon\u0105 do promowania tre\u015bci dotycz\u0105cych kariery, recenzji aplikacji i technologii, zarz\u0105dza zesp\u00f3\u0142 odpowiedzialny, w tym konkretnym przypadku zwany \u201emy\u201d.<\/p>\n<\/div><div class=\"mx-5 sm:mx-0 prose leading-relaxed text-lg mb-5 text-left wp-paragraph\">\n<p>Dost\u0119p do tej strony internetowej i korzystanie z niej podlegaj\u0105 warunkom, zasadom i zasadom opisanym w niniejszym dokumencie. Uzyskuj\u0105c dost\u0119p do strony internetowej, u\u017cytkownik akceptuje wszystkie postanowienia zawarte w niniejszym dokumencie.<\/p>\n<\/div><div class=\"mx-5 sm:mx-0 prose leading-relaxed text-lg mb-5 text-left wp-paragraph\">\n<p>Zesp\u00f3\u0142 Portal Mobile zastrzega sobie prawo do zmiany niniejszego regulaminu w dowolnym momencie, bez uprzedniego powiadomienia. Zmiany te zostan\u0105 opublikowane na stronie internetowej i zaczn\u0105 obowi\u0105zywa\u0107 natychmiast. U\u017cytkownicy ponosz\u0105 wy\u0142\u0105czn\u0105 odpowiedzialno\u015b\u0107 za swoje zachowanie na stronie internetowej, a Portal Mobile nie ponosi odpowiedzialno\u015bci za jakiekolwiek szkody lub straty poniesione przez u\u017cytkownika lub osoby trzecie.<\/p>\n<\/div><div class=\"mx-5 sm:mx-0 prose leading-relaxed text-lg mb-5 text-left wp-paragraph\">\n<p>U\u017cytkownikom zabrania si\u0119 publikowania tre\u015bci o charakterze bezprawnym, znies\u0142awiaj\u0105cym, obscenicznym lub naruszaj\u0105cym prawa os\u00f3b trzecich, wykorzystywania witryny internetowej w celach komercyjnych lub zak\u0142\u00f3cania jej funkcjonowania lub oferowanych us\u0142ug.<\/p>\n<\/div><div class=\"mx-5 sm:mx-0 prose leading-relaxed text-lg mb-5 text-left wp-paragraph\">\n<p>Portal Mobilny gromadzi i wykorzystuje dane osobowe u\u017cytkownik\u00f3w w celu identyfikacji, rejestracji i \u015bwiadczenia us\u0142ug, zgodnie ze szczeg\u00f3\u0142owymi informacjami zawartymi w naszej Polityce Prywatno\u015bci. Uzyskuj\u0105c dost\u0119p do Portalu Mobilnego i korzystaj\u0105c z niego, u\u017cytkownik akceptuje warunki okre\u015blone w niniejszym dokumencie. W przypadku braku zgody nale\u017cy powstrzyma\u0107 si\u0119 od korzystania ze strony internetowej.<\/p>\n<\/div><!--advertisement--><div class=\"mx-5 sm:mx-0 sm:text-3xl text-2xl font-medium title-font mb-4 text-gray-900 text-left\">\n<h2 class=\"wp-block-heading\"><strong>Sekcja I \u2013 Przyj\u0119cie<\/strong><\/h2>\n<\/div><div class=\"mx-5 sm:mx-0 prose leading-relaxed text-lg mb-5 text-left wp-paragraph\">\n<p>Podczas przegl\u0105dania tre\u015bci i korzystania z us\u0142ug oferowanych na stronie internetowej Portalu Mobilnego, u\u017cytkownik zobowi\u0105zany jest do spe\u0142nienia nast\u0119puj\u0105cych warunk\u00f3w: akceptacji Og\u00f3lnych Warunk\u00f3w Korzystania i Polityki Prywatno\u015bci, a tak\u017ce uko\u0144czenia 18 lat i posiadania pe\u0142nej zdolno\u015bci do czynno\u015bci prawnych.&nbsp;<\/p>\n<\/div><div class=\"mx-5 sm:mx-0 prose leading-relaxed text-lg mb-5 text-left wp-paragraph\">\n<p><strong>Je\u017celi nie spe\u0142niasz tych wymaga\u0144, zaleca si\u0119, aby u\u017cytkownik powstrzyma\u0142 si\u0119 od uzyskiwania dost\u0119pu do witryny Portal Mobile oraz korzystania z us\u0142ug \u015bwiadczonych za jej po\u015brednictwem.<\/strong><\/p>\n<\/div><!--advertisement--><div class=\"mx-5 sm:mx-0 sm:text-3xl text-2xl font-medium title-font mb-4 text-gray-900 text-left\">\n<h2 class=\"wp-block-heading\"><strong>Sekcja II \u2013 Metody kontaktu<\/strong><\/h2>\n<\/div><div class=\"mx-5 sm:mx-0 prose leading-relaxed text-lg mb-5 text-left wp-paragraph\">\n<p>Aby nawi\u0105za\u0107 kontakt, u\u017cytkownicy mog\u0105 skorzysta\u0107 z formularza na stronie internetowej, dost\u0119pnego za po\u015brednictwem podanego linku. Nasz zesp\u00f3\u0142 wsparcia jest do dyspozycji, aby odpowiedzie\u0107 na pytania, rozwi\u0105za\u0107 problemy i przyj\u0105\u0107 opinie.<\/p>\n<\/div><!--advertisement--><div class=\"mx-5 sm:mx-0 sm:text-3xl text-2xl font-medium title-font mb-4 text-gray-900 text-left\">\n<h2 class=\"wp-block-heading\"><strong>Rozdzia\u0142 III \u2013 Wzajemna odpowiedzialno\u015b\u0107<\/strong><\/h2>\n<\/div><div class=\"mx-5 sm:mx-0 prose leading-relaxed text-lg mb-5 text-left wp-paragraph\">\n<p>Korzystaj\u0105c z us\u0142ug Portalu Mobilnego, u\u017cytkownik potwierdza, \u017ce zapozna\u0142 si\u0119, zrozumia\u0142 i zaakceptowa\u0142 Regulamin oraz Polityk\u0119 Prywatno\u015bci. Strona internetowa zawiera linki do stron zewn\u0119trznych, ale nie ponosi odpowiedzialno\u015bci za zasady ani warunki korzystania z tych stron.&nbsp;<\/p>\n<\/div><div class=\"mx-5 sm:mx-0 prose leading-relaxed text-lg mb-5 text-left wp-paragraph\">\n<p><strong>Zaleca si\u0119, aby u\u017cytkownik zapozna\u0142 si\u0119 z regulaminem i polityk\u0105 tych platform przed dokonaniem jakiejkolwiek transakcji.<\/strong><\/p>\n<\/div><div class=\"mx-5 sm:mx-0 prose leading-relaxed text-lg mb-5 text-left wp-paragraph\">\n<p>Nie ponosimy odpowiedzialno\u015bci za szkody spowodowane wirusami lub z\u0142o\u015bliwym oprogramowaniem uzyskanym podczas przegl\u0105dania stron internetowych lub przesy\u0142ania danych online. Zalecamy u\u017cytkownikom podj\u0119cie \u015brodk\u00f3w ostro\u017cno\u015bci w celu ochrony swoich system\u00f3w, takich jak korzystanie z aktualnego oprogramowania antywirusowego i zapory sieciowej. Nie ponosimy r\u00f3wnie\u017c odpowiedzialno\u015bci za szkody wynikaj\u0105ce z niew\u0142a\u015bciwego korzystania ze strony internetowej lub zdarze\u0144 pozostaj\u0105cych poza nasz\u0105 kontrol\u0105.<\/p>\n<\/div><div class=\"mx-5 sm:mx-0 prose leading-relaxed text-lg mb-5 text-left wp-paragraph\">\n<p><strong>Nie wymagamy wp\u0142at ani przelew\u00f3w bankowych do zatwierdzenia lub udzielenia produkt\u00f3w finansowych. Takie pro\u015bby nale\u017cy traktowa\u0107 z ostro\u017cno\u015bci\u0105, poniewa\u017c mog\u0105 by\u0107 pr\u00f3bami oszustwa. Nie wysy\u0142amy wiadomo\u015bci e-mail z pro\u015bb\u0105 o podanie danych osobowych lub rejestracyjnych.<\/strong><\/p>\n<\/div><div class=\"mx-5 sm:mx-0 prose leading-relaxed text-lg mb-5 text-left wp-paragraph\">\n<p>Je\u017celi otrzymaj\u0105 Pa\u0144stwo tego typu wiadomo\u015bci, prosimy o natychmiastowy kontakt z nami.<\/p>\n<\/div><!--advertisement--><div class=\"mx-5 sm:mx-0 sm:text-3xl text-2xl font-medium title-font mb-4 text-gray-900 text-left\">\n<h2 class=\"wp-block-heading\"><strong>Sekcja IV \u2013 Warunki korzystania i ograniczenia<\/strong><\/h2>\n<\/div><div class=\"mx-5 sm:mx-0 prose leading-relaxed text-lg mb-5 text-left wp-paragraph\">\n<p>Aby uzyska\u0107 dost\u0119p do naszych us\u0142ug i tre\u015bci oraz z nich korzysta\u0107, u\u017cytkownik musi przestrzega\u0107 ustalonych warunk\u00f3w i ogranicze\u0144, w tym legalnego korzystania z us\u0142ug, przestrzegania prawa, poszanowania w\u0142asno\u015bci intelektualnej, etycznego zachowania, prawdziwo\u015bci informacji, bezpiecze\u0144stwa, poszanowania prywatno\u015bci, unikania dzia\u0142a\u0144 niezgodnych z prawem lub szkodliwych, niew\u0142a\u015bciwych cel\u00f3w i integralno\u015bci technicznej.&nbsp;<\/p>\n<\/div><div class=\"mx-5 sm:mx-0 prose leading-relaxed text-lg mb-5 text-left wp-paragraph\">\n<p>Portal Mobile zastrzega sobie prawo do zawieszenia dost\u0119pu do naszych us\u0142ug w przypadku naruszenia tych ogranicze\u0144.<\/p>\n<\/div><!--advertisement--><div class=\"mx-5 sm:mx-0 sm:text-3xl text-2xl font-medium title-font mb-4 text-gray-900 text-left\">\n<h2 class=\"wp-block-heading\"><strong>Rozdzia\u0142 V \u2013 Ograniczenia odpowiedzialno\u015bci i gwarancje<\/strong><\/h2>\n<\/div><div class=\"mx-5 sm:mx-0 prose leading-relaxed text-lg mb-5 text-left wp-paragraph\">\n<p>Portal Mobile \u015bwiadczy swoje us\u0142ugi bez udzielania jakichkolwiek gwarancji. U\u017cytkownik przyjmuje do wiadomo\u015bci, \u017ce korzystanie z us\u0142ug serwisu Portal Mobile mo\u017ce wi\u0105za\u0107 si\u0119 z ryzykiem i ponosi wy\u0142\u0105czn\u0105 odpowiedzialno\u015b\u0107 za wszelkie szkody lub straty wynikaj\u0105ce z korzystania z us\u0142ug.&nbsp;<\/p>\n<\/div><div class=\"mx-5 sm:mx-0 prose leading-relaxed text-lg mb-5 text-left wp-paragraph\">\n<p>Portal Mobile, jego dyrektorzy, pracownicy lub partnerzy nie ponosz\u0105 odpowiedzialno\u015bci za szkody po\u015brednie, przypadkowe, szczeg\u00f3lne lub wynikowe.<\/p>\n<\/div><!--advertisement--><div class=\"mx-5 sm:mx-0 sm:text-3xl text-2xl font-medium title-font mb-4 text-gray-900 text-left\">\n<h2 class=\"wp-block-heading\"><strong>Rozdzia\u0142 VI \u2013 Wa\u017cno\u015b\u0107 i okres ustawowy<\/strong><\/h2>\n<\/div><div class=\"mx-5 sm:mx-0 prose leading-relaxed text-lg mb-5 text-left wp-paragraph\">\n<p>Reklamacje zwi\u0105zane z korzystaniem z Portalu Mobilnego nale\u017cy sk\u0142ada\u0107 w terminie 90 dni od daty zdarzenia b\u0119d\u0105cego podstaw\u0105 reklamacji. Og\u00f3lne Warunki Korzystania z Portalu Mobilnego obowi\u0105zuj\u0105 bezterminowo.<\/p>\n<\/div><!--advertisement--><div class=\"mx-5 sm:mx-0 sm:text-3xl text-2xl font-medium title-font mb-4 text-gray-900 text-left\">\n<h2 class=\"wp-block-heading\"><strong>Rozdzia\u0142 VII \u2013 Ustawodawstwo i miejsce jurysdykcji<\/strong><\/h2>\n<\/div><div class=\"mx-5 sm:mx-0 prose leading-relaxed text-lg mb-5 text-left wp-paragraph\">\n<p>7.1 Og\u00f3lne Warunki Korzystania z Portalu Mobilnego oraz Polityka Prywatno\u015bci podlegaj\u0105 prawu Federacyjnej Republiki Brazylii, w tym Konstytucji Federalnej, Kodeksowi Cywilnemu, Kodeksowi Ochrony Konsument\u00f3w, Og\u00f3lnej Ustawie o Ramach Cywilnych dla Internetu oraz Og\u00f3lnej Ustawie o Ochronie Danych.<\/p>\n<\/div><div class=\"mx-5 sm:mx-0 prose leading-relaxed text-lg mb-5 text-left wp-paragraph\">\n<p>7.2 W przypadku sporu wynikaj\u0105cego z Warunk\u00f3w korzystania lub Polityki prywatno\u015bci, strony zgadzaj\u0105 si\u0119 podlega\u0107 wy\u0142\u0105cznie prawu brazylijskiemu.<\/p>\n<\/div><!--advertisement--><div class=\"mx-5 sm:mx-0 sm:text-3xl text-2xl font-medium title-font mb-4 text-gray-900 text-left\">\n<h2 class=\"wp-block-heading\"><strong>Rozdzia\u0142 VIII \u2013 Tre\u015b\u0107 i prawa intelektualne<\/strong><\/h2>\n<\/div><div class=\"mx-5 sm:mx-0 prose leading-relaxed text-lg mb-5 text-left wp-paragraph\">\n<p>Wszystkie materia\u0142y dost\u0119pne w Portalu Mobilnym, w tym teksty, obrazy, filmy i inne zasoby, s\u0105 w\u0142asno\u015bci\u0105 firmy i jej wsp\u00f3\u0142pracownik\u00f3w i s\u0105 chronione prawami autorskimi oraz przepisami dotycz\u0105cymi w\u0142asno\u015bci intelektualnej.&nbsp;<\/p>\n<\/div><div class=\"mx-5 sm:mx-0 prose leading-relaxed text-lg mb-5 text-left wp-paragraph\">\n<p>Jakiekolwiek powielanie, zmiana, dystrybucja, wy\u015bwietlanie lub tworzenie prac pochodnych na podstawie tej tre\u015bci bez wyra\u017anej zgody Portal Mobile jest surowo zabronione.<\/p>\n<\/div><div class=\"mx-5 sm:mx-0 prose leading-relaxed text-lg mb-5 text-left wp-paragraph\">\n<p>Portal Mobile nie ponosi odpowiedzialno\u015bci za tre\u015bci generowane przez osoby trzecie, takie jak komentarze i posty na forach lub w mediach spo\u0142eczno\u015bciowych. Ponadto, nie ponosi odpowiedzialno\u015bci za jakiekolwiek szkody wynikaj\u0105ce z korzystania ze strony internetowej, zar\u00f3wno bezpo\u015brednie, po\u015brednie, przypadkowe, jak i wt\u00f3rne.&nbsp;<\/p>\n<\/div><div class=\"mx-5 sm:mx-0 prose leading-relaxed text-lg mb-5 text-left wp-paragraph\">\n<p>Firma zastrzega sobie prawo do usuwania tre\u015bci naruszaj\u0105cych niniejsze warunki, w szczeg\u00f3lno\u015bci tych uznanych za niezgodne z prawem, obra\u017aliwe, znies\u0142awiaj\u0105ce lub naruszaj\u0105ce prawa os\u00f3b trzecich, a tak\u017ce mo\u017ce zamkn\u0105\u0107 konta u\u017cytkownik\u00f3w, kt\u00f3rzy nie przestrzegaj\u0105 niniejszych warunk\u00f3w.<\/p>\n<\/div><!--advertisement--><div class=\"mx-5 sm:mx-0 sm:text-3xl text-2xl font-medium title-font mb-4 text-gray-900 text-left\">\n<h2 class=\"wp-block-heading\"><strong>Sekcja IX \u2013 Zmiany w Warunkach<\/strong><\/h2>\n<\/div><div class=\"mx-5 sm:mx-0 prose leading-relaxed text-lg mb-5 text-left wp-paragraph\">\n<p>Us\u0142ugi oferowane przez Portal Mobilny mog\u0105 ulec zmianie lub zosta\u0107 zawieszone w dowolnym momencie bez uprzedniego powiadomienia. Portal nie ponosi odpowiedzialno\u015bci wobec u\u017cytkownik\u00f3w ani os\u00f3b trzecich za takie zmiany.&nbsp;<\/p>\n<\/div><div class=\"mx-5 sm:mx-0 prose leading-relaxed text-lg mb-5 text-left wp-paragraph\">\n<p>Akceptacja niniejszego Regulaminu stanowi nieodwo\u0142alny warunek korzystania ze strony internetowej Portalu Mobilnego. U\u017cytkownicy, kt\u00f3rzy nie akceptuj\u0105 niniejszego Regulaminu, powinni powstrzyma\u0107 si\u0119 od korzystania ze strony internetowej.<\/p>\n<\/div><!--advertisement--><div class=\"mx-5 sm:mx-0 sm:text-3xl text-2xl font-medium title-font mb-4 text-gray-900 text-left\">\n<h2 class=\"wp-block-heading\"><strong>Sekcja X \u2013 Obs\u0142uga klienta<\/strong><\/h2>\n<\/div><div class=\"mx-5 sm:mx-0 prose leading-relaxed text-lg mb-5 text-left wp-paragraph\">\n<p>Je\u015bli u\u017cytkownik ma sugestie lub skargi dotycz\u0105ce tre\u015bci i us\u0142ug serwisu Portal Mobile, zalecamy kontakt z naszym zespo\u0142em za po\u015brednictwem poczty elektronicznej pod adresem contato@portalmobile.com<\/p>\n<\/div>","protected":false},"excerpt":{"rendered":"<p>Informacje zaktualizowano 23 lutego 2024 r. PROSIMY O UWA\u017bNE PRZECZYTANIE NASZYCH WARUNK\u00d3W KORZYSTANIA. JE\u015aLI NIE ZGADZASZ SI\u0118 Z TYMI WARUNKAMI, NIE KORZYSTAJ Z US\u0141UG \u015aWIADCZONYCH PRZEZ PORTAL MOBILE. Portal Mobile, platforma dedykowana promowaniu tre\u015bci o karierze, recenzjach aplikacji i technologii, jest zarz\u0105dzana przez zesp\u00f3\u0142 odpowiedzialny, reprezentowany jako \u201emy\u201d... <a class=\"more-link\" href=\"https:\/\/portalmobile.com.br\/pl\/terms\/\">Czytaj dalej <span class=\"screen-reader-text\">Warunki<\/span><\/a><\/p>","protected":false},"author":2,"featured_media":0,"parent":0,"menu_order":0,"comment_status":"closed","ping_status":"closed","template":"","meta":{"footnotes":""},"yoast_head":"<!-- This site is optimized with the Yoast SEO plugin v23.3 - https:\/\/yoast.com\/wordpress\/plugins\/seo\/ -->\n<title>Termos - Portal Mobile<\/title>\n<meta name=\"description\" content=\"Veja os Termos de Uso do Portal Mobile. Navegue com seguran\u00e7a pelo nosso conte\u00fado, e aprenda coisas novas todos os dias.\" \/>\n<meta name=\"robots\" content=\"index, follow, max-snippet:-1, max-image-preview:large, max-video-preview:-1\" \/>\n<link rel=\"canonical\" href=\"https:\/\/portalmobile.com.br\/pl\/terms\/\" \/>\n<meta property=\"og:locale\" content=\"pl_PL\" \/>\n<meta property=\"og:type\" content=\"article\" \/>\n<meta property=\"og:title\" content=\"Termos - Portal Mobile\" \/>\n<meta property=\"og:description\" content=\"Veja os Termos de Uso do Portal Mobile. Navegue com seguran\u00e7a pelo nosso conte\u00fado, e aprenda coisas novas todos os dias.\" \/>\n<meta property=\"og:url\" content=\"https:\/\/portalmobile.com.br\/pl\/terms\/\" \/>\n<meta property=\"og:site_name\" content=\"Portal Mobile\" \/>\n<meta name=\"twitter:card\" content=\"summary_large_image\" \/>\n<meta name=\"twitter:label1\" content=\"Est. reading time\" \/>\n\t<meta name=\"twitter:data1\" content=\"6 minut\" \/>\n<script type=\"application\/ld+json\" class=\"yoast-schema-graph\">{\"@context\":\"https:\/\/schema.org\",\"@graph\":[{\"@type\":\"WebPage\",\"@id\":\"https:\/\/portalmobile.com.br\/it\/terms\/\",\"url\":\"https:\/\/portalmobile.com.br\/it\/terms\/\",\"name\":\"Termos - Portal Mobile\",\"isPartOf\":{\"@id\":\"https:\/\/portalmobile.com.br\/#website\"},\"datePublished\":\"2024-02-26T17:31:19+00:00\",\"dateModified\":\"2024-02-26T17:31:19+00:00\",\"description\":\"Veja os Termos de Uso do Portal Mobile. Navegue com seguran\u00e7a pelo nosso conte\u00fado, e aprenda coisas novas todos os dias.\",\"breadcrumb\":{\"@id\":\"https:\/\/portalmobile.com.br\/it\/terms\/#breadcrumb\"},\"inLanguage\":\"pl-PL\",\"potentialAction\":[{\"@type\":\"ReadAction\",\"target\":[\"https:\/\/portalmobile.com.br\/it\/terms\/\"]}]},{\"@type\":\"BreadcrumbList\",\"@id\":\"https:\/\/portalmobile.com.br\/it\/terms\/#breadcrumb\",\"itemListElement\":[{\"@type\":\"ListItem\",\"position\":1,\"name\":\"Home\",\"item\":\"https:\/\/portalmobile.com.br\/\"},{\"@type\":\"ListItem\",\"position\":2,\"name\":\"Termos\"}]},{\"@type\":\"WebSite\",\"@id\":\"https:\/\/portalmobile.com.br\/#website\",\"url\":\"https:\/\/portalmobile.com.br\/\",\"name\":\"Portal Mobile\",\"description\":\"\",\"potentialAction\":[{\"@type\":\"SearchAction\",\"target\":{\"@type\":\"EntryPoint\",\"urlTemplate\":\"https:\/\/portalmobile.com.br\/?s={search_term_string}\"},\"query-input\":\"required name=search_term_string\"}],\"inLanguage\":\"pl-PL\"}]}<\/script>\n<!-- \/ Yoast SEO plugin. -->","yoast_head_json":{"title":"Termos - Portal Mobile","description":"Veja os Termos de Uso do Portal Mobile. Navegue com seguran\u00e7a pelo nosso conte\u00fado, e aprenda coisas novas todos os dias.","robots":{"index":"index","follow":"follow","max-snippet":"max-snippet:-1","max-image-preview":"max-image-preview:large","max-video-preview":"max-video-preview:-1"},"canonical":"https:\/\/portalmobile.com.br\/pl\/terms\/","og_locale":"pl_PL","og_type":"article","og_title":"Termos - Portal Mobile","og_description":"Veja os Termos de Uso do Portal Mobile. Navegue com seguran\u00e7a pelo nosso conte\u00fado, e aprenda coisas novas todos os dias.","og_url":"https:\/\/portalmobile.com.br\/pl\/terms\/","og_site_name":"Portal Mobile","twitter_card":"summary_large_image","twitter_misc":{"Est. reading time":"6 minut"},"schema":{"@context":"https:\/\/schema.org","@graph":[{"@type":"WebPage","@id":"https:\/\/portalmobile.com.br\/it\/terms\/","url":"https:\/\/portalmobile.com.br\/it\/terms\/","name":"Termos - Portal Mobile","isPartOf":{"@id":"https:\/\/portalmobile.com.br\/#website"},"datePublished":"2024-02-26T17:31:19+00:00","dateModified":"2024-02-26T17:31:19+00:00","description":"Veja os Termos de Uso do Portal Mobile. Navegue com seguran\u00e7a pelo nosso conte\u00fado, e aprenda coisas novas todos os dias.","breadcrumb":{"@id":"https:\/\/portalmobile.com.br\/it\/terms\/#breadcrumb"},"inLanguage":"pl-PL","potentialAction":[{"@type":"ReadAction","target":["https:\/\/portalmobile.com.br\/it\/terms\/"]}]},{"@type":"BreadcrumbList","@id":"https:\/\/portalmobile.com.br\/it\/terms\/#breadcrumb","itemListElement":[{"@type":"ListItem","position":1,"name":"Home","item":"https:\/\/portalmobile.com.br\/"},{"@type":"ListItem","position":2,"name":"Termos"}]},{"@type":"WebSite","@id":"https:\/\/portalmobile.com.br\/#website","url":"https:\/\/portalmobile.com.br\/","name":"Portal Mobile","description":"","potentialAction":[{"@type":"SearchAction","target":{"@type":"EntryPoint","urlTemplate":"https:\/\/portalmobile.com.br\/?s={search_term_string}"},"query-input":"required name=search_term_string"}],"inLanguage":"pl-PL"}]}},"_links":{"self":[{"href":"https:\/\/portalmobile.com.br\/pl\/wp-json\/wp\/v2\/pages\/381"}],"collection":[{"href":"https:\/\/portalmobile.com.br\/pl\/wp-json\/wp\/v2\/pages"}],"about":[{"href":"https:\/\/portalmobile.com.br\/pl\/wp-json\/wp\/v2\/types\/page"}],"author":[{"embeddable":true,"href":"https:\/\/portalmobile.com.br\/pl\/wp-json\/wp\/v2\/users\/2"}],"replies":[{"embeddable":true,"href":"https:\/\/portalmobile.com.br\/pl\/wp-json\/wp\/v2\/comments?post=381"}],"version-history":[{"count":0,"href":"https:\/\/portalmobile.com.br\/pl\/wp-json\/wp\/v2\/pages\/381\/revisions"}],"wp:attachment":[{"href":"https:\/\/portalmobile.com.br\/pl\/wp-json\/wp\/v2\/media?parent=381"}],"curies":[{"name":"wp","href":"https:\/\/api.w.org\/{rel}","templated":true}]}}