{"id":384,"date":"2024-02-26T18:03:50","date_gmt":"2024-02-26T18:03:50","guid":{"rendered":"http:\/\/159.65.181.39\/?page_id=384"},"modified":"2026-04-06T22:21:53","modified_gmt":"2026-04-06T22:21:53","slug":"about","status":"publish","type":"page","link":"https:\/\/portalmobile.com.br\/nl\/about\/","title":{"rendered":"Over ons"},"content":{"rendered":"<!--advertisement--><div class=\"mx-5 sm:mx-0 sm:text-3xl text-2xl font-medium title-font mb-4 text-gray-900 text-left\">\n<h2 class=\"wp-block-heading\">Welkom bij het mobiele portaal!<\/h2>\n<\/div><!--advertisement--><div class=\"mx-5 sm:mx-0 sm:text-3xl text-2xl font-medium title-font mb-4 text-gray-900 text-left\">\n<h3 class=\"wp-block-heading\">Wij geloven dat technologie de drijvende kracht is achter transformatie.<\/h3>\n<\/div><div class=\"mx-5 sm:mx-0 prose leading-relaxed text-lg mb-5 text-left wp-paragraph\">\n<p>Of het nu gaat om het vinden van een nieuwe baan, het ontdekken van een innovatieve app of het genieten van een moment van ontspanning, technologie opent elke dag deuren en wij zijn er om u daarbij te begeleiden.<\/p>\n<\/div><!--advertisement--><div class=\"mx-5 sm:mx-0 sm:text-3xl text-2xl font-medium title-font mb-4 text-gray-900 text-left\">\n<h3 class=\"wp-block-heading\">Wie we zijn<\/h3>\n<\/div><div class=\"mx-5 sm:mx-0 prose leading-relaxed text-lg mb-5 text-left wp-paragraph\">\n<p>Het mobiele portaal is een onafhankelijk platform dat tot doel heeft financi\u00eble informatie toegankelijker en begrijpelijker te maken.<\/p>\n<\/div><div class=\"mx-5 sm:mx-0 prose leading-relaxed text-lg mb-5 text-left wp-paragraph\">\n<p>Wij zijn geen bank, financi\u00eble instelling of kredietmaatschappij.<\/p>\n<\/div><div class=\"mx-5 sm:mx-0 prose leading-relaxed text-lg mb-5 text-left wp-paragraph\">\n<p>Onze focus ligt op het helpen van gebruikers bij het verkennen en evalueren van beschikbare financi\u00eble producten, zoals creditcards, persoonlijke leningen en budgetteringstools, door middel van goed onderzochte content en onpartijdige analyses.<\/p>\n<\/div><div class=\"mx-5 sm:mx-0 prose leading-relaxed text-lg mb-5 text-left wp-paragraph\">\n<p>Ons doel is simpel: mensen voorzien van betrouwbare financi\u00eble kennis.<\/p>\n<\/div><div class=\"mx-5 sm:mx-0 prose leading-relaxed text-lg mb-5 text-left wp-paragraph\">\n<p>&nbsp;Of het nu gaat om het vergelijken van kredietopties, het zoeken naar praktisch advies voor het beheren van schulden, of het begrijpen van rentetarieven, onze missie is om duidelijke en nuttige informatie te verstrekken ter ondersteuning van veiligere financi\u00eble beslissingen.<\/p>\n<\/div><div class=\"mx-5 sm:mx-0 prose leading-relaxed text-lg mb-5 text-left wp-paragraph\">\n<p>Ons team volgt de financi\u00eble trends, de behoeften van de consument en productupdates nauwlettend om ervoor te zorgen dat de inhoud relevant en toepasbaar is in het dagelijks leven.<\/p>\n<\/div><div class=\"mx-5 sm:mx-0 prose leading-relaxed text-lg mb-5 text-left wp-paragraph\">\n<p>We weten dat financi\u00ebn complex kunnen zijn, en we zetten ons in om deze onderwerpen te vereenvoudigen zonder de risico&#039;s en voordelen uit het oog te verliezen.<\/p>\n<\/div><div class=\"mx-5 sm:mx-0 prose leading-relaxed text-lg mb-5 text-left wp-paragraph\">\n<p>Buiten de financi\u00eble wereld verkennen we ook content gerelateerd aan technologie, apps, productiviteit, entertainment en digitale games, altijd met dezelfde toewijding aan helderheid, bruikbaarheid en betrouwbare informatie voor de gebruiker.<\/p>\n<\/div><!--advertisement--><div class=\"mx-5 sm:mx-0 sm:text-3xl text-2xl font-medium title-font mb-4 text-gray-900 text-left\">\n<h2 class=\"wp-block-heading\"><strong>Wat u op het mobiele portaal vindt<\/strong><\/h2>\n<\/div><div class=\"mx-5 sm:mx-0 prose leading-relaxed text-lg mb-5 text-left wp-paragraph\">\n<p>Elk artikel dat op het mobiele portaal wordt gepubliceerd, is bedoeld om de lezer te helpen de huidige situatie beter te begrijpen, of het nu gaat om financi\u00ebn, digitale technologie of entertainment. We doen dit door praktische richtlijnen, transparante analyses en duidelijke vergelijkingen te bieden.<\/p>\n<\/div><div class=\"mx-5 sm:mx-0 prose leading-relaxed text-lg mb-5 text-left wp-paragraph\">\n<p>Dit kunt u van ons platform verwachten:<\/p>\n<\/div><div class=\"mx-5 sm:mx-0 prose leading-relaxed text-lg mb-5 text-left wp-paragraph\">\n<p>\u2022 <strong>Gedetailleerde productrecensies:<\/strong> Onze analyses gaan verder dan de basisprincipes. We leggen de kenmerken, kosten en toelatingscriteria uit en laten zien voor wie elk product het meest geschikt is en voor wie niet.<\/p>\n<\/div><div class=\"mx-5 sm:mx-0 prose leading-relaxed text-lg mb-5 text-left wp-paragraph\">\n<p>\u2022 <strong>Praktische financi\u00eble tips:<\/strong> Van het verbeteren van uw kredietscore tot het beheren van betalingen of het kiezen van de beste kaart voor dagelijks gebruik: ons advies is gebaseerd op praktijksituaties, zonder overdreven beloftes.<\/p>\n<\/div><div class=\"mx-5 sm:mx-0 prose leading-relaxed text-lg mb-5 text-left wp-paragraph\">\n<p>\u2022 <strong>Educatieve inhoud:<\/strong> Wij geloven in het opbouwen van kennis op de lange termijn. We leggen onderwerpen zoals rentetarieven, schuldconsolidatie en financi\u00eble planning uit in eenvoudige taal en met duidelijke voorbeelden.<\/p>\n<\/div><div class=\"mx-5 sm:mx-0 prose leading-relaxed text-lg mb-5 text-left wp-paragraph\">\n<p>\u2022 <strong>Technologie, apps en productiviteit:<\/strong> We onderzoeken digitale hulpmiddelen die helpen bij het organiseren van routines, het verbeteren van de effici\u00ebntie en het vereenvoudigen van dagelijkse taken, waarbij we altijd de nadruk leggen op praktische toepassingen.<\/p>\n<\/div><div class=\"mx-5 sm:mx-0 prose leading-relaxed text-lg mb-5 text-left wp-paragraph\">\n<p>\u2022 <strong>Vermaak en digitale spellen:<\/strong> We behandelen ook entertainmentgerelateerde content, waaronder populaire platforms zoals Roblox. Je vindt er handleidingen, tips en uitleg over hoe je het beste van games kunt genieten, beschikbare hulpmiddelen, de virtuele economie en trends in de gamingwereld, altijd met een informatieve en verantwoorde aanpak.<\/p>\n<\/div><div class=\"mx-5 sm:mx-0 prose leading-relaxed text-lg mb-5 text-left wp-paragraph\">\n<p>\u2022 <strong>Regelmatige updates:<\/strong> De financi\u00eble, technologische en digitale markten zijn voortdurend in beweging. Wij volgen het nieuws, de veranderingen en de trends op de voet om u goed ge\u00efnformeerd te houden.<\/p>\n<\/div><div class=\"mx-5 sm:mx-0 prose leading-relaxed text-lg mb-5 text-left wp-paragraph\">\n<p>Ons doel is niet om u te vertellen wat u moet doen, maar om u de tools en informatie te bieden die u nodig hebt om beslissingen te nemen die passen bij uw persoonlijke situatie, of het nu gaat om financi\u00ebn, technologiegebruik of het consumeren van digitale content.<\/p>\n<\/div><!--advertisement--><div class=\"mx-5 sm:mx-0 sm:text-3xl text-2xl font-medium title-font mb-4 text-gray-900 text-left\">\n<h2 class=\"wp-block-heading\"><strong>Hoe wij werken en onze onafhankelijkheid behouden.<\/strong><\/h2>\n<\/div><div class=\"mx-5 sm:mx-0 prose leading-relaxed text-lg mb-5 text-left wp-paragraph\">\n<p>Onafhankelijkheid is een van de hoekstenen van ons werk. Wij verkopen geen financi\u00eble producten en zijn op geen enkele wijze verbonden aan de bedrijven of instellingen die op de website worden vermeld. Dit betekent:<\/p>\n<\/div><div class=\"mx-5 sm:mx-0 prose leading-relaxed text-lg mb-5 text-left wp-paragraph\">\n<p>\u2022 Wij ontvangen geen commissies of bonussen voor het promoten van specifieke producten.<br>\u2022 Onze inhoud is gebaseerd op openbaar beschikbare en verifieerbare informatie op het moment van publicatie.<br>\u2022 We behouden volledige redactionele vrijheid in onze analyses en vergelijkingen.<\/p>\n<\/div><div class=\"mx-5 sm:mx-0 prose leading-relaxed text-lg mb-5 text-left wp-paragraph\">\n<p>Ons onderzoek is gebaseerd op gegevens van banken, financi\u00eble platformen en regelgevende instanties.<\/p>\n<\/div><div class=\"mx-5 sm:mx-0 prose leading-relaxed text-lg mb-5 text-left wp-paragraph\">\n<p>Bij het presenteren van de voor- en nadelen streven we altijd naar evenwicht en transparantie, waarbij we de voordelen en potenti\u00eble risico&#039;s benadrukken die de gebruiker in overweging moet nemen.<\/p>\n<\/div><div class=\"mx-5 sm:mx-0 prose leading-relaxed text-lg mb-5 text-left wp-paragraph\">\n<p>We weten dat financi\u00eble beslissingen een re\u00eble impact hebben, daarom vinden we transparantie en duidelijkheid essentieel om u te helpen weloverwogen keuzes te maken.<\/p>\n<\/div><!--advertisement--><div class=\"mx-5 sm:mx-0 sm:text-3xl text-2xl font-medium title-font mb-4 text-gray-900 text-left\">\n<h2 class=\"wp-block-heading\"><strong>Juridische en redactionele kennisgeving<\/strong><\/h2>\n<\/div><div class=\"mx-5 sm:mx-0 prose leading-relaxed text-lg mb-5 text-left wp-paragraph\">\n<p>Hoewel we ernaar streven alle informatie actueel en nauwkeurig te houden, is het belangrijk te benadrukken dat het mobiele portaal geen garantie biedt voor de continue beschikbaarheid of het behoud van de staat van de genoemde producten.<\/p>\n<\/div><div class=\"mx-5 sm:mx-0 prose leading-relaxed text-lg mb-5 text-left wp-paragraph\">\n<p>Houd rekening met het volgende:<\/p>\n<\/div><div class=\"mx-5 sm:mx-0 prose leading-relaxed text-lg mb-5 text-left wp-paragraph\">\n<p>\u2022 Wij bieden geen financi\u00eble producten rechtstreeks aan of verkopen deze niet. Aanvragen dienen via de offici\u00eble kanalen van de aanbieders te worden ingediend.<br>\u2022 Voorwaarden en beschikbaarheid kunnen zonder voorafgaande kennisgeving worden gewijzigd.<br>\u2022 Wij zijn niet verantwoordelijk voor wijzigingen in tarieven, rente, criteria of voordelen.<br>\u2022 We raden altijd aan om actuele informatie te raadplegen via offici\u00eble bronnen.<br>\u2022 Deze inhoud vormt geen persoonlijk financieel advies.<\/p>\n<\/div><div class=\"mx-5 sm:mx-0 prose leading-relaxed text-lg mb-5 text-left wp-paragraph\">\n<p>Door gebruik te maken van het mobiele portaal, gaat u ermee akkoord dat u verantwoordelijk bent voor het gebruik van de gepresenteerde informatie en begrijpt u dat onze rol uitsluitend informatief is.<\/p>\n<\/div><div class=\"mx-5 sm:mx-0 prose leading-relaxed text-lg mb-5 text-left wp-paragraph\">\n<p>Heeft u vragen, suggesties of wilt u nieuwe onderwerpen voorstellen? Neem dan contact met ons op. <a style=\" color:;\" href=\"https:\/\/portalmobile.com.br\/nl\/contact\/\">Neem contact met ons op<\/a>Wij hechten waarde aan dialoog en streven ernaar een betrouwbare partner te zijn tijdens uw financi\u00eble en digitale reis.<\/p>\n<\/div>","protected":false},"excerpt":{"rendered":"<p>Bem-vindo ao Portal Mobile! Acreditamos que a tecnologia \u00e9 um motor de transforma\u00e7\u00e3o. Seja para encontrar um novo emprego, explorar um aplicativo inovador ou curtir um momento de entretenimento, a tecnologia abre portas todos os dias e estamos aqui para gui\u00e1-lo por elas. Quem Somos O Portal Mobile \u00e9 uma plataforma independente dedicada a tornar&hellip; <a class=\"more-link\" href=\"https:\/\/portalmobile.com.br\/nl\/about\/\">Lees verder <span class=\"screen-reader-text\">Over ons<\/span><\/a><\/p>","protected":false},"author":2,"featured_media":0,"parent":0,"menu_order":0,"comment_status":"closed","ping_status":"closed","template":"","meta":{"footnotes":""},"yoast_head":"<!-- This site is optimized with the Yoast SEO plugin v23.3 - https:\/\/yoast.com\/wordpress\/plugins\/seo\/ -->\n<title>Sobre n\u00f3s - Portal Mobile<\/title>\n<meta name=\"description\" content=\"Saiba mais sobre como podemos te ajudar a descomplicar quest\u00f5es importantes da sua vida, como finan\u00e7as, carreira e organiza\u00e7\u00e3o pessoal.\" \/>\n<meta name=\"robots\" content=\"index, follow, max-snippet:-1, max-image-preview:large, max-video-preview:-1\" \/>\n<link rel=\"canonical\" href=\"https:\/\/portalmobile.com.br\/nl\/about\/\" \/>\n<meta property=\"og:locale\" content=\"nl_NL\" \/>\n<meta property=\"og:type\" content=\"article\" \/>\n<meta property=\"og:title\" content=\"Sobre n\u00f3s - Portal Mobile\" \/>\n<meta property=\"og:description\" content=\"Saiba mais sobre como podemos te ajudar a descomplicar quest\u00f5es importantes da sua vida, como finan\u00e7as, carreira e organiza\u00e7\u00e3o pessoal.\" \/>\n<meta property=\"og:url\" content=\"https:\/\/portalmobile.com.br\/nl\/about\/\" \/>\n<meta property=\"og:site_name\" content=\"Portal Mobile\" \/>\n<meta property=\"article:modified_time\" content=\"2026-04-06T22:21:53+00:00\" \/>\n<meta name=\"twitter:card\" content=\"summary_large_image\" \/>\n<meta name=\"twitter:label1\" content=\"Est. reading time\" \/>\n\t<meta name=\"twitter:data1\" content=\"5 minuten\" \/>\n<script type=\"application\/ld+json\" class=\"yoast-schema-graph\">{\"@context\":\"https:\/\/schema.org\",\"@graph\":[{\"@type\":\"WebPage\",\"@id\":\"https:\/\/portalmobile.com.br\/about\/\",\"url\":\"https:\/\/portalmobile.com.br\/about\/\",\"name\":\"Sobre n\u00f3s - Portal Mobile\",\"isPartOf\":{\"@id\":\"https:\/\/portalmobile.com.br\/#website\"},\"datePublished\":\"2024-02-26T18:03:50+00:00\",\"dateModified\":\"2026-04-06T22:21:53+00:00\",\"description\":\"Saiba mais sobre como podemos te ajudar a descomplicar quest\u00f5es importantes da sua vida, como finan\u00e7as, carreira e organiza\u00e7\u00e3o pessoal.\",\"breadcrumb\":{\"@id\":\"https:\/\/portalmobile.com.br\/about\/#breadcrumb\"},\"inLanguage\":\"nl\",\"potentialAction\":[{\"@type\":\"ReadAction\",\"target\":[\"https:\/\/portalmobile.com.br\/about\/\"]}]},{\"@type\":\"BreadcrumbList\",\"@id\":\"https:\/\/portalmobile.com.br\/about\/#breadcrumb\",\"itemListElement\":[{\"@type\":\"ListItem\",\"position\":1,\"name\":\"Home\",\"item\":\"https:\/\/portalmobile.com.br\/\"},{\"@type\":\"ListItem\",\"position\":2,\"name\":\"Sobre n\u00f3s\"}]},{\"@type\":\"WebSite\",\"@id\":\"https:\/\/portalmobile.com.br\/#website\",\"url\":\"https:\/\/portalmobile.com.br\/\",\"name\":\"Portal Mobile\",\"description\":\"\",\"potentialAction\":[{\"@type\":\"SearchAction\",\"target\":{\"@type\":\"EntryPoint\",\"urlTemplate\":\"https:\/\/portalmobile.com.br\/?s={search_term_string}\"},\"query-input\":\"required name=search_term_string\"}],\"inLanguage\":\"nl\"}]}<\/script>\n<!-- \/ Yoast SEO plugin. -->","yoast_head_json":{"title":"Sobre n\u00f3s - Portal Mobile","description":"Saiba mais sobre como podemos te ajudar a descomplicar quest\u00f5es importantes da sua vida, como finan\u00e7as, carreira e organiza\u00e7\u00e3o pessoal.","robots":{"index":"index","follow":"follow","max-snippet":"max-snippet:-1","max-image-preview":"max-image-preview:large","max-video-preview":"max-video-preview:-1"},"canonical":"https:\/\/portalmobile.com.br\/nl\/about\/","og_locale":"nl_NL","og_type":"article","og_title":"Sobre n\u00f3s - Portal Mobile","og_description":"Saiba mais sobre como podemos te ajudar a descomplicar quest\u00f5es importantes da sua vida, como finan\u00e7as, carreira e organiza\u00e7\u00e3o pessoal.","og_url":"https:\/\/portalmobile.com.br\/nl\/about\/","og_site_name":"Portal Mobile","article_modified_time":"2026-04-06T22:21:53+00:00","twitter_card":"summary_large_image","twitter_misc":{"Est. reading time":"5 minuten"},"schema":{"@context":"https:\/\/schema.org","@graph":[{"@type":"WebPage","@id":"https:\/\/portalmobile.com.br\/about\/","url":"https:\/\/portalmobile.com.br\/about\/","name":"Sobre n\u00f3s - Portal Mobile","isPartOf":{"@id":"https:\/\/portalmobile.com.br\/#website"},"datePublished":"2024-02-26T18:03:50+00:00","dateModified":"2026-04-06T22:21:53+00:00","description":"Saiba mais sobre como podemos te ajudar a descomplicar quest\u00f5es importantes da sua vida, como finan\u00e7as, carreira e organiza\u00e7\u00e3o pessoal.","breadcrumb":{"@id":"https:\/\/portalmobile.com.br\/about\/#breadcrumb"},"inLanguage":"nl","potentialAction":[{"@type":"ReadAction","target":["https:\/\/portalmobile.com.br\/about\/"]}]},{"@type":"BreadcrumbList","@id":"https:\/\/portalmobile.com.br\/about\/#breadcrumb","itemListElement":[{"@type":"ListItem","position":1,"name":"Home","item":"https:\/\/portalmobile.com.br\/"},{"@type":"ListItem","position":2,"name":"Sobre n\u00f3s"}]},{"@type":"WebSite","@id":"https:\/\/portalmobile.com.br\/#website","url":"https:\/\/portalmobile.com.br\/","name":"Portal Mobile","description":"","potentialAction":[{"@type":"SearchAction","target":{"@type":"EntryPoint","urlTemplate":"https:\/\/portalmobile.com.br\/?s={search_term_string}"},"query-input":"required name=search_term_string"}],"inLanguage":"nl"}]}},"_links":{"self":[{"href":"https:\/\/portalmobile.com.br\/nl\/wp-json\/wp\/v2\/pages\/384"}],"collection":[{"href":"https:\/\/portalmobile.com.br\/nl\/wp-json\/wp\/v2\/pages"}],"about":[{"href":"https:\/\/portalmobile.com.br\/nl\/wp-json\/wp\/v2\/types\/page"}],"author":[{"embeddable":true,"href":"https:\/\/portalmobile.com.br\/nl\/wp-json\/wp\/v2\/users\/2"}],"replies":[{"embeddable":true,"href":"https:\/\/portalmobile.com.br\/nl\/wp-json\/wp\/v2\/comments?post=384"}],"version-history":[{"count":4,"href":"https:\/\/portalmobile.com.br\/nl\/wp-json\/wp\/v2\/pages\/384\/revisions"}],"predecessor-version":[{"id":4531,"href":"https:\/\/portalmobile.com.br\/nl\/wp-json\/wp\/v2\/pages\/384\/revisions\/4531"}],"wp:attachment":[{"href":"https:\/\/portalmobile.com.br\/nl\/wp-json\/wp\/v2\/media?parent=384"}],"curies":[{"name":"wp","href":"https:\/\/api.w.org\/{rel}","templated":true}]}}