{"id":384,"date":"2024-02-26T18:03:50","date_gmt":"2024-02-26T18:03:50","guid":{"rendered":"http:\/\/159.65.181.39\/?page_id=384"},"modified":"2026-04-06T22:21:53","modified_gmt":"2026-04-06T22:21:53","slug":"about","status":"publish","type":"page","link":"https:\/\/portalmobile.com.br\/nb\/about\/","title":{"rendered":"Om oss"},"content":{"rendered":"<!--advertisement--><div class=\"mx-5 sm:mx-0 sm:text-3xl text-2xl font-medium title-font mb-4 text-gray-900 text-left\">\n<h2 class=\"wp-block-heading\">Velkommen til mobilportalen!<\/h2>\n<\/div><!--advertisement--><div class=\"mx-5 sm:mx-0 sm:text-3xl text-2xl font-medium title-font mb-4 text-gray-900 text-left\">\n<h3 class=\"wp-block-heading\">Vi tror at teknologi er en drivkraft for transformasjon.<\/h3>\n<\/div><div class=\"mx-5 sm:mx-0 prose leading-relaxed text-lg mb-5 text-left wp-paragraph\">\n<p>Enten det er \u00e5 finne en ny jobb, utforske en innovativ app eller nyte et \u00f8yeblikk med underholdning, \u00e5pner teknologi d\u00f8rer hver dag, og vi er her for \u00e5 veilede deg gjennom dem.<\/p>\n<\/div><!--advertisement--><div class=\"mx-5 sm:mx-0 sm:text-3xl text-2xl font-medium title-font mb-4 text-gray-900 text-left\">\n<h3 class=\"wp-block-heading\">Hvem vi er<\/h3>\n<\/div><div class=\"mx-5 sm:mx-0 prose leading-relaxed text-lg mb-5 text-left wp-paragraph\">\n<p>Mobilportalen er en uavhengig plattform dedikert til \u00e5 gj\u00f8re finansiell informasjon mer tilgjengelig og enklere \u00e5 forst\u00e5.<\/p>\n<\/div><div class=\"mx-5 sm:mx-0 prose leading-relaxed text-lg mb-5 text-left wp-paragraph\">\n<p>Vi er ikke en bank, en finansinstitusjon eller et kredittselskap.<\/p>\n<\/div><div class=\"mx-5 sm:mx-0 prose leading-relaxed text-lg mb-5 text-left wp-paragraph\">\n<p>Fokuset v\u00e5rt er \u00e5 hjelpe brukere med \u00e5 utforske og evaluere tilgjengelige finansielle produkter, som kredittkort, personlige l\u00e5n og budsjetteringsverkt\u00f8y, gjennom godt unders\u00f8kt innhold og objektiv analyse.<\/p>\n<\/div><div class=\"mx-5 sm:mx-0 prose leading-relaxed text-lg mb-5 text-left wp-paragraph\">\n<p>M\u00e5let v\u00e5rt er enkelt: \u00e5 gi folk p\u00e5litelig \u00f8konomisk kunnskap.<\/p>\n<\/div><div class=\"mx-5 sm:mx-0 prose leading-relaxed text-lg mb-5 text-left wp-paragraph\">\n<p>&nbsp;Enten vi sammenligner kredittalternativer, s\u00f8ker praktisk veiledning for gjeldsh\u00e5ndtering eller pr\u00f8ver \u00e5 forst\u00e5 hvordan renter fungerer, er v\u00e5rt oppdrag \u00e5 tilby tydelig og nyttig informasjon for \u00e5 st\u00f8tte tryggere \u00f8konomiske beslutninger.<\/p>\n<\/div><div class=\"mx-5 sm:mx-0 prose leading-relaxed text-lg mb-5 text-left wp-paragraph\">\n<p>Teamet v\u00e5rt f\u00f8lger n\u00f8ye med p\u00e5 \u00f8konomiske trender, forbrukerbehov og produktoppdateringer for \u00e5 sikre at innholdet er relevant og anvendelig i hverdagen.<\/p>\n<\/div><div class=\"mx-5 sm:mx-0 prose leading-relaxed text-lg mb-5 text-left wp-paragraph\">\n<p>Vi vet at finans kan v\u00e6re komplekst, og vi er opptatt av \u00e5 forenkle disse temaene uten \u00e5 ignorere risikoene og fordelene som er involvert.<\/p>\n<\/div><div class=\"mx-5 sm:mx-0 prose leading-relaxed text-lg mb-5 text-left wp-paragraph\">\n<p>Utover finansverdenen utforsker vi ogs\u00e5 innhold relatert til teknologi, apper, produktivitet, underholdning og digitale spill, alltid med samme forpliktelse til klarhet, nytte og p\u00e5litelig informasjon for brukeren.<\/p>\n<\/div><!--advertisement--><div class=\"mx-5 sm:mx-0 sm:text-3xl text-2xl font-medium title-font mb-4 text-gray-900 text-left\">\n<h2 class=\"wp-block-heading\"><strong>Hva du finner p\u00e5 mobilportalen<\/strong><\/h2>\n<\/div><div class=\"mx-5 sm:mx-0 prose leading-relaxed text-lg mb-5 text-left wp-paragraph\">\n<p>Hver artikkel som publiseres p\u00e5 mobilportalen er utformet for \u00e5 hjelpe leseren med \u00e5 bedre forst\u00e5 det n\u00e5v\u00e6rende landskapet, enten det er \u00f8konomisk, digitalt eller underholdningsrelatert. Vi gj\u00f8r dette ved \u00e5 tilby praktisk veiledning, transparent analyse og tydelige sammenligninger.<\/p>\n<\/div><div class=\"mx-5 sm:mx-0 prose leading-relaxed text-lg mb-5 text-left wp-paragraph\">\n<p>Her er hva du kan forvente av plattformen v\u00e5r:<\/p>\n<\/div><div class=\"mx-5 sm:mx-0 prose leading-relaxed text-lg mb-5 text-left wp-paragraph\">\n<p>\u2022 <strong>Detaljerte produktanmeldelser:<\/strong> Analysene v\u00e5re g\u00e5r utover det grunnleggende. Vi forklarer funksjoner, avgifter, kvalifikasjonskriterier og viser hvem hvert produkt passer best for og hvem det ikke er.<\/p>\n<\/div><div class=\"mx-5 sm:mx-0 prose leading-relaxed text-lg mb-5 text-left wp-paragraph\">\n<p>\u2022 <strong>Praktiske \u00f8konomiske tips:<\/strong> Fra \u00e5 forbedre kredittscoren din til \u00e5 administrere betalinger eller velge det beste kortet for daglig bruk, er veiledningen v\u00e5r basert p\u00e5 virkelige situasjoner, uten overdrevne l\u00f8fter.<\/p>\n<\/div><div class=\"mx-5 sm:mx-0 prose leading-relaxed text-lg mb-5 text-left wp-paragraph\">\n<p>\u2022 <strong>Pedagogisk innhold:<\/strong> Vi tror p\u00e5 \u00e5 bygge kunnskap p\u00e5 lang sikt. Vi forklarer emner som renter, gjeldskonsolidering og \u00f8konomisk planlegging ved hjelp av enkelt spr\u00e5k og tydelige eksempler.<\/p>\n<\/div><div class=\"mx-5 sm:mx-0 prose leading-relaxed text-lg mb-5 text-left wp-paragraph\">\n<p>\u2022 <strong>Teknologi, apper og produktivitet:<\/strong> Vi utforsker digitale verkt\u00f8y som bidrar til \u00e5 organisere rutiner, forbedre effektiviteten og forenkle daglige oppgaver, med fokus alltid p\u00e5 praktiske anvendelser.<\/p>\n<\/div><div class=\"mx-5 sm:mx-0 prose leading-relaxed text-lg mb-5 text-left wp-paragraph\">\n<p>\u2022 <strong>Underholdning og digitale spill:<\/strong> Vi dekker ogs\u00e5 underholdningsrelatert innhold, inkludert popul\u00e6re plattformer som Roblox. Du finner guider, tips og forklaringer om hvordan du best kan nyte spill, tilgjengelige ressurser, den virtuelle \u00f8konomien og trender i spillverdenen, alltid med en informativ og ansvarlig tiln\u00e6rming.<\/p>\n<\/div><div class=\"mx-5 sm:mx-0 prose leading-relaxed text-lg mb-5 text-left wp-paragraph\">\n<p>\u2022 <strong>Hyppige oppdateringer:<\/strong> De finansielle, teknologiske og digitale markedene er i stadig endring. Vi overv\u00e5ker nyheter, endringer og trender for \u00e5 holde deg godt informert.<\/p>\n<\/div><div class=\"mx-5 sm:mx-0 prose leading-relaxed text-lg mb-5 text-left wp-paragraph\">\n<p>M\u00e5let v\u00e5rt er ikke \u00e5 fortelle deg hva du b\u00f8r gj\u00f8re, men \u00e5 gi deg verkt\u00f8yene og informasjonen du trenger for \u00e5 ta beslutninger basert p\u00e5 hva som gir mening for din virkelighet, enten det gjelder \u00f8konomi, teknologibruk eller forbruk av digitalt innhold.<\/p>\n<\/div><!--advertisement--><div class=\"mx-5 sm:mx-0 sm:text-3xl text-2xl font-medium title-font mb-4 text-gray-900 text-left\">\n<h2 class=\"wp-block-heading\"><strong>Hvordan vi jobber og opprettholder v\u00e5r uavhengighet.<\/strong><\/h2>\n<\/div><div class=\"mx-5 sm:mx-0 prose leading-relaxed text-lg mb-5 text-left wp-paragraph\">\n<p>Uavhengighet er en av hj\u00f8rnesteinene i arbeidet v\u00e5rt. Vi selger ikke finansielle produkter, og vi har ingen tilknytning til noen selskaper eller institusjoner som er nevnt p\u00e5 nettsiden. Dette betyr:<\/p>\n<\/div><div class=\"mx-5 sm:mx-0 prose leading-relaxed text-lg mb-5 text-left wp-paragraph\">\n<p>\u2022 Vi mottar ikke provisjoner eller insentiver for \u00e5 markedsf\u00f8re spesifikke produkter.<br>\u2022 Innholdet v\u00e5rt er basert p\u00e5 offentlig tilgjengelig og verifiserbar informasjon p\u00e5 publiseringstidspunktet.<br>\u2022 Vi opprettholder full redaksjonell frihet i v\u00e5re analyser og sammenligninger.<\/p>\n<\/div><div class=\"mx-5 sm:mx-0 prose leading-relaxed text-lg mb-5 text-left wp-paragraph\">\n<p>Forskningen v\u00e5r er basert p\u00e5 data fra banker, finansielle plattformer og regulatoriske kilder.<\/p>\n<\/div><div class=\"mx-5 sm:mx-0 prose leading-relaxed text-lg mb-5 text-left wp-paragraph\">\n<p>N\u00e5r vi presenterer fordeler og ulemper, streber vi alltid etter balanse og \u00e5penhet, og fremhever fordeler og potensielle risikoer som brukeren b\u00f8r vurdere.<\/p>\n<\/div><div class=\"mx-5 sm:mx-0 prose leading-relaxed text-lg mb-5 text-left wp-paragraph\">\n<p>Vi vet at \u00f8konomiske beslutninger har en reell innvirkning, s\u00e5 vi mener at \u00e5penhet og klarhet er grunnleggende for \u00e5 hjelpe deg med \u00e5 ta informerte valg.<\/p>\n<\/div><!--advertisement--><div class=\"mx-5 sm:mx-0 sm:text-3xl text-2xl font-medium title-font mb-4 text-gray-900 text-left\">\n<h2 class=\"wp-block-heading\"><strong>Juridisk og redaksjonell merknad<\/strong><\/h2>\n<\/div><div class=\"mx-5 sm:mx-0 prose leading-relaxed text-lg mb-5 text-left wp-paragraph\">\n<p>Selv om vi bestreber oss p\u00e5 \u00e5 holde all informasjon oppdatert og n\u00f8yaktig, er det viktig \u00e5 merke seg at mobilportalen ikke garanterer fortsatt tilgjengelighet eller vedlikehold av betingelsene for de nevnte produktene.<\/p>\n<\/div><div class=\"mx-5 sm:mx-0 prose leading-relaxed text-lg mb-5 text-left wp-paragraph\">\n<p>Husk:<\/p>\n<\/div><div class=\"mx-5 sm:mx-0 prose leading-relaxed text-lg mb-5 text-left wp-paragraph\">\n<p>\u2022 Vi tilbyr eller selger ikke finansielle produkter direkte. Foresp\u00f8rsler b\u00f8r gj\u00f8res gjennom leverand\u00f8renes offisielle kanaler.<br>\u2022 Vilk\u00e5r og tilgjengelighet kan endres uten varsel.<br>\u2022 Vi er ikke ansvarlige for endringer i renter, satser, kriterier eller fordeler.<br>\u2022 Vi anbefaler alltid \u00e5 sjekke oppdatert informasjon fra offisielle kilder.<br>\u2022 Dette innholdet utgj\u00f8r ikke personlig \u00f8konomisk r\u00e5dgivning.<\/p>\n<\/div><div class=\"mx-5 sm:mx-0 prose leading-relaxed text-lg mb-5 text-left wp-paragraph\">\n<p>Ved \u00e5 bruke mobilportalen samtykker du i at du er ansvarlig for bruken av informasjonen som presenteres, og forst\u00e5r at v\u00e5r rolle utelukkende er informativ.<\/p>\n<\/div><div class=\"mx-5 sm:mx-0 prose leading-relaxed text-lg mb-5 text-left wp-paragraph\">\n<p>Hvis du har sp\u00f8rsm\u00e5l, forslag eller \u00f8nsker \u00e5 foresl\u00e5 nye temaer, ta gjerne kontakt med oss. <a style=\" color:;\" href=\"https:\/\/portalmobile.com.br\/nb\/contact\/\">Kontakt oss<\/a>Vi verdsetter dialog og streber etter \u00e5 v\u00e6re en p\u00e5litelig kilde p\u00e5 din \u00f8konomiske og digitale reise.<\/p>\n<\/div>","protected":false},"excerpt":{"rendered":"<p>Bem-vindo ao Portal Mobile! Acreditamos que a tecnologia \u00e9 um motor de transforma\u00e7\u00e3o. Seja para encontrar um novo emprego, explorar um aplicativo inovador ou curtir um momento de entretenimento, a tecnologia abre portas todos os dias e estamos aqui para gui\u00e1-lo por elas. Quem Somos O Portal Mobile \u00e9 uma plataforma independente dedicada a tornar&hellip; <a class=\"more-link\" href=\"https:\/\/portalmobile.com.br\/nb\/about\/\">Fortsett \u00e5 lese <span class=\"screen-reader-text\">Om oss<\/span><\/a><\/p>","protected":false},"author":2,"featured_media":0,"parent":0,"menu_order":0,"comment_status":"closed","ping_status":"closed","template":"","meta":{"footnotes":""},"yoast_head":"<!-- This site is optimized with the Yoast SEO plugin v23.3 - https:\/\/yoast.com\/wordpress\/plugins\/seo\/ -->\n<title>Sobre n\u00f3s - Portal Mobile<\/title>\n<meta name=\"description\" content=\"Saiba mais sobre como podemos te ajudar a descomplicar quest\u00f5es importantes da sua vida, como finan\u00e7as, carreira e organiza\u00e7\u00e3o pessoal.\" \/>\n<meta name=\"robots\" content=\"index, follow, max-snippet:-1, max-image-preview:large, max-video-preview:-1\" \/>\n<link rel=\"canonical\" href=\"https:\/\/portalmobile.com.br\/nb\/about\/\" \/>\n<meta property=\"og:locale\" content=\"nb_NO\" \/>\n<meta property=\"og:type\" content=\"article\" \/>\n<meta property=\"og:title\" content=\"Sobre n\u00f3s - Portal Mobile\" \/>\n<meta property=\"og:description\" content=\"Saiba mais sobre como podemos te ajudar a descomplicar quest\u00f5es importantes da sua vida, como finan\u00e7as, carreira e organiza\u00e7\u00e3o pessoal.\" \/>\n<meta property=\"og:url\" content=\"https:\/\/portalmobile.com.br\/nb\/about\/\" \/>\n<meta property=\"og:site_name\" content=\"Portal Mobile\" \/>\n<meta property=\"article:modified_time\" content=\"2026-04-06T22:21:53+00:00\" \/>\n<meta name=\"twitter:card\" content=\"summary_large_image\" \/>\n<meta name=\"twitter:label1\" content=\"Est. reading time\" \/>\n\t<meta name=\"twitter:data1\" content=\"5 minutter\" \/>\n<script type=\"application\/ld+json\" class=\"yoast-schema-graph\">{\"@context\":\"https:\/\/schema.org\",\"@graph\":[{\"@type\":\"WebPage\",\"@id\":\"https:\/\/portalmobile.com.br\/about\/\",\"url\":\"https:\/\/portalmobile.com.br\/about\/\",\"name\":\"Sobre n\u00f3s - Portal Mobile\",\"isPartOf\":{\"@id\":\"https:\/\/portalmobile.com.br\/#website\"},\"datePublished\":\"2024-02-26T18:03:50+00:00\",\"dateModified\":\"2026-04-06T22:21:53+00:00\",\"description\":\"Saiba mais sobre como podemos te ajudar a descomplicar quest\u00f5es importantes da sua vida, como finan\u00e7as, carreira e organiza\u00e7\u00e3o pessoal.\",\"breadcrumb\":{\"@id\":\"https:\/\/portalmobile.com.br\/about\/#breadcrumb\"},\"inLanguage\":\"nb-NO\",\"potentialAction\":[{\"@type\":\"ReadAction\",\"target\":[\"https:\/\/portalmobile.com.br\/about\/\"]}]},{\"@type\":\"BreadcrumbList\",\"@id\":\"https:\/\/portalmobile.com.br\/about\/#breadcrumb\",\"itemListElement\":[{\"@type\":\"ListItem\",\"position\":1,\"name\":\"Home\",\"item\":\"https:\/\/portalmobile.com.br\/\"},{\"@type\":\"ListItem\",\"position\":2,\"name\":\"Sobre n\u00f3s\"}]},{\"@type\":\"WebSite\",\"@id\":\"https:\/\/portalmobile.com.br\/#website\",\"url\":\"https:\/\/portalmobile.com.br\/\",\"name\":\"Portal Mobile\",\"description\":\"\",\"potentialAction\":[{\"@type\":\"SearchAction\",\"target\":{\"@type\":\"EntryPoint\",\"urlTemplate\":\"https:\/\/portalmobile.com.br\/?s={search_term_string}\"},\"query-input\":\"required name=search_term_string\"}],\"inLanguage\":\"nb-NO\"}]}<\/script>\n<!-- \/ Yoast SEO plugin. -->","yoast_head_json":{"title":"Sobre n\u00f3s - Portal Mobile","description":"Saiba mais sobre como podemos te ajudar a descomplicar quest\u00f5es importantes da sua vida, como finan\u00e7as, carreira e organiza\u00e7\u00e3o pessoal.","robots":{"index":"index","follow":"follow","max-snippet":"max-snippet:-1","max-image-preview":"max-image-preview:large","max-video-preview":"max-video-preview:-1"},"canonical":"https:\/\/portalmobile.com.br\/nb\/about\/","og_locale":"nb_NO","og_type":"article","og_title":"Sobre n\u00f3s - Portal Mobile","og_description":"Saiba mais sobre como podemos te ajudar a descomplicar quest\u00f5es importantes da sua vida, como finan\u00e7as, carreira e organiza\u00e7\u00e3o pessoal.","og_url":"https:\/\/portalmobile.com.br\/nb\/about\/","og_site_name":"Portal Mobile","article_modified_time":"2026-04-06T22:21:53+00:00","twitter_card":"summary_large_image","twitter_misc":{"Est. reading time":"5 minutter"},"schema":{"@context":"https:\/\/schema.org","@graph":[{"@type":"WebPage","@id":"https:\/\/portalmobile.com.br\/about\/","url":"https:\/\/portalmobile.com.br\/about\/","name":"Sobre n\u00f3s - Portal Mobile","isPartOf":{"@id":"https:\/\/portalmobile.com.br\/#website"},"datePublished":"2024-02-26T18:03:50+00:00","dateModified":"2026-04-06T22:21:53+00:00","description":"Saiba mais sobre como podemos te ajudar a descomplicar quest\u00f5es importantes da sua vida, como finan\u00e7as, carreira e organiza\u00e7\u00e3o pessoal.","breadcrumb":{"@id":"https:\/\/portalmobile.com.br\/about\/#breadcrumb"},"inLanguage":"nb-NO","potentialAction":[{"@type":"ReadAction","target":["https:\/\/portalmobile.com.br\/about\/"]}]},{"@type":"BreadcrumbList","@id":"https:\/\/portalmobile.com.br\/about\/#breadcrumb","itemListElement":[{"@type":"ListItem","position":1,"name":"Home","item":"https:\/\/portalmobile.com.br\/"},{"@type":"ListItem","position":2,"name":"Sobre n\u00f3s"}]},{"@type":"WebSite","@id":"https:\/\/portalmobile.com.br\/#website","url":"https:\/\/portalmobile.com.br\/","name":"Portal Mobile","description":"","potentialAction":[{"@type":"SearchAction","target":{"@type":"EntryPoint","urlTemplate":"https:\/\/portalmobile.com.br\/?s={search_term_string}"},"query-input":"required name=search_term_string"}],"inLanguage":"nb-NO"}]}},"_links":{"self":[{"href":"https:\/\/portalmobile.com.br\/nb\/wp-json\/wp\/v2\/pages\/384"}],"collection":[{"href":"https:\/\/portalmobile.com.br\/nb\/wp-json\/wp\/v2\/pages"}],"about":[{"href":"https:\/\/portalmobile.com.br\/nb\/wp-json\/wp\/v2\/types\/page"}],"author":[{"embeddable":true,"href":"https:\/\/portalmobile.com.br\/nb\/wp-json\/wp\/v2\/users\/2"}],"replies":[{"embeddable":true,"href":"https:\/\/portalmobile.com.br\/nb\/wp-json\/wp\/v2\/comments?post=384"}],"version-history":[{"count":4,"href":"https:\/\/portalmobile.com.br\/nb\/wp-json\/wp\/v2\/pages\/384\/revisions"}],"predecessor-version":[{"id":4531,"href":"https:\/\/portalmobile.com.br\/nb\/wp-json\/wp\/v2\/pages\/384\/revisions\/4531"}],"wp:attachment":[{"href":"https:\/\/portalmobile.com.br\/nb\/wp-json\/wp\/v2\/media?parent=384"}],"curies":[{"name":"wp","href":"https:\/\/api.w.org\/{rel}","templated":true}]}}