{"id":381,"date":"2024-02-26T17:31:19","date_gmt":"2024-02-26T17:31:19","guid":{"rendered":"http:\/\/159.65.181.39\/?page_id=381"},"modified":"2024-02-26T17:31:19","modified_gmt":"2024-02-26T17:31:19","slug":"terms","status":"publish","type":"page","link":"https:\/\/portalmobile.com.br\/nb\/terms\/","title":{"rendered":"Vilk\u00e5r"},"content":{"rendered":"<div class=\"mx-5 sm:mx-0 prose leading-relaxed text-lg mb-5 text-left wp-paragraph\">\n<p>Informasjonen ble oppdatert 23. februar 2024.<\/p>\n<\/div><div class=\"mx-5 sm:mx-0 prose leading-relaxed text-lg mb-5 text-left wp-paragraph\">\n<p><strong>LES V\u00c5RE BRUKSVILK\u00c5R N\u00d8YE. HVIS DU IKKE GODTAR DISSE VILK\u00c5RENE, M\u00c5 DU IKKE BRUKE TJENESTENE TILBYS AV PORTAL MOBILE.<\/strong><\/p>\n<\/div><div class=\"mx-5 sm:mx-0 prose leading-relaxed text-lg mb-5 text-left wp-paragraph\">\n<p>Mobilportalen, en plattform dedikert til \u00e5 promotere karriereinnhold, appanmeldelser og teknologi, administreres av det ansvarlige teamet, representert som \u00abvi\u00bb i denne spesifikke situasjonen.<\/p>\n<\/div><div class=\"mx-5 sm:mx-0 prose leading-relaxed text-lg mb-5 text-left wp-paragraph\">\n<p>Tilgang til og bruk av dette nettstedet er underlagt vilk\u00e5rene, betingelsene og retningslinjene som er beskrevet her. Ved \u00e5 g\u00e5 inn p\u00e5 nettstedet godtar brukeren alle bestemmelsene i dette dokumentet.<\/p>\n<\/div><div class=\"mx-5 sm:mx-0 prose leading-relaxed text-lg mb-5 text-left wp-paragraph\">\n<p>Portal Mobile-teamet forbeholder seg retten til \u00e5 endre disse vilk\u00e5rene n\u00e5r som helst, uten forvarsel. Slike endringer vil bli publisert p\u00e5 nettstedet og trer i kraft umiddelbart. Brukere er eneansvarlige for sin oppf\u00f8rsel p\u00e5 nettstedet, og Portal Mobile p\u00e5tar seg intet ansvar for skader eller tap for\u00e5rsaket av brukeren til seg selv eller tredjeparter.<\/p>\n<\/div><div class=\"mx-5 sm:mx-0 prose leading-relaxed text-lg mb-5 text-left wp-paragraph\">\n<p>Brukere har forbud mot \u00e5 legge ut innhold som er ulovlig, \u00e6rekrenkende, obsk\u00f8nt eller som krenker tredjeparters rettigheter, bruke nettstedet til kommersielle form\u00e5l eller forstyrre driften eller tjenestene som tilbys.<\/p>\n<\/div><div class=\"mx-5 sm:mx-0 prose leading-relaxed text-lg mb-5 text-left wp-paragraph\">\n<p>Mobilportalen samler inn og bruker brukernes personopplysninger for identifikasjon, registrering og tjenestelevering, som beskrevet i v\u00e5r personvernerkl\u00e6ring. Ved \u00e5 f\u00e5 tilgang til og bruke mobilportalen godtar brukeren vilk\u00e5rene og betingelsene som er angitt i dette dokumentet. Hvis du ikke samtykker, b\u00f8r du avst\u00e5 fra \u00e5 bruke nettstedet.<\/p>\n<\/div><!--advertisement--><div class=\"mx-5 sm:mx-0 sm:text-3xl text-2xl font-medium title-font mb-4 text-gray-900 text-left\">\n<h2 class=\"wp-block-heading\"><strong>Del I \u2013 Opptak<\/strong><\/h2>\n<\/div><div class=\"mx-5 sm:mx-0 prose leading-relaxed text-lg mb-5 text-left wp-paragraph\">\n<p>N\u00e5r brukeren utforsker innholdet og bruker tjenestene som tilbys p\u00e5 Portal Mobile-nettstedet, er vedkommende underlagt f\u00f8lgende betingelser: aksept av de generelle vilk\u00e5rene for bruk og personvernerkl\u00e6ringen, i tillegg til \u00e5 v\u00e6re minst 18 \u00e5r gammel og ha full sivilrettslig handleevne.&nbsp;<\/p>\n<\/div><div class=\"mx-5 sm:mx-0 prose leading-relaxed text-lg mb-5 text-left wp-paragraph\">\n<p><strong>Hvis du ikke oppfyller disse kravene, anbefales det at brukeren avst\u00e5r fra \u00e5 f\u00e5 tilgang til eller bruke tjenestene som tilbys av Portal Mobile-nettstedet.<\/strong><\/p>\n<\/div><!--advertisement--><div class=\"mx-5 sm:mx-0 sm:text-3xl text-2xl font-medium title-font mb-4 text-gray-900 text-left\">\n<h2 class=\"wp-block-heading\"><strong>Del II \u2013 Kontaktmetoder<\/strong><\/h2>\n<\/div><div class=\"mx-5 sm:mx-0 prose leading-relaxed text-lg mb-5 text-left wp-paragraph\">\n<p>For \u00e5 etablere kommunikasjon kan brukere bruke skjemaet p\u00e5 nettstedet, tilgjengelig via lenken som er oppgitt. V\u00e5rt supportteam er tilgjengelig for \u00e5 svare p\u00e5 sp\u00f8rsm\u00e5l, l\u00f8se problemer eller motta tilbakemeldinger.<\/p>\n<\/div><!--advertisement--><div class=\"mx-5 sm:mx-0 sm:text-3xl text-2xl font-medium title-font mb-4 text-gray-900 text-left\">\n<h2 class=\"wp-block-heading\"><strong>Del III \u2013 Gjensidig ansvar<\/strong><\/h2>\n<\/div><div class=\"mx-5 sm:mx-0 prose leading-relaxed text-lg mb-5 text-left wp-paragraph\">\n<p>Ved \u00e5 bruke Portal Mobile-tjenestene bekrefter brukeren \u00e5 ha lest, forst\u00e5tt og akseptert vilk\u00e5rene for bruk, samt personvernerkl\u00e6ringen. Nettstedet inneholder lenker til eksterne sider, men er ikke ansvarlig for retningslinjene eller vilk\u00e5rene for bruk av disse nettstedene.&nbsp;<\/p>\n<\/div><div class=\"mx-5 sm:mx-0 prose leading-relaxed text-lg mb-5 text-left wp-paragraph\">\n<p><strong>Det anbefales at brukeren leser gjennom vilk\u00e5rene og retningslinjene for disse plattformene f\u00f8r de foretar noen transaksjon.<\/strong><\/p>\n<\/div><div class=\"mx-5 sm:mx-0 prose leading-relaxed text-lg mb-5 text-left wp-paragraph\">\n<p>Vi er ikke ansvarlige for skader som f\u00f8lge av virus eller skadelig programvare som er anskaffet mens du surfer eller overf\u00f8rer data p\u00e5 nettet. Vi anbefaler at brukere tar forholdsregler for \u00e5 beskytte systemene sine, for eksempel \u00e5 bruke oppdatert antivirus- og brannmurprogramvare. Vi er heller ikke ansvarlige for skader som f\u00f8lge av feil bruk av nettstedet eller hendelser utenfor v\u00e5r kontroll.<\/p>\n<\/div><div class=\"mx-5 sm:mx-0 prose leading-relaxed text-lg mb-5 text-left wp-paragraph\">\n<p><strong>Vi krever ikke innskudd eller bankoverf\u00f8ringer for \u00e5 godkjenne eller innvilge finansielle produkter. Slike foresp\u00f8rsler b\u00f8r behandles med forsiktighet, da de kan v\u00e6re svindelfors\u00f8k. Vi sender ikke e-poster som ber om personlig informasjon eller registreringsinformasjon.<\/strong><\/p>\n<\/div><div class=\"mx-5 sm:mx-0 prose leading-relaxed text-lg mb-5 text-left wp-paragraph\">\n<p>Hvis du mottar slik kommunikasjon, vennligst kontakt oss umiddelbart.<\/p>\n<\/div><!--advertisement--><div class=\"mx-5 sm:mx-0 sm:text-3xl text-2xl font-medium title-font mb-4 text-gray-900 text-left\">\n<h2 class=\"wp-block-heading\"><strong>Del IV \u2013 Bruksvilk\u00e5r og begrensninger<\/strong><\/h2>\n<\/div><div class=\"mx-5 sm:mx-0 prose leading-relaxed text-lg mb-5 text-left wp-paragraph\">\n<p>For \u00e5 f\u00e5 tilgang til og bruke tjenestene og innholdet v\u00e5rt, m\u00e5 brukeren f\u00f8lge de etablerte vilk\u00e5rene og restriksjonene, inkludert lovlig bruk av tjenestene, overholdelse av loven, respekt for \u00e5ndsverk, etisk oppf\u00f8rsel, informasjonens sannferdighet, sikkerhet, respekt for personvern, unng\u00e5else av ulovlige eller skadelige aktiviteter, upassende form\u00e5l og teknisk integritet.&nbsp;<\/p>\n<\/div><div class=\"mx-5 sm:mx-0 prose leading-relaxed text-lg mb-5 text-left wp-paragraph\">\n<p>Portal Mobile forbeholder seg retten til \u00e5 suspendere tilgangen til tjenestene v\u00e5re dersom disse restriksjonene brytes.<\/p>\n<\/div><!--advertisement--><div class=\"mx-5 sm:mx-0 sm:text-3xl text-2xl font-medium title-font mb-4 text-gray-900 text-left\">\n<h2 class=\"wp-block-heading\"><strong>Del V \u2013 Ansvarsbegrensninger og garantier<\/strong><\/h2>\n<\/div><div class=\"mx-5 sm:mx-0 prose leading-relaxed text-lg mb-5 text-left wp-paragraph\">\n<p>Portal Mobile tilbyr sine tjenester uten \u00e5 gi noen form for garantier. Brukeren erkjenner at bruk av Portal Mobiles nettstedstjenester kan inneb\u00e6re risiko, og brukeren er eneansvarlig for eventuelle skader eller tap som f\u00f8lge av bruk av tjenestene.&nbsp;<\/p>\n<\/div><div class=\"mx-5 sm:mx-0 prose leading-relaxed text-lg mb-5 text-left wp-paragraph\">\n<p>Portal Mobile, dets direkt\u00f8rer, ansatte eller partnere er ikke ansvarlige for indirekte, tilfeldige, spesielle eller f\u00f8lgeskader.<\/p>\n<\/div><!--advertisement--><div class=\"mx-5 sm:mx-0 sm:text-3xl text-2xl font-medium title-font mb-4 text-gray-900 text-left\">\n<h2 class=\"wp-block-heading\"><strong>Avsnitt VI \u2013 Gyldighet og lovbestemt periode<\/strong><\/h2>\n<\/div><div class=\"mx-5 sm:mx-0 prose leading-relaxed text-lg mb-5 text-left wp-paragraph\">\n<p>Klager knyttet til bruk av Portal Mobile-nettstedet m\u00e5 sendes inn innen 90 dager fra datoen for hendelsen som gir opphav til klagen. De generelle vilk\u00e5rene for bruk av Portal Mobile forblir gyldige p\u00e5 ubestemt tid.<\/p>\n<\/div><!--advertisement--><div class=\"mx-5 sm:mx-0 sm:text-3xl text-2xl font-medium title-font mb-4 text-gray-900 text-left\">\n<h2 class=\"wp-block-heading\"><strong>Avsnitt VII \u2013 Lovgivning og jurisdiksjon<\/strong><\/h2>\n<\/div><div class=\"mx-5 sm:mx-0 prose leading-relaxed text-lg mb-5 text-left wp-paragraph\">\n<p>7.1 De generelle vilk\u00e5rene og betingelsene for bruk av mobilportalen og personvernerkl\u00e6ringen er underlagt lovene i Den f\u00f8derale republikk Brasil, inkludert den f\u00f8derale grunnloven, sivilloven, forbrukervernloven, den generelle loven om sivile rammeverk for internett og den generelle personvernloven.<\/p>\n<\/div><div class=\"mx-5 sm:mx-0 prose leading-relaxed text-lg mb-5 text-left wp-paragraph\">\n<p>7.2 Ved tvist som oppst\u00e5r ang\u00e5ende bruksvilk\u00e5rene eller personvernerkl\u00e6ringen, samtykker partene i \u00e5 utelukkende underkaste seg brasiliansk lov.<\/p>\n<\/div><!--advertisement--><div class=\"mx-5 sm:mx-0 sm:text-3xl text-2xl font-medium title-font mb-4 text-gray-900 text-left\">\n<h2 class=\"wp-block-heading\"><strong>Seksjon VIII \u2013 Innhold og immaterielle rettigheter<\/strong><\/h2>\n<\/div><div class=\"mx-5 sm:mx-0 prose leading-relaxed text-lg mb-5 text-left wp-paragraph\">\n<p>Alt materiale som finnes p\u00e5 mobilportalen, inkludert tekster, bilder, videoer og andre ressurser, tilh\u00f8rer selskapet og dets samarbeidspartnere, og er beskyttet av opphavsrett og regler om immaterielle rettigheter.&nbsp;<\/p>\n<\/div><div class=\"mx-5 sm:mx-0 prose leading-relaxed text-lg mb-5 text-left wp-paragraph\">\n<p>All reproduksjon, endring, distribusjon, visning eller opprettelse av avledede verk fra dette innholdet uten uttrykkelig tillatelse fra Portal Mobile er strengt forbudt.<\/p>\n<\/div><div class=\"mx-5 sm:mx-0 prose leading-relaxed text-lg mb-5 text-left wp-paragraph\">\n<p>Portal Mobile er ikke ansvarlig for innhold generert av tredjeparter, for eksempel kommentarer og innlegg p\u00e5 forum eller sosiale medier. Videre er de ikke ansvarlige for eventuelle skader som f\u00f8lge av bruk av nettstedet, verken direkte, indirekte, tilfeldige eller f\u00f8lgeskader.&nbsp;<\/p>\n<\/div><div class=\"mx-5 sm:mx-0 prose leading-relaxed text-lg mb-5 text-left wp-paragraph\">\n<p>Selskapet forbeholder seg retten til \u00e5 fjerne innhold som bryter med disse vilk\u00e5rene, spesielt innhold som anses som ulovlig, st\u00f8tende, \u00e6rekrenkende eller som krenker tredjeparters rettigheter, og kan ogs\u00e5 avslutte kontoene til brukere som ikke overholder disse vilk\u00e5rene.<\/p>\n<\/div><!--advertisement--><div class=\"mx-5 sm:mx-0 sm:text-3xl text-2xl font-medium title-font mb-4 text-gray-900 text-left\">\n<h2 class=\"wp-block-heading\"><strong>Del IX \u2013 Endringer i vilk\u00e5r og betingelser<\/strong><\/h2>\n<\/div><div class=\"mx-5 sm:mx-0 prose leading-relaxed text-lg mb-5 text-left wp-paragraph\">\n<p>Tjenestene som tilbys av Mobilportalen kan endres eller til og med suspenderes n\u00e5r som helst uten forvarsel. Portalen p\u00e5tar seg intet ansvar overfor brukere eller tredjeparter for slike endringer.&nbsp;<\/p>\n<\/div><div class=\"mx-5 sm:mx-0 prose leading-relaxed text-lg mb-5 text-left wp-paragraph\">\n<p>Aksept av disse vilk\u00e5rene og betingelsene er en ugjenkallelig betingelse for bruk av Portal Mobile-nettstedet. Brukere som ikke godtar disse vilk\u00e5rene, b\u00f8r avst\u00e5 fra \u00e5 bruke nettstedet.<\/p>\n<\/div><!--advertisement--><div class=\"mx-5 sm:mx-0 sm:text-3xl text-2xl font-medium title-font mb-4 text-gray-900 text-left\">\n<h2 class=\"wp-block-heading\"><strong>Del X \u2013 Kundeservice<\/strong><\/h2>\n<\/div><div class=\"mx-5 sm:mx-0 prose leading-relaxed text-lg mb-5 text-left wp-paragraph\">\n<p>Hvis brukeren har forslag eller klager ang\u00e5ende innholdet og tjenestene p\u00e5 Portal Mobile-nettstedet, anbefaler vi at du kontakter teamet v\u00e5rt via e-post p\u00e5 contato@portalmobile.com.<\/p>\n<\/div>","protected":false},"excerpt":{"rendered":"<p>Informasjonen ble oppdatert 23. februar 2024. LES V\u00c5RE BRUKSVILK\u00c5R N\u00d8YE. HVIS DU IKKE GODTAR DISSE VILK\u00c5RENE, M\u00c5 DU IKKE BRUKE TJENESTENE SOM LEVERES AV PORTAL MOBILE. Portal Mobile, en plattform dedikert til \u00e5 markedsf\u00f8re innhold om karrierer, appanmeldelser og teknologi, administreres av det ansvarlige teamet, representert som \u00abvi\u00bb... <a class=\"more-link\" href=\"https:\/\/portalmobile.com.br\/nb\/terms\/\">Fortsett \u00e5 lese <span class=\"screen-reader-text\">Vilk\u00e5r<\/span><\/a><\/p>","protected":false},"author":2,"featured_media":0,"parent":0,"menu_order":0,"comment_status":"closed","ping_status":"closed","template":"","meta":{"footnotes":""},"yoast_head":"<!-- This site is optimized with the Yoast SEO plugin v23.3 - https:\/\/yoast.com\/wordpress\/plugins\/seo\/ -->\n<title>Termos - Portal Mobile<\/title>\n<meta name=\"description\" content=\"Veja os Termos de Uso do Portal Mobile. Navegue com seguran\u00e7a pelo nosso conte\u00fado, e aprenda coisas novas todos os dias.\" \/>\n<meta name=\"robots\" content=\"index, follow, max-snippet:-1, max-image-preview:large, max-video-preview:-1\" \/>\n<link rel=\"canonical\" href=\"https:\/\/portalmobile.com.br\/nb\/terms\/\" \/>\n<meta property=\"og:locale\" content=\"nb_NO\" \/>\n<meta property=\"og:type\" content=\"article\" \/>\n<meta property=\"og:title\" content=\"Termos - Portal Mobile\" \/>\n<meta property=\"og:description\" content=\"Veja os Termos de Uso do Portal Mobile. Navegue com seguran\u00e7a pelo nosso conte\u00fado, e aprenda coisas novas todos os dias.\" \/>\n<meta property=\"og:url\" content=\"https:\/\/portalmobile.com.br\/nb\/terms\/\" \/>\n<meta property=\"og:site_name\" content=\"Portal Mobile\" \/>\n<meta name=\"twitter:card\" content=\"summary_large_image\" \/>\n<meta name=\"twitter:label1\" content=\"Est. reading time\" \/>\n\t<meta name=\"twitter:data1\" content=\"6 minutter\" \/>\n<script type=\"application\/ld+json\" class=\"yoast-schema-graph\">{\"@context\":\"https:\/\/schema.org\",\"@graph\":[{\"@type\":\"WebPage\",\"@id\":\"https:\/\/portalmobile.com.br\/it\/terms\/\",\"url\":\"https:\/\/portalmobile.com.br\/it\/terms\/\",\"name\":\"Termos - Portal Mobile\",\"isPartOf\":{\"@id\":\"https:\/\/portalmobile.com.br\/#website\"},\"datePublished\":\"2024-02-26T17:31:19+00:00\",\"dateModified\":\"2024-02-26T17:31:19+00:00\",\"description\":\"Veja os Termos de Uso do Portal Mobile. Navegue com seguran\u00e7a pelo nosso conte\u00fado, e aprenda coisas novas todos os dias.\",\"breadcrumb\":{\"@id\":\"https:\/\/portalmobile.com.br\/it\/terms\/#breadcrumb\"},\"inLanguage\":\"nb-NO\",\"potentialAction\":[{\"@type\":\"ReadAction\",\"target\":[\"https:\/\/portalmobile.com.br\/it\/terms\/\"]}]},{\"@type\":\"BreadcrumbList\",\"@id\":\"https:\/\/portalmobile.com.br\/it\/terms\/#breadcrumb\",\"itemListElement\":[{\"@type\":\"ListItem\",\"position\":1,\"name\":\"Home\",\"item\":\"https:\/\/portalmobile.com.br\/\"},{\"@type\":\"ListItem\",\"position\":2,\"name\":\"Termos\"}]},{\"@type\":\"WebSite\",\"@id\":\"https:\/\/portalmobile.com.br\/#website\",\"url\":\"https:\/\/portalmobile.com.br\/\",\"name\":\"Portal Mobile\",\"description\":\"\",\"potentialAction\":[{\"@type\":\"SearchAction\",\"target\":{\"@type\":\"EntryPoint\",\"urlTemplate\":\"https:\/\/portalmobile.com.br\/?s={search_term_string}\"},\"query-input\":\"required name=search_term_string\"}],\"inLanguage\":\"nb-NO\"}]}<\/script>\n<!-- \/ Yoast SEO plugin. -->","yoast_head_json":{"title":"Termos - Portal Mobile","description":"Veja os Termos de Uso do Portal Mobile. Navegue com seguran\u00e7a pelo nosso conte\u00fado, e aprenda coisas novas todos os dias.","robots":{"index":"index","follow":"follow","max-snippet":"max-snippet:-1","max-image-preview":"max-image-preview:large","max-video-preview":"max-video-preview:-1"},"canonical":"https:\/\/portalmobile.com.br\/nb\/terms\/","og_locale":"nb_NO","og_type":"article","og_title":"Termos - Portal Mobile","og_description":"Veja os Termos de Uso do Portal Mobile. Navegue com seguran\u00e7a pelo nosso conte\u00fado, e aprenda coisas novas todos os dias.","og_url":"https:\/\/portalmobile.com.br\/nb\/terms\/","og_site_name":"Portal Mobile","twitter_card":"summary_large_image","twitter_misc":{"Est. reading time":"6 minutter"},"schema":{"@context":"https:\/\/schema.org","@graph":[{"@type":"WebPage","@id":"https:\/\/portalmobile.com.br\/it\/terms\/","url":"https:\/\/portalmobile.com.br\/it\/terms\/","name":"Termos - Portal Mobile","isPartOf":{"@id":"https:\/\/portalmobile.com.br\/#website"},"datePublished":"2024-02-26T17:31:19+00:00","dateModified":"2024-02-26T17:31:19+00:00","description":"Veja os Termos de Uso do Portal Mobile. Navegue com seguran\u00e7a pelo nosso conte\u00fado, e aprenda coisas novas todos os dias.","breadcrumb":{"@id":"https:\/\/portalmobile.com.br\/it\/terms\/#breadcrumb"},"inLanguage":"nb-NO","potentialAction":[{"@type":"ReadAction","target":["https:\/\/portalmobile.com.br\/it\/terms\/"]}]},{"@type":"BreadcrumbList","@id":"https:\/\/portalmobile.com.br\/it\/terms\/#breadcrumb","itemListElement":[{"@type":"ListItem","position":1,"name":"Home","item":"https:\/\/portalmobile.com.br\/"},{"@type":"ListItem","position":2,"name":"Termos"}]},{"@type":"WebSite","@id":"https:\/\/portalmobile.com.br\/#website","url":"https:\/\/portalmobile.com.br\/","name":"Portal Mobile","description":"","potentialAction":[{"@type":"SearchAction","target":{"@type":"EntryPoint","urlTemplate":"https:\/\/portalmobile.com.br\/?s={search_term_string}"},"query-input":"required name=search_term_string"}],"inLanguage":"nb-NO"}]}},"_links":{"self":[{"href":"https:\/\/portalmobile.com.br\/nb\/wp-json\/wp\/v2\/pages\/381"}],"collection":[{"href":"https:\/\/portalmobile.com.br\/nb\/wp-json\/wp\/v2\/pages"}],"about":[{"href":"https:\/\/portalmobile.com.br\/nb\/wp-json\/wp\/v2\/types\/page"}],"author":[{"embeddable":true,"href":"https:\/\/portalmobile.com.br\/nb\/wp-json\/wp\/v2\/users\/2"}],"replies":[{"embeddable":true,"href":"https:\/\/portalmobile.com.br\/nb\/wp-json\/wp\/v2\/comments?post=381"}],"version-history":[{"count":0,"href":"https:\/\/portalmobile.com.br\/nb\/wp-json\/wp\/v2\/pages\/381\/revisions"}],"wp:attachment":[{"href":"https:\/\/portalmobile.com.br\/nb\/wp-json\/wp\/v2\/media?parent=381"}],"curies":[{"name":"wp","href":"https:\/\/api.w.org\/{rel}","templated":true}]}}