{"id":384,"date":"2024-02-26T18:03:50","date_gmt":"2024-02-26T18:03:50","guid":{"rendered":"http:\/\/159.65.181.39\/?page_id=384"},"modified":"2026-04-06T22:21:53","modified_gmt":"2026-04-06T22:21:53","slug":"about","status":"publish","type":"page","link":"https:\/\/portalmobile.com.br\/ko\/about\/","title":{"rendered":"\uc6b0\ub9ac\uc5d0 \ub300\ud558\uc5ec"},"content":{"rendered":"<!--advertisement--><div class=\"mx-5 sm:mx-0 sm:text-3xl text-2xl font-medium title-font mb-4 text-gray-900 text-left\">\n<h2 class=\"wp-block-heading\">\ubaa8\ubc14\uc77c \ud3ec\ud138\uc5d0 \uc624\uc2e0 \uac83\uc744 \ud658\uc601\ud569\ub2c8\ub2e4!<\/h2>\n<\/div><!--advertisement--><div class=\"mx-5 sm:mx-0 sm:text-3xl text-2xl font-medium title-font mb-4 text-gray-900 text-left\">\n<h3 class=\"wp-block-heading\">\uc6b0\ub9ac\ub294 \uae30\uc220\uc774 \ubcc0\ud654\uc758 \uc6d0\ub3d9\ub825\uc774\ub77c\uace0 \ubbff\uc2b5\ub2c8\ub2e4.<\/h3>\n<\/div><div class=\"mx-5 sm:mx-0 prose leading-relaxed text-lg mb-5 text-left wp-paragraph\">\n<p>\uc0c8\ub85c\uc6b4 \uc9c1\uc7a5\uc744 \ucc3e\uac70\ub098, \ud601\uc2e0\uc801\uc778 \uc571\uc744 \ud0d0\uc0c9\ud558\uac70\ub098, \uc990\uac70\uc6b4 \uc2dc\uac04\uc744 \ubcf4\ub0b4\ub294 \ub4f1 \uae30\uc220\uc740 \ub9e4\uc77c \uc0c8\ub85c\uc6b4 \uae30\ud68c\ub97c \uc5f4\uc5b4\uc8fc\uba70, \uc800\ud76c\ub294 \uc5ec\ub7ec\ubd84\uc774 \uadf8 \uae30\ud68c\ub97c \uc798 \ud65c\uc6a9\ud560 \uc218 \uc788\ub3c4\ub85d \ub3c4\uc640\ub4dc\ub9ac\uaca0\uc2b5\ub2c8\ub2e4.<\/p>\n<\/div><!--advertisement--><div class=\"mx-5 sm:mx-0 sm:text-3xl text-2xl font-medium title-font mb-4 text-gray-900 text-left\">\n<h3 class=\"wp-block-heading\">\uc6b0\ub9ac\ub294 \ub204\uad6c\uc778\uac00<\/h3>\n<\/div><div class=\"mx-5 sm:mx-0 prose leading-relaxed text-lg mb-5 text-left wp-paragraph\">\n<p>\ubaa8\ubc14\uc77c \ud3ec\ud138\uc740 \uae08\uc735 \uc815\ubcf4\ub97c \ub354\uc6b1 \uc27d\uac8c \uc811\uadfc\ud558\uace0 \uc774\ud574\ud560 \uc218 \uc788\ub3c4\ub85d \ub3d5\uae30 \uc704\ud574 \ub9cc\ub4e4\uc5b4\uc9c4 \ub3c5\ub9bd\uc801\uc778 \ud50c\ub7ab\ud3fc\uc785\ub2c8\ub2e4.<\/p>\n<\/div><div class=\"mx-5 sm:mx-0 prose leading-relaxed text-lg mb-5 text-left wp-paragraph\">\n<p>\uc800\ud76c\ub294 \uc740\ud589, \uae08\uc735\uae30\uad00 \ub610\ub294 \uc2e0\uc6a9 \ud68c\uc0ac\uac00 \uc544\ub2d9\ub2c8\ub2e4.<\/p>\n<\/div><div class=\"mx-5 sm:mx-0 prose leading-relaxed text-lg mb-5 text-left wp-paragraph\">\n<p>\uc800\ud76c\ub294 \ucca0\uc800\ud55c \uc870\uc0ac\uc640 \uac1d\uad00\uc801\uc778 \ubd84\uc11d\uc744 \ud1b5\ud574 \uc0ac\uc6a9\uc790\ub4e4\uc774 \uc2e0\uc6a9\uce74\ub4dc, \uac1c\uc778 \ub300\ucd9c, \uc608\uc0b0 \uad00\ub9ac \ub3c4\uad6c\uc640 \uac19\uc740 \ub2e4\uc591\ud55c \uae08\uc735 \uc0c1\ud488\uc744 \uc0b4\ud3b4\ubcf4\uace0 \ud3c9\uac00\ud560 \uc218 \uc788\ub3c4\ub85d \ub3d5\ub294 \ub370 \uc911\uc810\uc744 \ub450\uace0 \uc788\uc2b5\ub2c8\ub2e4.<\/p>\n<\/div><div class=\"mx-5 sm:mx-0 prose leading-relaxed text-lg mb-5 text-left wp-paragraph\">\n<p>\uc6b0\ub9ac\uc758 \ubaa9\ud45c\ub294 \uac04\ub2e8\ud569\ub2c8\ub2e4. \uc0ac\ub78c\ub4e4\uc5d0\uac8c \uc2e0\ub8b0\ud560 \uc218 \uc788\ub294 \uae08\uc735 \uc9c0\uc2dd\uc744 \uc81c\uacf5\ud558\uc5ec \uadf8\ub4e4\uc758 \uc5ed\ub7c9\uc744 \uac15\ud654\ud558\ub294 \uac83\uc785\ub2c8\ub2e4.<\/p>\n<\/div><div class=\"mx-5 sm:mx-0 prose leading-relaxed text-lg mb-5 text-left wp-paragraph\">\n<p>&nbsp;\uc2e0\uc6a9 \uc0c1\ud488\uc744 \ube44\uad50\ud558\ub4e0, \ubd80\ucc44 \uad00\ub9ac\uc5d0 \ub300\ud55c \uc2e4\uc9c8\uc801\uc778 \uc9c0\uce68\uc744 \ucc3e\ub4e0, \uae08\ub9ac\uac00 \uc5b4\ub5bb\uac8c \uc791\ub3d9\ud558\ub294\uc9c0 \uc774\ud574\ud558\ub824\uace0 \ud558\ub4e0, \uc800\ud76c\uc758 \ubaa9\ud45c\ub294 \ubcf4\ub2e4 \uc548\uc804\ud55c \uc7ac\uc815\uc801 \uacb0\uc815\uc744 \ub0b4\ub9b4 \uc218 \uc788\ub3c4\ub85d \uba85\ud655\ud558\uace0 \uc720\uc6a9\ud55c \uc815\ubcf4\ub97c \uc81c\uacf5\ud558\ub294 \uac83\uc785\ub2c8\ub2e4.<\/p>\n<\/div><div class=\"mx-5 sm:mx-0 prose leading-relaxed text-lg mb-5 text-left wp-paragraph\">\n<p>\uc800\ud76c \ud300\uc740 \ucf58\ud150\uce20\uac00 \uad00\ub828\uc131\uc774 \ub192\uace0 \uc77c\uc0c1\uc0dd\ud65c\uc5d0 \uc801\uc6a9 \uac00\ub2a5\ud55c\uc9c0 \ud655\uc778\ud558\uae30 \uc704\ud574 \uae08\uc735 \ub3d9\ud5a5, \uc18c\ube44\uc790 \uc694\uad6c \ubc0f \uc81c\ud488 \uc5c5\ub370\uc774\ud2b8\ub97c \uba74\ubc00\ud788 \ubaa8\ub2c8\ud130\ub9c1\ud569\ub2c8\ub2e4.<\/p>\n<\/div><div class=\"mx-5 sm:mx-0 prose leading-relaxed text-lg mb-5 text-left wp-paragraph\">\n<p>\uae08\uc735\uc740 \ubcf5\uc7a1\ud560 \uc218 \uc788\ub2e4\ub294 \uac83\uc744 \uc54c\uace0 \uc788\uc73c\uba70, \uad00\ub828\ub41c \uc704\ud5d8\uacfc \uc774\uc810\uc744 \uac04\uacfc\ud558\uc9c0 \uc54a\uc73c\uba74\uc11c \uc774\ub7ec\ud55c \uc8fc\uc81c\ub97c \ub2e8\uc21c\ud654\ud558\uae30 \uc704\ud574 \ub178\ub825\ud558\uace0 \uc788\uc2b5\ub2c8\ub2e4.<\/p>\n<\/div><div class=\"mx-5 sm:mx-0 prose leading-relaxed text-lg mb-5 text-left wp-paragraph\">\n<p>\uae08\uc735 \ubd84\uc57c\ub97c \ub118\uc5b4 \uae30\uc220, \uc571, \uc0dd\uc0b0\uc131, \uc5d4\ud130\ud14c\uc778\uba3c\ud2b8 \ubc0f \ub514\uc9c0\ud138 \uac8c\uc784\uacfc \uad00\ub828\ub41c \ucf58\ud150\uce20\ub3c4 \ub2e4\ub8e8\uba70, \ud56d\uc0c1 \uc0ac\uc6a9\uc790\uc5d0\uac8c \uba85\ud655\ud558\uace0 \uc720\uc6a9\ud558\uba70 \uc2e0\ub8b0\ud560 \uc218 \uc788\ub294 \uc815\ubcf4\ub97c \uc81c\uacf5\ud558\uae30 \uc704\ud574 \ucd5c\uc120\uc744 \ub2e4\ud569\ub2c8\ub2e4.<\/p>\n<\/div><!--advertisement--><div class=\"mx-5 sm:mx-0 sm:text-3xl text-2xl font-medium title-font mb-4 text-gray-900 text-left\">\n<h2 class=\"wp-block-heading\"><strong>\ubaa8\ubc14\uc77c \ud3ec\ud138\uc5d0\uc11c \ucc3e\uc744 \uc218 \uc788\ub294 \ub0b4\uc6a9<\/strong><\/h2>\n<\/div><div class=\"mx-5 sm:mx-0 prose leading-relaxed text-lg mb-5 text-left wp-paragraph\">\n<p>\ubaa8\ubc14\uc77c \ud3ec\ud138\uc5d0 \uac8c\uc2dc\ub418\ub294 \ubaa8\ub4e0 \uae30\uc0ac\ub294 \ub3c5\uc790\uac00 \uae08\uc735, \ub514\uc9c0\ud138 \ub610\ub294 \uc5d4\ud130\ud14c\uc778\uba3c\ud2b8 \ubd84\uc57c\uc758 \ud604\uc7ac \uc0c1\ud669\uc744 \ub354 \uc798 \uc774\ud574\ud560 \uc218 \uc788\ub3c4\ub85d \uad6c\uc131\ub418\uc5c8\uc2b5\ub2c8\ub2e4. \uc774\ub97c \uc704\ud574 \uc2e4\uc9c8\uc801\uc778 \uc9c0\uce68, \ud22c\uba85\ud55c \ubd84\uc11d \ubc0f \uba85\ud655\ud55c \ube44\uad50 \uc790\ub8cc\ub97c \uc81c\uacf5\ud569\ub2c8\ub2e4.<\/p>\n<\/div><div class=\"mx-5 sm:mx-0 prose leading-relaxed text-lg mb-5 text-left wp-paragraph\">\n<p>\uc800\ud76c \ud50c\ub7ab\ud3fc\uc5d0\uc11c \uae30\ub300\ud560 \uc218 \uc788\ub294 \uc0ac\ud56d\uc740 \ub2e4\uc74c\uacfc \uac19\uc2b5\ub2c8\ub2e4.<\/p>\n<\/div><div class=\"mx-5 sm:mx-0 prose leading-relaxed text-lg mb-5 text-left wp-paragraph\">\n<p>\u2022 <strong>\uc0c1\uc138 \uc81c\ud488 \ub9ac\ubdf0:<\/strong> \uc800\ud76c \ubd84\uc11d\uc740 \uae30\ubcf8\uc801\uc778 \ub0b4\uc6a9\uc744 \ub118\uc5b4\uc12d\ub2c8\ub2e4. \uac01 \uc0c1\ud488\uc758 \ud2b9\uc9d5, \uc218\uc218\ub8cc, \uc790\uaca9 \uae30\uc900\uc744 \uc124\uba85\ud558\uace0, \uc5b4\ub5a4 \uace0\uac1d\uc5d0\uac8c \uac00\uc7a5 \uc801\ud569\ud558\uace0 \uc5b4\ub5a4 \uace0\uac1d\uc5d0\uac8c\ub294 \uc801\ud569\ud558\uc9c0 \uc54a\uc740\uc9c0 \ubcf4\uc5ec\ub4dc\ub9bd\ub2c8\ub2e4.<\/p>\n<\/div><div class=\"mx-5 sm:mx-0 prose leading-relaxed text-lg mb-5 text-left wp-paragraph\">\n<p>\u2022 <strong>\uc2e4\uc6a9\uc801\uc778 \uc7ac\uc815 \uad00\ub9ac \ud301:<\/strong> \uc2e0\uc6a9 \uc810\uc218 \ud5a5\uc0c1\ubd80\ud130 \uacb0\uc81c \uad00\ub9ac, \uc77c\uc0c1\uc0dd\ud65c\uc5d0 \uac00\uc7a5 \uc801\ud569\ud55c \uce74\ub4dc \uc120\ud0dd\uae4c\uc9c0, \uc800\ud76c\uc758 \uc548\ub0b4\ub294 \uacfc\uc7a5\ub41c \uc57d\uc18d \uc5c6\uc774 \uc2e4\uc81c \uc0ac\ub840\ub97c \ubc14\ud0d5\uc73c\ub85c \ud569\ub2c8\ub2e4.<\/p>\n<\/div><div class=\"mx-5 sm:mx-0 prose leading-relaxed text-lg mb-5 text-left wp-paragraph\">\n<p>\u2022 <strong>\uad50\uc721 \ucf58\ud150\uce20:<\/strong> \uc800\ud76c\ub294 \uc7a5\uae30\uc801\uc778 \uad00\uc810\uc5d0\uc11c \uc9c0\uc2dd\uc744 \uc313\uc544\uac00\ub294 \uac83\uc744 \uc911\uc694\ud558\uac8c \uc0dd\uac01\ud569\ub2c8\ub2e4. \uae08\ub9ac, \ubd80\ucc44 \ud1b5\ud569, \uc7ac\ubb34 \uc124\uacc4\uc640 \uac19\uc740 \uc8fc\uc81c\ub97c \uc27d\uace0 \uba85\ud655\ud55c \uc608\uc2dc\ub97c \ud1b5\ud574 \uc124\uba85\ud569\ub2c8\ub2e4.<\/p>\n<\/div><div class=\"mx-5 sm:mx-0 prose leading-relaxed text-lg mb-5 text-left wp-paragraph\">\n<p>\u2022 <strong>\uae30\uc220, \uc571, \uc0dd\uc0b0\uc131:<\/strong> \uc6b0\ub9ac\ub294 \uc77c\uc0c1\uc801\uc778 \ub8e8\ud2f4\uc744 \uc815\ub9ac\ud558\uace0, \ud6a8\uc728\uc131\uc744 \ub192\uc774\uba70, \uc5c5\ubb34\ub97c \uac04\uc18c\ud654\ud558\ub294 \ub370 \ub3c4\uc6c0\uc774 \ub418\ub294 \ub514\uc9c0\ud138 \ub3c4\uad6c\ub97c \uc0b4\ud3b4\ubcf4\uace0, \ud56d\uc0c1 \uc2e4\uc6a9\uc801\uc778 \ud65c\uc6a9\ubc95\uc5d0 \ucd08\uc810\uc744 \ub9de\ucda5\ub2c8\ub2e4.<\/p>\n<\/div><div class=\"mx-5 sm:mx-0 prose leading-relaxed text-lg mb-5 text-left wp-paragraph\">\n<p>\u2022 <strong>\uc5d4\ud130\ud14c\uc778\uba3c\ud2b8 \ubc0f \ub514\uc9c0\ud138 \uac8c\uc784:<\/strong> \uc800\ud76c\ub294 \ub85c\ube14\ub85d\uc2a4\uc640 \uac19\uc740 \uc778\uae30 \ud50c\ub7ab\ud3fc\uc744 \ud3ec\ud568\ud55c \uc5d4\ud130\ud14c\uc778\uba3c\ud2b8 \uad00\ub828 \ucf58\ud150\uce20\ub3c4 \ub2e4\ub8f9\ub2c8\ub2e4. \uac8c\uc784\uc744 \ucd5c\ub300\ud55c \uc990\uae30\ub294 \ubc29\ubc95, \uc774\uc6a9 \uac00\ub2a5\ud55c \ub9ac\uc18c\uc2a4, \uac00\uc0c1 \uacbd\uc81c, \uac8c\uc784 \uc138\uacc4\uc758 \ud2b8\ub80c\ub4dc\uc5d0 \ub300\ud55c \uac00\uc774\ub4dc, \ud301, \uc124\uba85\uc744 \ud56d\uc0c1 \uc720\uc775\ud558\uace0 \ucc45\uc784\uac10 \uc788\ub294 \ubc29\uc2dd\uc73c\ub85c \uc81c\uacf5\ud569\ub2c8\ub2e4.<\/p>\n<\/div><div class=\"mx-5 sm:mx-0 prose leading-relaxed text-lg mb-5 text-left wp-paragraph\">\n<p>\u2022 <strong>\uc790\uc8fc \uc5c5\ub370\uc774\ud2b8\ub429\ub2c8\ub2e4:<\/strong> \uae08\uc735, \uae30\uc220 \ubc0f \ub514\uc9c0\ud138 \uc2dc\uc7a5\uc740 \ub04a\uc784\uc5c6\uc774 \ubcc0\ud654\ud558\uace0 \uc788\uc2b5\ub2c8\ub2e4. \uc800\ud76c\ub294 \ub274\uc2a4, \ubcc0\ud654 \ubc0f \ud2b8\ub80c\ub4dc\ub97c \ubaa8\ub2c8\ud130\ub9c1\ud558\uc5ec \uace0\uac1d \uc5ec\ub7ec\ubd84\uaed8 \ucd5c\uc2e0 \uc815\ubcf4\ub97c \uc81c\uacf5\ud574 \ub4dc\ub9bd\ub2c8\ub2e4.<\/p>\n<\/div><div class=\"mx-5 sm:mx-0 prose leading-relaxed text-lg mb-5 text-left wp-paragraph\">\n<p>\uc6b0\ub9ac\uc758 \ubaa9\ud45c\ub294 \uc5ec\ub7ec\ubd84\uc5d0\uac8c \ubb34\uc5c7\uc744 \ud574\uc57c \ud560\uc9c0 \uc9c0\uc2dc\ud558\ub294 \uac83\uc774 \uc544\ub2c8\ub77c, \uc7ac\uc815, \uae30\uc220 \uc0ac\uc6a9, \ub514\uc9c0\ud138 \ucf58\ud150\uce20 \uc18c\ube44 \ub4f1 \ubaa8\ub4e0 \uba74\uc5d0\uc11c \uc5ec\ub7ec\ubd84\uc758 \ud604\uc2e4\uc5d0 \ub9de\ub294 \uacb0\uc815\uc744 \ub0b4\ub9ac\ub294 \ub370 \ud544\uc694\ud55c \ub3c4\uad6c\uc640 \uc815\ubcf4\ub97c \uc81c\uacf5\ud558\ub294 \uac83\uc785\ub2c8\ub2e4.<\/p>\n<\/div><!--advertisement--><div class=\"mx-5 sm:mx-0 sm:text-3xl text-2xl font-medium title-font mb-4 text-gray-900 text-left\">\n<h2 class=\"wp-block-heading\"><strong>\uc6b0\ub9ac\ub294 \uc5b4\ub5bb\uac8c \uc77c\ud558\uace0 \ub3c5\ub9bd\uc131\uc744 \uc720\uc9c0\ud558\ub294\uac00.<\/strong><\/h2>\n<\/div><div class=\"mx-5 sm:mx-0 prose leading-relaxed text-lg mb-5 text-left wp-paragraph\">\n<p>\ub3c5\ub9bd\uc131\uc740 \uc800\ud76c \uc5c5\ubb34\uc758 \ud575\uc2ec \uc6d0\uce59 \uc911 \ud558\ub098\uc785\ub2c8\ub2e4. \uc800\ud76c\ub294 \uae08\uc735 \uc0c1\ud488\uc744 \ud310\ub9e4\ud558\uc9c0 \uc54a\uc73c\uba70, \uc6f9\uc0ac\uc774\ud2b8\uc5d0 \uc5b8\uae09\ub41c \uc5b4\ub5a0\ud55c \ud68c\uc0ac\ub098 \uae30\uad00\uacfc\ub3c4 \uc81c\ud734 \uad00\uacc4\uac00 \uc5c6\uc2b5\ub2c8\ub2e4. \uc774\ub294 \ub2e4\uc74c\uacfc \uac19\uc740 \uc758\ubbf8\uc785\ub2c8\ub2e4.<\/p>\n<\/div><div class=\"mx-5 sm:mx-0 prose leading-relaxed text-lg mb-5 text-left wp-paragraph\">\n<p>\u2022 \ub2f9\uc0ac\ub294 \ud2b9\uc815 \uc81c\ud488 \ud64d\ubcf4\uc5d0 \ub300\ud55c \uc218\uc218\ub8cc\ub098 \uc778\uc13c\ud2f0\ube0c\ub97c \ubc1b\uc9c0 \uc54a\uc2b5\ub2c8\ub2e4.<br>\u2022 \uc800\ud76c \ucf58\ud150\uce20\ub294 \ubc1c\ud589 \uc2dc\uc810\uc5d0 \uacf5\uac1c\uc801\uc73c\ub85c \uc774\uc6a9 \uac00\ub2a5\ud558\uace0 \uac80\uc99d \uac00\ub2a5\ud55c \uc815\ubcf4\ub97c \uae30\ubc18\uc73c\ub85c \ud569\ub2c8\ub2e4.<br>\u2022 \uc6b0\ub9ac\ub294 \ubd84\uc11d \ubc0f \ube44\uad50\uc5d0 \uc788\uc5b4 \uc644\uc804\ud55c \ud3b8\uc9d1\uc758 \uc790\uc720\ub97c \uc720\uc9c0\ud569\ub2c8\ub2e4.<\/p>\n<\/div><div class=\"mx-5 sm:mx-0 prose leading-relaxed text-lg mb-5 text-left wp-paragraph\">\n<p>\uc800\ud76c \uc5f0\uad6c\ub294 \uc740\ud589, \uae08\uc735 \ud50c\ub7ab\ud3fc \ubc0f \uaddc\uc81c \uae30\uad00\uc758 \uc790\ub8cc\ub97c \uae30\ubc18\uc73c\ub85c \ud569\ub2c8\ub2e4.<\/p>\n<\/div><div class=\"mx-5 sm:mx-0 prose leading-relaxed text-lg mb-5 text-left wp-paragraph\">\n<p>\uc7a5\ub2e8\uc810\uc744 \uc81c\uc2dc\ud560 \ub54c, \uc6b0\ub9ac\ub294 \ud56d\uc0c1 \uade0\ud615\uacfc \ud22c\uba85\uc131\uc744 \uc720\uc9c0\ud558\uba70 \uc0ac\uc6a9\uc790\uac00 \uace0\ub824\ud574\uc57c \ud560 \uc774\uc810\uacfc \uc7a0\uc7ac\uc801 \uc704\ud5d8\uc744 \uac15\uc870\ud558\uace0\uc790 \ub178\ub825\ud569\ub2c8\ub2e4.<\/p>\n<\/div><div class=\"mx-5 sm:mx-0 prose leading-relaxed text-lg mb-5 text-left wp-paragraph\">\n<p>\uc7ac\uc815\uc801 \uacb0\uc815\uc774 \uc2e4\uc9c8\uc801\uc778 \uc601\ud5a5\uc744 \ubbf8\uce5c\ub2e4\ub294 \uac83\uc744 \uc54c\uace0 \uc788\uae30\uc5d0, \ud22c\uba85\uc131\uacfc \uba85\ud655\uc131\uc740 \uc5ec\ub7ec\ubd84\uc774 \uc815\ubcf4\uc5d0 \uc785\uac01\ud55c \uc120\ud0dd\uc744 \ud558\ub294 \ub370 \ud544\uc218\uc801\uc774\ub77c\uace0 \uc0dd\uac01\ud569\ub2c8\ub2e4.<\/p>\n<\/div><!--advertisement--><div class=\"mx-5 sm:mx-0 sm:text-3xl text-2xl font-medium title-font mb-4 text-gray-900 text-left\">\n<h2 class=\"wp-block-heading\"><strong>\ubc95\uc801 \uace0\uc9c0 \ubc0f \ud3b8\uc9d1 \uad00\ub828 \uacf5\uc9c0<\/strong><\/h2>\n<\/div><div class=\"mx-5 sm:mx-0 prose leading-relaxed text-lg mb-5 text-left wp-paragraph\">\n<p>\uc800\ud76c\ub294 \ubaa8\ub4e0 \uc815\ubcf4\ub97c \ucd5c\uc2e0 \uc0c1\ud0dc\ub85c \uc815\ud655\ud558\uac8c \uc720\uc9c0\ud558\uae30 \uc704\ud574 \ub178\ub825\ud558\uace0 \uc788\uc9c0\ub9cc, \ubaa8\ubc14\uc77c \ud3ec\ud138\uc774 \uc5b8\uae09\ub41c \uc81c\ud488\uc758 \uc9c0\uc18d\uc801\uc778 \uc774\uc6a9 \uac00\ub2a5\uc131\uc774\ub098 \uc720\uc9c0 \uad00\ub9ac\ub97c \ubcf4\uc7a5\ud558\ub294 \uac83\uc740 \uc544\ub2c8\ub77c\ub294 \uc810\uc5d0 \uc720\uc758\ud558\uc2dc\uae30 \ubc14\ub78d\ub2c8\ub2e4.<\/p>\n<\/div><div class=\"mx-5 sm:mx-0 prose leading-relaxed text-lg mb-5 text-left wp-paragraph\">\n<p>\ub2e4\uc74c \uc0ac\ud56d\uc744 \uc720\ub150\ud558\uc2ed\uc2dc\uc624:<\/p>\n<\/div><div class=\"mx-5 sm:mx-0 prose leading-relaxed text-lg mb-5 text-left wp-paragraph\">\n<p>\u2022 \ub2f9\uc0ac\ub294 \uae08\uc735 \uc0c1\ud488\uc744 \uc9c1\uc811 \uc81c\uacf5\ud558\uac70\ub098 \ud310\ub9e4\ud558\uc9c0 \uc54a\uc2b5\ub2c8\ub2e4. \uae08\uc735 \uc0c1\ud488 \uad00\ub828 \ubb38\uc758\ub294 \ud574\ub2f9 \uae08\uc735\uae30\uad00\uc758 \uacf5\uc2dd \ucc44\ub110\uc744 \ud1b5\ud574 \ud574\uc8fc\uc2dc\uae30 \ubc14\ub78d\ub2c8\ub2e4.<br>\u2022 \uc774\uc6a9 \uc57d\uad00 \ubc0f \uc81c\uacf5 \uc5ec\ubd80\ub294 \uc0ac\uc804 \uace0\uc9c0 \uc5c6\uc774 \ubcc0\uacbd\ub420 \uc218 \uc788\uc2b5\ub2c8\ub2e4.<br>\u2022 \ub2f9\uc0ac\ub294 \uae08\ub9ac, \uc774\uc790\uc728, \uae30\uc900 \ub610\ub294 \ud61c\ud0dd\uc758 \ubcc0\uacbd\uc5d0 \ub300\ud574 \ucc45\uc784\uc744 \uc9c0\uc9c0 \uc54a\uc2b5\ub2c8\ub2e4.<br>\u2022 \ucd5c\uc2e0 \uc815\ubcf4\ub294 \ud56d\uc0c1 \uacf5\uc2dd \ucd9c\ucc98\uc5d0\uc11c \ud655\uc778\ud558\uc2dc\ub294 \uac83\uc744 \uad8c\uc7a5\ud569\ub2c8\ub2e4.<br>\u2022 \ubcf8 \ub0b4\uc6a9\uc740 \uac1c\uc778 \ub9de\ucda4\ud615 \uc7ac\uc815 \uc790\ubb38\uc774 \uc544\ub2d9\ub2c8\ub2e4.<\/p>\n<\/div><div class=\"mx-5 sm:mx-0 prose leading-relaxed text-lg mb-5 text-left wp-paragraph\">\n<p>\ubaa8\ubc14\uc77c \ud3ec\ud138\uc744 \uc774\uc6a9\ud568\uc73c\ub85c\uc368 \uadc0\ud558\ub294 \uc81c\uacf5\ub418\ub294 \uc815\ubcf4\uc758 \uc0ac\uc6a9\uc5d0 \ub300\ud55c \ucc45\uc784\uc774 \uadc0\ud558\uc5d0\uac8c \uc788\uc73c\uba70, \ub2f9\uc0ac\uc758 \uc5ed\ud560\uc740 \uc815\ubcf4 \uc81c\uacf5\uc5d0\ub9cc \uad6d\ud55c\ub41c\ub2e4\ub294 \uc810\uc5d0 \ub3d9\uc758\ud558\ub294 \uac83\uc785\ub2c8\ub2e4.<\/p>\n<\/div><div class=\"mx-5 sm:mx-0 prose leading-relaxed text-lg mb-5 text-left wp-paragraph\">\n<p>\uc9c8\ubb38\uc774\ub098 \uc81c\uc548 \uc0ac\ud56d\uc774 \uc788\uac70\ub098 \uc0c8\ub85c\uc6b4 \uc8fc\uc81c\ub97c \uc81c\uc548\ud558\uace0 \uc2f6\uc73c\uc2dc\uba74 \uc5b8\uc81c\ub4e0\uc9c0 \uc800\ud76c\uc5d0\uac8c \uc5f0\ub77d\ud574 \uc8fc\uc138\uc694. <a style=\" color:;\" href=\"https:\/\/portalmobile.com.br\/ko\/contact\/\">\uc800\ud76c\uc5d0\uac8c \uc5f0\ub77d\ud558\uc138\uc694<\/a>\uc800\ud76c\ub294 \uc18c\ud1b5\uc744 \uc911\uc2dc\ud558\uba70, \uace0\uac1d \uc5ec\ub7ec\ubd84\uc758 \uae08\uc735 \ubc0f \ub514\uc9c0\ud138 \uc5ec\uc815\uc5d0 \uc788\uc5b4 \uc2e0\ub8b0\ud560 \uc218 \uc788\ub294 \ud30c\ud2b8\ub108\uac00 \ub418\uae30 \uc704\ud574 \ub178\ub825\ud569\ub2c8\ub2e4.<\/p>\n<\/div>","protected":false},"excerpt":{"rendered":"<p>Bem-vindo ao Portal Mobile! Acreditamos que a tecnologia \u00e9 um motor de transforma\u00e7\u00e3o. Seja para encontrar um novo emprego, explorar um aplicativo inovador ou curtir um momento de entretenimento, a tecnologia abre portas todos os dias e estamos aqui para gui\u00e1-lo por elas. Quem Somos O Portal Mobile \u00e9 uma plataforma independente dedicada a tornar&hellip; <a class=\"more-link\" href=\"https:\/\/portalmobile.com.br\/ko\/about\/\">\uacc4\uc18d \uc77d\uae30 <span class=\"screen-reader-text\">\uc6b0\ub9ac\uc5d0 \ub300\ud558\uc5ec<\/span><\/a><\/p>","protected":false},"author":2,"featured_media":0,"parent":0,"menu_order":0,"comment_status":"closed","ping_status":"closed","template":"","meta":{"footnotes":""},"yoast_head":"<!-- This site is optimized with the Yoast SEO plugin v23.3 - https:\/\/yoast.com\/wordpress\/plugins\/seo\/ -->\n<title>Sobre n\u00f3s - Portal Mobile<\/title>\n<meta name=\"description\" content=\"Saiba mais sobre como podemos te ajudar a descomplicar quest\u00f5es importantes da sua vida, como finan\u00e7as, carreira e organiza\u00e7\u00e3o pessoal.\" \/>\n<meta name=\"robots\" content=\"index, follow, max-snippet:-1, max-image-preview:large, max-video-preview:-1\" \/>\n<link rel=\"canonical\" href=\"https:\/\/portalmobile.com.br\/ko\/about\/\" \/>\n<meta property=\"og:locale\" content=\"ko_KR\" \/>\n<meta property=\"og:type\" content=\"article\" \/>\n<meta property=\"og:title\" content=\"Sobre n\u00f3s - Portal Mobile\" \/>\n<meta property=\"og:description\" content=\"Saiba mais sobre como podemos te ajudar a descomplicar quest\u00f5es importantes da sua vida, como finan\u00e7as, carreira e organiza\u00e7\u00e3o pessoal.\" \/>\n<meta property=\"og:url\" content=\"https:\/\/portalmobile.com.br\/ko\/about\/\" \/>\n<meta property=\"og:site_name\" content=\"Portal Mobile\" \/>\n<meta property=\"article:modified_time\" content=\"2026-04-06T22:21:53+00:00\" \/>\n<meta name=\"twitter:card\" content=\"summary_large_image\" \/>\n<meta name=\"twitter:label1\" content=\"Est. reading time\" \/>\n\t<meta name=\"twitter:data1\" content=\"5\ubd84\" \/>\n<script type=\"application\/ld+json\" class=\"yoast-schema-graph\">{\"@context\":\"https:\/\/schema.org\",\"@graph\":[{\"@type\":\"WebPage\",\"@id\":\"https:\/\/portalmobile.com.br\/about\/\",\"url\":\"https:\/\/portalmobile.com.br\/about\/\",\"name\":\"Sobre n\u00f3s - Portal Mobile\",\"isPartOf\":{\"@id\":\"https:\/\/portalmobile.com.br\/#website\"},\"datePublished\":\"2024-02-26T18:03:50+00:00\",\"dateModified\":\"2026-04-06T22:21:53+00:00\",\"description\":\"Saiba mais sobre como podemos te ajudar a descomplicar quest\u00f5es importantes da sua vida, como finan\u00e7as, carreira e organiza\u00e7\u00e3o pessoal.\",\"breadcrumb\":{\"@id\":\"https:\/\/portalmobile.com.br\/about\/#breadcrumb\"},\"inLanguage\":\"ko-KR\",\"potentialAction\":[{\"@type\":\"ReadAction\",\"target\":[\"https:\/\/portalmobile.com.br\/about\/\"]}]},{\"@type\":\"BreadcrumbList\",\"@id\":\"https:\/\/portalmobile.com.br\/about\/#breadcrumb\",\"itemListElement\":[{\"@type\":\"ListItem\",\"position\":1,\"name\":\"Home\",\"item\":\"https:\/\/portalmobile.com.br\/\"},{\"@type\":\"ListItem\",\"position\":2,\"name\":\"Sobre n\u00f3s\"}]},{\"@type\":\"WebSite\",\"@id\":\"https:\/\/portalmobile.com.br\/#website\",\"url\":\"https:\/\/portalmobile.com.br\/\",\"name\":\"Portal Mobile\",\"description\":\"\",\"potentialAction\":[{\"@type\":\"SearchAction\",\"target\":{\"@type\":\"EntryPoint\",\"urlTemplate\":\"https:\/\/portalmobile.com.br\/?s={search_term_string}\"},\"query-input\":\"required name=search_term_string\"}],\"inLanguage\":\"ko-KR\"}]}<\/script>\n<!-- \/ Yoast SEO plugin. -->","yoast_head_json":{"title":"Sobre n\u00f3s - Portal Mobile","description":"Saiba mais sobre como podemos te ajudar a descomplicar quest\u00f5es importantes da sua vida, como finan\u00e7as, carreira e organiza\u00e7\u00e3o pessoal.","robots":{"index":"index","follow":"follow","max-snippet":"max-snippet:-1","max-image-preview":"max-image-preview:large","max-video-preview":"max-video-preview:-1"},"canonical":"https:\/\/portalmobile.com.br\/ko\/about\/","og_locale":"ko_KR","og_type":"article","og_title":"Sobre n\u00f3s - Portal Mobile","og_description":"Saiba mais sobre como podemos te ajudar a descomplicar quest\u00f5es importantes da sua vida, como finan\u00e7as, carreira e organiza\u00e7\u00e3o pessoal.","og_url":"https:\/\/portalmobile.com.br\/ko\/about\/","og_site_name":"Portal Mobile","article_modified_time":"2026-04-06T22:21:53+00:00","twitter_card":"summary_large_image","twitter_misc":{"Est. reading time":"5\ubd84"},"schema":{"@context":"https:\/\/schema.org","@graph":[{"@type":"WebPage","@id":"https:\/\/portalmobile.com.br\/about\/","url":"https:\/\/portalmobile.com.br\/about\/","name":"Sobre n\u00f3s - Portal Mobile","isPartOf":{"@id":"https:\/\/portalmobile.com.br\/#website"},"datePublished":"2024-02-26T18:03:50+00:00","dateModified":"2026-04-06T22:21:53+00:00","description":"Saiba mais sobre como podemos te ajudar a descomplicar quest\u00f5es importantes da sua vida, como finan\u00e7as, carreira e organiza\u00e7\u00e3o pessoal.","breadcrumb":{"@id":"https:\/\/portalmobile.com.br\/about\/#breadcrumb"},"inLanguage":"ko-KR","potentialAction":[{"@type":"ReadAction","target":["https:\/\/portalmobile.com.br\/about\/"]}]},{"@type":"BreadcrumbList","@id":"https:\/\/portalmobile.com.br\/about\/#breadcrumb","itemListElement":[{"@type":"ListItem","position":1,"name":"Home","item":"https:\/\/portalmobile.com.br\/"},{"@type":"ListItem","position":2,"name":"Sobre n\u00f3s"}]},{"@type":"WebSite","@id":"https:\/\/portalmobile.com.br\/#website","url":"https:\/\/portalmobile.com.br\/","name":"Portal Mobile","description":"","potentialAction":[{"@type":"SearchAction","target":{"@type":"EntryPoint","urlTemplate":"https:\/\/portalmobile.com.br\/?s={search_term_string}"},"query-input":"required name=search_term_string"}],"inLanguage":"ko-KR"}]}},"_links":{"self":[{"href":"https:\/\/portalmobile.com.br\/ko\/wp-json\/wp\/v2\/pages\/384"}],"collection":[{"href":"https:\/\/portalmobile.com.br\/ko\/wp-json\/wp\/v2\/pages"}],"about":[{"href":"https:\/\/portalmobile.com.br\/ko\/wp-json\/wp\/v2\/types\/page"}],"author":[{"embeddable":true,"href":"https:\/\/portalmobile.com.br\/ko\/wp-json\/wp\/v2\/users\/2"}],"replies":[{"embeddable":true,"href":"https:\/\/portalmobile.com.br\/ko\/wp-json\/wp\/v2\/comments?post=384"}],"version-history":[{"count":4,"href":"https:\/\/portalmobile.com.br\/ko\/wp-json\/wp\/v2\/pages\/384\/revisions"}],"predecessor-version":[{"id":4531,"href":"https:\/\/portalmobile.com.br\/ko\/wp-json\/wp\/v2\/pages\/384\/revisions\/4531"}],"wp:attachment":[{"href":"https:\/\/portalmobile.com.br\/ko\/wp-json\/wp\/v2\/media?parent=384"}],"curies":[{"name":"wp","href":"https:\/\/api.w.org\/{rel}","templated":true}]}}