{"id":384,"date":"2024-02-26T18:03:50","date_gmt":"2024-02-26T18:03:50","guid":{"rendered":"http:\/\/159.65.181.39\/?page_id=384"},"modified":"2026-04-06T22:21:53","modified_gmt":"2026-04-06T22:21:53","slug":"about","status":"publish","type":"page","link":"https:\/\/portalmobile.com.br\/it\/about\/","title":{"rendered":"Chi siamo"},"content":{"rendered":"<!--advertisement--><div class=\"mx-5 sm:mx-0 sm:text-3xl text-2xl font-medium title-font mb-4 text-gray-900 text-left\">\n<h2 class=\"wp-block-heading\">Benvenuti nel Portale Mobile!<\/h2>\n<\/div><!--advertisement--><div class=\"mx-5 sm:mx-0 sm:text-3xl text-2xl font-medium title-font mb-4 text-gray-900 text-left\">\n<h3 class=\"wp-block-heading\">Crediamo che la tecnologia sia un motore di trasformazione.<\/h3>\n<\/div><div class=\"mx-5 sm:mx-0 prose leading-relaxed text-lg mb-5 text-left wp-paragraph\">\n<p>Che si tratti di trovare un nuovo lavoro, esplorare un&#039;app innovativa o godersi un momento di svago, la tecnologia apre porte ogni giorno e noi siamo qui per guidarvi attraverso di esse.<\/p>\n<\/div><!--advertisement--><div class=\"mx-5 sm:mx-0 sm:text-3xl text-2xl font-medium title-font mb-4 text-gray-900 text-left\">\n<h3 class=\"wp-block-heading\">Chi siamo<\/h3>\n<\/div><div class=\"mx-5 sm:mx-0 prose leading-relaxed text-lg mb-5 text-left wp-paragraph\">\n<p>Il Portale Mobile \u00e8 una piattaforma indipendente dedicata a rendere le informazioni finanziarie pi\u00f9 accessibili e comprensibili.<\/p>\n<\/div><div class=\"mx-5 sm:mx-0 prose leading-relaxed text-lg mb-5 text-left wp-paragraph\">\n<p>Non siamo una banca, un istituto finanziario o una societ\u00e0 di credito.<\/p>\n<\/div><div class=\"mx-5 sm:mx-0 prose leading-relaxed text-lg mb-5 text-left wp-paragraph\">\n<p>Il nostro obiettivo \u00e8 aiutare gli utenti a esplorare e valutare i prodotti finanziari disponibili, come carte di credito, prestiti personali e strumenti di gestione del budget, attraverso contenuti ben documentati e analisi imparziali.<\/p>\n<\/div><div class=\"mx-5 sm:mx-0 prose leading-relaxed text-lg mb-5 text-left wp-paragraph\">\n<p>Il nostro obiettivo \u00e8 semplice: fornire alle persone conoscenze finanziarie affidabili.<\/p>\n<\/div><div class=\"mx-5 sm:mx-0 prose leading-relaxed text-lg mb-5 text-left wp-paragraph\">\n<p>&nbsp;Che si tratti di confrontare diverse opzioni di credito, di cercare consigli pratici per la gestione dei debiti o di comprendere il funzionamento dei tassi di interesse, la nostra missione \u00e8 fornire informazioni chiare e utili per favorire decisioni finanziarie pi\u00f9 consapevoli.<\/p>\n<\/div><div class=\"mx-5 sm:mx-0 prose leading-relaxed text-lg mb-5 text-left wp-paragraph\">\n<p>Il nostro team monitora attentamente le tendenze finanziarie, le esigenze dei consumatori e gli aggiornamenti dei prodotti per garantire che i contenuti siano pertinenti e applicabili nella vita di tutti i giorni.<\/p>\n<\/div><div class=\"mx-5 sm:mx-0 prose leading-relaxed text-lg mb-5 text-left wp-paragraph\">\n<p>Sappiamo che la finanza pu\u00f2 essere complessa e ci impegniamo a semplificare questi argomenti senza trascurare i rischi e i benefici connessi.<\/p>\n<\/div><div class=\"mx-5 sm:mx-0 prose leading-relaxed text-lg mb-5 text-left wp-paragraph\">\n<p>Oltre al mondo finanziario, esploriamo anche contenuti relativi a tecnologia, app, produttivit\u00e0, intrattenimento e giochi digitali, sempre con lo stesso impegno per la chiarezza, l&#039;utilit\u00e0 e l&#039;affidabilit\u00e0 delle informazioni per l&#039;utente.<\/p>\n<\/div><!--advertisement--><div class=\"mx-5 sm:mx-0 sm:text-3xl text-2xl font-medium title-font mb-4 text-gray-900 text-left\">\n<h2 class=\"wp-block-heading\"><strong>Cosa troverai sul Portale Mobile<\/strong><\/h2>\n<\/div><div class=\"mx-5 sm:mx-0 prose leading-relaxed text-lg mb-5 text-left wp-paragraph\">\n<p>Ogni articolo pubblicato sul Portale Mobile \u00e8 pensato per aiutare il lettore a comprendere meglio il panorama attuale, sia esso finanziario, digitale o dell&#039;intrattenimento. Lo facciamo offrendo consigli pratici, analisi trasparenti e confronti chiari.<\/p>\n<\/div><div class=\"mx-5 sm:mx-0 prose leading-relaxed text-lg mb-5 text-left wp-paragraph\">\n<p>Ecco cosa puoi aspettarti dalla nostra piattaforma:<\/p>\n<\/div><div class=\"mx-5 sm:mx-0 prose leading-relaxed text-lg mb-5 text-left wp-paragraph\">\n<p>\u2022 <strong>Recensioni dettagliate dei prodotti:<\/strong> Le nostre analisi vanno oltre le nozioni di base. Spieghiamo le caratteristiche, le commissioni, i criteri di ammissibilit\u00e0 e mostriamo a chi \u00e8 pi\u00f9 adatto ciascun prodotto e a chi non lo \u00e8.<\/p>\n<\/div><div class=\"mx-5 sm:mx-0 prose leading-relaxed text-lg mb-5 text-left wp-paragraph\">\n<p>\u2022 <strong>Consigli finanziari pratici:<\/strong> Dal miglioramento del punteggio di credito alla gestione dei pagamenti o alla scelta della carta migliore per l&#039;uso quotidiano, la nostra consulenza si basa su situazioni reali, senza promesse esagerate.<\/p>\n<\/div><div class=\"mx-5 sm:mx-0 prose leading-relaxed text-lg mb-5 text-left wp-paragraph\">\n<p>\u2022 <strong>Contenuti didattici:<\/strong> Crediamo nell&#039;acquisizione di conoscenze nel lungo periodo. Spieghiamo argomenti come i tassi di interesse, il consolidamento del debito e la pianificazione finanziaria utilizzando un linguaggio semplice ed esempi chiari.<\/p>\n<\/div><div class=\"mx-5 sm:mx-0 prose leading-relaxed text-lg mb-5 text-left wp-paragraph\">\n<p>\u2022 <strong>Tecnologia, app e produttivit\u00e0:<\/strong> Esploriamo strumenti digitali che aiutano a organizzare la routine, migliorare l&#039;efficienza e semplificare le attivit\u00e0 quotidiane, concentrandoci sempre sulle applicazioni pratiche.<\/p>\n<\/div><div class=\"mx-5 sm:mx-0 prose leading-relaxed text-lg mb-5 text-left wp-paragraph\">\n<p>\u2022 <strong>Intrattenimento e giochi digitali:<\/strong> Ci occupiamo anche di contenuti legati all&#039;intrattenimento, incluse piattaforme popolari come Roblox. Troverete guide, consigli e spiegazioni su come godervi al meglio i giochi, le risorse disponibili, l&#039;economia virtuale e le tendenze del mondo dei videogiochi, sempre con un approccio informativo e responsabile.<\/p>\n<\/div><div class=\"mx-5 sm:mx-0 prose leading-relaxed text-lg mb-5 text-left wp-paragraph\">\n<p>\u2022 <strong>Aggiornamenti frequenti:<\/strong> I mercati finanziari, tecnologici e digitali sono in continua evoluzione. Monitoriamo notizie, cambiamenti e tendenze per tenervi sempre informati.<\/p>\n<\/div><div class=\"mx-5 sm:mx-0 prose leading-relaxed text-lg mb-5 text-left wp-paragraph\">\n<p>Il nostro obiettivo non \u00e8 dirti cosa dovresti fare, ma fornirti gli strumenti e le informazioni necessarie per prendere decisioni basate su ci\u00f2 che ha senso per la tua realt\u00e0, che si tratti di finanze, utilizzo della tecnologia o consumo di contenuti digitali.<\/p>\n<\/div><!--advertisement--><div class=\"mx-5 sm:mx-0 sm:text-3xl text-2xl font-medium title-font mb-4 text-gray-900 text-left\">\n<h2 class=\"wp-block-heading\"><strong>Come lavoriamo e come manteniamo la nostra indipendenza.<\/strong><\/h2>\n<\/div><div class=\"mx-5 sm:mx-0 prose leading-relaxed text-lg mb-5 text-left wp-paragraph\">\n<p>L&#039;indipendenza \u00e8 uno dei pilastri del nostro lavoro. Non vendiamo prodotti finanziari e non abbiamo alcuna affiliazione con aziende o istituzioni menzionate sul sito web. Questo significa:<\/p>\n<\/div><div class=\"mx-5 sm:mx-0 prose leading-relaxed text-lg mb-5 text-left wp-paragraph\">\n<p>\u2022 Non riceviamo commissioni o incentivi per la promozione di prodotti specifici.<br>\u2022 I nostri contenuti si basano su informazioni pubblicamente disponibili e verificabili al momento della pubblicazione.<br>\u2022 Nelle nostre analisi e nei nostri confronti manteniamo completa libert\u00e0 editoriale.<\/p>\n<\/div><div class=\"mx-5 sm:mx-0 prose leading-relaxed text-lg mb-5 text-left wp-paragraph\">\n<p>La nostra ricerca si basa su dati provenienti da banche, piattaforme finanziarie e fonti regolamentari.<\/p>\n<\/div><div class=\"mx-5 sm:mx-0 prose leading-relaxed text-lg mb-5 text-left wp-paragraph\">\n<p>Nel presentare i pro e i contro, ci sforziamo sempre di essere equilibrati e trasparenti, evidenziando i vantaggi e i potenziali rischi che l&#039;utente dovrebbe considerare.<\/p>\n<\/div><div class=\"mx-5 sm:mx-0 prose leading-relaxed text-lg mb-5 text-left wp-paragraph\">\n<p>Sappiamo che le decisioni finanziarie hanno un impatto reale, quindi crediamo che la trasparenza e la chiarezza siano fondamentali per aiutarvi a fare scelte consapevoli.<\/p>\n<\/div><!--advertisement--><div class=\"mx-5 sm:mx-0 sm:text-3xl text-2xl font-medium title-font mb-4 text-gray-900 text-left\">\n<h2 class=\"wp-block-heading\"><strong>Avviso legale ed editoriale<\/strong><\/h2>\n<\/div><div class=\"mx-5 sm:mx-0 prose leading-relaxed text-lg mb-5 text-left wp-paragraph\">\n<p>Sebbene ci impegniamo a mantenere tutte le informazioni aggiornate e accurate, \u00e8 importante notare che il Portale Mobile non garantisce la continua disponibilit\u00e0 o il mantenimento delle condizioni dei prodotti menzionati.<\/p>\n<\/div><div class=\"mx-5 sm:mx-0 prose leading-relaxed text-lg mb-5 text-left wp-paragraph\">\n<p>Tieni presente:<\/p>\n<\/div><div class=\"mx-5 sm:mx-0 prose leading-relaxed text-lg mb-5 text-left wp-paragraph\">\n<p>\u2022 Non offriamo n\u00e9 vendiamo direttamente prodotti finanziari. Le richieste devono essere inoltrate tramite i canali ufficiali dei fornitori.<br>\u2022 I termini e la disponibilit\u00e0 sono soggetti a modifiche senza preavviso.<br>\u2022 Non siamo responsabili di eventuali variazioni di tassi, interessi, criteri o benefici.<br>\u2022 Si consiglia sempre di verificare le informazioni aggiornate consultando fonti ufficiali.<br>\u2022 Questo contenuto non costituisce consulenza finanziaria personalizzata.<\/p>\n<\/div><div class=\"mx-5 sm:mx-0 prose leading-relaxed text-lg mb-5 text-left wp-paragraph\">\n<p>Utilizzando il Portale Mobile, l&#039;utente accetta di essere responsabile dell&#039;utilizzo delle informazioni presentate e comprende che il nostro ruolo \u00e8 esclusivamente informativo.<\/p>\n<\/div><div class=\"mx-5 sm:mx-0 prose leading-relaxed text-lg mb-5 text-left wp-paragraph\">\n<p>Se avete domande, suggerimenti o desiderate proporre nuovi argomenti, non esitate a contattarci. <a style=\" color:;\" href=\"https:\/\/portalmobile.com.br\/it\/contact\/\">Contattaci<\/a>Diamo valore al dialogo e ci impegniamo a essere una fonte affidabile nel vostro percorso finanziario e digitale.<\/p>\n<\/div>","protected":false},"excerpt":{"rendered":"<p>Bem-vindo ao Portal Mobile! Acreditamos que a tecnologia \u00e9 um motor de transforma\u00e7\u00e3o. Seja para encontrar um novo emprego, explorar um aplicativo inovador ou curtir um momento de entretenimento, a tecnologia abre portas todos os dias e estamos aqui para gui\u00e1-lo por elas. Quem Somos O Portal Mobile \u00e9 uma plataforma independente dedicada a tornar&hellip; <a class=\"more-link\" href=\"https:\/\/portalmobile.com.br\/it\/about\/\">Continua a leggere <span class=\"screen-reader-text\">Chi siamo<\/span><\/a><\/p>","protected":false},"author":2,"featured_media":0,"parent":0,"menu_order":0,"comment_status":"closed","ping_status":"closed","template":"","meta":{"footnotes":""},"yoast_head":"<!-- This site is optimized with the Yoast SEO plugin v23.3 - https:\/\/yoast.com\/wordpress\/plugins\/seo\/ -->\n<title>Sobre n\u00f3s - Portal Mobile<\/title>\n<meta name=\"description\" content=\"Saiba mais sobre como podemos te ajudar a descomplicar quest\u00f5es importantes da sua vida, como finan\u00e7as, carreira e organiza\u00e7\u00e3o pessoal.\" \/>\n<meta name=\"robots\" content=\"index, follow, max-snippet:-1, max-image-preview:large, max-video-preview:-1\" \/>\n<link rel=\"canonical\" href=\"https:\/\/portalmobile.com.br\/it\/about\/\" \/>\n<meta property=\"og:locale\" content=\"it_IT\" \/>\n<meta property=\"og:type\" content=\"article\" \/>\n<meta property=\"og:title\" content=\"Sobre n\u00f3s - Portal Mobile\" \/>\n<meta property=\"og:description\" content=\"Saiba mais sobre como podemos te ajudar a descomplicar quest\u00f5es importantes da sua vida, como finan\u00e7as, carreira e organiza\u00e7\u00e3o pessoal.\" \/>\n<meta property=\"og:url\" content=\"https:\/\/portalmobile.com.br\/it\/about\/\" \/>\n<meta property=\"og:site_name\" content=\"Portal Mobile\" \/>\n<meta property=\"article:modified_time\" content=\"2026-04-06T22:21:53+00:00\" \/>\n<meta name=\"twitter:card\" content=\"summary_large_image\" \/>\n<meta name=\"twitter:label1\" content=\"Est. reading time\" \/>\n\t<meta name=\"twitter:data1\" content=\"5 minuti\" \/>\n<script type=\"application\/ld+json\" class=\"yoast-schema-graph\">{\"@context\":\"https:\/\/schema.org\",\"@graph\":[{\"@type\":\"WebPage\",\"@id\":\"https:\/\/portalmobile.com.br\/about\/\",\"url\":\"https:\/\/portalmobile.com.br\/about\/\",\"name\":\"Sobre n\u00f3s - Portal Mobile\",\"isPartOf\":{\"@id\":\"https:\/\/portalmobile.com.br\/#website\"},\"datePublished\":\"2024-02-26T18:03:50+00:00\",\"dateModified\":\"2026-04-06T22:21:53+00:00\",\"description\":\"Saiba mais sobre como podemos te ajudar a descomplicar quest\u00f5es importantes da sua vida, como finan\u00e7as, carreira e organiza\u00e7\u00e3o pessoal.\",\"breadcrumb\":{\"@id\":\"https:\/\/portalmobile.com.br\/about\/#breadcrumb\"},\"inLanguage\":\"it-IT\",\"potentialAction\":[{\"@type\":\"ReadAction\",\"target\":[\"https:\/\/portalmobile.com.br\/about\/\"]}]},{\"@type\":\"BreadcrumbList\",\"@id\":\"https:\/\/portalmobile.com.br\/about\/#breadcrumb\",\"itemListElement\":[{\"@type\":\"ListItem\",\"position\":1,\"name\":\"Home\",\"item\":\"https:\/\/portalmobile.com.br\/\"},{\"@type\":\"ListItem\",\"position\":2,\"name\":\"Sobre n\u00f3s\"}]},{\"@type\":\"WebSite\",\"@id\":\"https:\/\/portalmobile.com.br\/#website\",\"url\":\"https:\/\/portalmobile.com.br\/\",\"name\":\"Portal Mobile\",\"description\":\"\",\"potentialAction\":[{\"@type\":\"SearchAction\",\"target\":{\"@type\":\"EntryPoint\",\"urlTemplate\":\"https:\/\/portalmobile.com.br\/?s={search_term_string}\"},\"query-input\":\"required name=search_term_string\"}],\"inLanguage\":\"it-IT\"}]}<\/script>\n<!-- \/ Yoast SEO plugin. -->","yoast_head_json":{"title":"Sobre n\u00f3s - Portal Mobile","description":"Saiba mais sobre como podemos te ajudar a descomplicar quest\u00f5es importantes da sua vida, como finan\u00e7as, carreira e organiza\u00e7\u00e3o pessoal.","robots":{"index":"index","follow":"follow","max-snippet":"max-snippet:-1","max-image-preview":"max-image-preview:large","max-video-preview":"max-video-preview:-1"},"canonical":"https:\/\/portalmobile.com.br\/it\/about\/","og_locale":"it_IT","og_type":"article","og_title":"Sobre n\u00f3s - Portal Mobile","og_description":"Saiba mais sobre como podemos te ajudar a descomplicar quest\u00f5es importantes da sua vida, como finan\u00e7as, carreira e organiza\u00e7\u00e3o pessoal.","og_url":"https:\/\/portalmobile.com.br\/it\/about\/","og_site_name":"Portal Mobile","article_modified_time":"2026-04-06T22:21:53+00:00","twitter_card":"summary_large_image","twitter_misc":{"Est. reading time":"5 minuti"},"schema":{"@context":"https:\/\/schema.org","@graph":[{"@type":"WebPage","@id":"https:\/\/portalmobile.com.br\/about\/","url":"https:\/\/portalmobile.com.br\/about\/","name":"Sobre n\u00f3s - Portal Mobile","isPartOf":{"@id":"https:\/\/portalmobile.com.br\/#website"},"datePublished":"2024-02-26T18:03:50+00:00","dateModified":"2026-04-06T22:21:53+00:00","description":"Saiba mais sobre como podemos te ajudar a descomplicar quest\u00f5es importantes da sua vida, como finan\u00e7as, carreira e organiza\u00e7\u00e3o pessoal.","breadcrumb":{"@id":"https:\/\/portalmobile.com.br\/about\/#breadcrumb"},"inLanguage":"it-IT","potentialAction":[{"@type":"ReadAction","target":["https:\/\/portalmobile.com.br\/about\/"]}]},{"@type":"BreadcrumbList","@id":"https:\/\/portalmobile.com.br\/about\/#breadcrumb","itemListElement":[{"@type":"ListItem","position":1,"name":"Home","item":"https:\/\/portalmobile.com.br\/"},{"@type":"ListItem","position":2,"name":"Sobre n\u00f3s"}]},{"@type":"WebSite","@id":"https:\/\/portalmobile.com.br\/#website","url":"https:\/\/portalmobile.com.br\/","name":"Portal Mobile","description":"","potentialAction":[{"@type":"SearchAction","target":{"@type":"EntryPoint","urlTemplate":"https:\/\/portalmobile.com.br\/?s={search_term_string}"},"query-input":"required name=search_term_string"}],"inLanguage":"it-IT"}]}},"_links":{"self":[{"href":"https:\/\/portalmobile.com.br\/it\/wp-json\/wp\/v2\/pages\/384"}],"collection":[{"href":"https:\/\/portalmobile.com.br\/it\/wp-json\/wp\/v2\/pages"}],"about":[{"href":"https:\/\/portalmobile.com.br\/it\/wp-json\/wp\/v2\/types\/page"}],"author":[{"embeddable":true,"href":"https:\/\/portalmobile.com.br\/it\/wp-json\/wp\/v2\/users\/2"}],"replies":[{"embeddable":true,"href":"https:\/\/portalmobile.com.br\/it\/wp-json\/wp\/v2\/comments?post=384"}],"version-history":[{"count":4,"href":"https:\/\/portalmobile.com.br\/it\/wp-json\/wp\/v2\/pages\/384\/revisions"}],"predecessor-version":[{"id":4531,"href":"https:\/\/portalmobile.com.br\/it\/wp-json\/wp\/v2\/pages\/384\/revisions\/4531"}],"wp:attachment":[{"href":"https:\/\/portalmobile.com.br\/it\/wp-json\/wp\/v2\/media?parent=384"}],"curies":[{"name":"wp","href":"https:\/\/api.w.org\/{rel}","templated":true}]}}