{"id":381,"date":"2024-02-26T17:31:19","date_gmt":"2024-02-26T17:31:19","guid":{"rendered":"http:\/\/159.65.181.39\/?page_id=381"},"modified":"2024-02-26T17:31:19","modified_gmt":"2024-02-26T17:31:19","slug":"terms","status":"publish","type":"page","link":"https:\/\/portalmobile.com.br\/it\/terms\/","title":{"rendered":"Termini"},"content":{"rendered":"<div class=\"mx-5 sm:mx-0 prose leading-relaxed text-lg mb-5 text-left wp-paragraph\">\n<p>Informazioni aggiornate al 23 febbraio 2024.<\/p>\n<\/div><div class=\"mx-5 sm:mx-0 prose leading-relaxed text-lg mb-5 text-left wp-paragraph\">\n<p><strong>SI PREGA DI LEGGERE ATTENTAMENTE LE NOSTRE CONDIZIONI D&#039;USO. SE NON ACCETTI QUESTI TERMINI, NON UTILIZZARE I SERVIZI FORNITI DA PORTALE MOBILE.<\/strong><\/p>\n<\/div><div class=\"mx-5 sm:mx-0 prose leading-relaxed text-lg mb-5 text-left wp-paragraph\">\n<p>Portal Mobile, una piattaforma dedicata alla promozione di contenuti di carriera, recensioni di app e tecnologia, \u00e8 gestita dal team responsabile, rappresentato come &quot;noi&quot; in questa specifica circostanza.<\/p>\n<\/div><div class=\"mx-5 sm:mx-0 prose leading-relaxed text-lg mb-5 text-left wp-paragraph\">\n<p>L&#039;accesso e l&#039;utilizzo di questo sito Web sono soggetti ai termini, alle condizioni e alle politiche qui descritte. Accedendo al sito l&#039;utente esprime il proprio accordo con tutte le disposizioni contenute nel presente documento.<\/p>\n<\/div><div class=\"mx-5 sm:mx-0 prose leading-relaxed text-lg mb-5 text-left wp-paragraph\">\n<p>Il team di Portal Mobile si riserva il diritto di modificare questi termini in qualsiasi momento, senza preavviso. Tali modifiche saranno pubblicate sul sito ed entreranno in vigore immediatamente. Gli utenti sono interamente responsabili del proprio comportamento all&#039;interno del sito Web e Portal Mobile non si assume alcuna responsabilit\u00e0 per eventuali danni o perdite causati dall&#039;utente a se stessi o a terzi.<\/p>\n<\/div><div class=\"mx-5 sm:mx-0 prose leading-relaxed text-lg mb-5 text-left wp-paragraph\">\n<p>Agli utenti \u00e8 vietato pubblicare contenuti illegali, diffamatori, osceni o che violino i diritti di terzi, utilizzare il sito per scopi commerciali o interferire con il suo funzionamento o con i servizi offerti.<\/p>\n<\/div><div class=\"mx-5 sm:mx-0 prose leading-relaxed text-lg mb-5 text-left wp-paragraph\">\n<p>Portal Mobile raccoglie e utilizza i dati personali degli utenti per l&#039;identificazione, la registrazione e la fornitura di servizi, come dettagliato nella nostra Informativa sulla privacy. Accedendo e utilizzando il Portale Mobile, l&#039;utente accetta i termini e le condizioni stabiliti nel presente documento. Se non sei d&#039;accordo devi astenerti dall&#039;accedere al sito.<\/p>\n<\/div><!--advertisement--><div class=\"mx-5 sm:mx-0 sm:text-3xl text-2xl font-medium title-font mb-4 text-gray-900 text-left\">\n<h2 class=\"wp-block-heading\"><strong>Sezione I \u2013 Ammissione<\/strong><\/h2>\n<\/div><div class=\"mx-5 sm:mx-0 prose leading-relaxed text-lg mb-5 text-left wp-paragraph\">\n<p>Esplorando i contenuti e usufruendo dei servizi offerti sul sito Portal Mobile, l&#039;utente \u00e8 soggetto alle seguenti condizioni: accettare le Condizioni Generali d&#039;Uso e l&#039;Informativa sulla Privacy, oltre ad avere almeno 18 anni e avere piena capacit\u00e0 civile.&nbsp;<\/p>\n<\/div><div class=\"mx-5 sm:mx-0 prose leading-relaxed text-lg mb-5 text-left wp-paragraph\">\n<p><strong>Se questi requisiti non sono soddisfatti, si raccomanda all&#039;utente di astenersi dall&#039;accedere o dall&#039;utilizzare i servizi forniti dal sito web Portal Mobile.<\/strong><\/p>\n<\/div><!--advertisement--><div class=\"mx-5 sm:mx-0 sm:text-3xl text-2xl font-medium title-font mb-4 text-gray-900 text-left\">\n<h2 class=\"wp-block-heading\"><strong>Sezione II \u2013 Moduli di contatto<\/strong><\/h2>\n<\/div><div class=\"mx-5 sm:mx-0 prose leading-relaxed text-lg mb-5 text-left wp-paragraph\">\n<p>Per stabilire la comunicazione l&#039;utente pu\u00f2 utilizzare il modulo presente sul sito, raggiungibile tramite il link fornito. Il nostro team di supporto \u00e8 disponibile per rispondere a domande, risolvere problemi o ricevere feedback.<\/p>\n<\/div><!--advertisement--><div class=\"mx-5 sm:mx-0 sm:text-3xl text-2xl font-medium title-font mb-4 text-gray-900 text-left\">\n<h2 class=\"wp-block-heading\"><strong>Sezione III \u2013 Responsabilit\u00e0 reciproche<\/strong><\/h2>\n<\/div><div class=\"mx-5 sm:mx-0 prose leading-relaxed text-lg mb-5 text-left wp-paragraph\">\n<p>Utilizzando i servizi di Portal Mobile, l&#039;utente dichiara di aver letto, compreso e accettato i Termini e Condizioni d&#039;Uso, nonch\u00e9 la Privacy Policy. Il sito offre collegamenti a pagine esterne, ma non \u00e8 responsabile delle politiche o dei termini di utilizzo di questi siti.&nbsp;<\/p>\n<\/div><div class=\"mx-5 sm:mx-0 prose leading-relaxed text-lg mb-5 text-left wp-paragraph\">\n<p><strong>Si consiglia all&#039;utente di rivedere i termini e le politiche di queste piattaforme prima di effettuare qualsiasi transazione.<\/strong><\/p>\n<\/div><div class=\"mx-5 sm:mx-0 prose leading-relaxed text-lg mb-5 text-left wp-paragraph\">\n<p>Non siamo responsabili per danni derivanti da virus o software dannosi ottenuti durante la navigazione online o il trasferimento di dati. Raccomandiamo all&#039;utente di prendere precauzioni per proteggere il proprio sistema, come l&#039;utilizzo di antivirus e firewall aggiornati. Non siamo inoltre responsabili per danni derivanti da un uso inappropriato del sito o da eventi fuori dal nostro controllo.<\/p>\n<\/div><div class=\"mx-5 sm:mx-0 prose leading-relaxed text-lg mb-5 text-left wp-paragraph\">\n<p><strong>Non richiediamo depositi o bonifici bancari per approvare o concedere prodotti finanziari. Richieste di questo tipo devono essere trattate con cautela in quanto potrebbero essere tentativi fraudolenti. Non inviamo e-mail che richiedono informazioni personali o di registrazione.<\/strong><\/p>\n<\/div><div class=\"mx-5 sm:mx-0 prose leading-relaxed text-lg mb-5 text-left wp-paragraph\">\n<p>Se ricevi comunicazioni di questo tipo ti chiediamo di contattarci immediatamente.<\/p>\n<\/div><!--advertisement--><div class=\"mx-5 sm:mx-0 sm:text-3xl text-2xl font-medium title-font mb-4 text-gray-900 text-left\">\n<h2 class=\"wp-block-heading\"><strong>Sezione IV \u2013 Condizioni d&#039;Uso e Limitazioni<\/strong><\/h2>\n<\/div><div class=\"mx-5 sm:mx-0 prose leading-relaxed text-lg mb-5 text-left wp-paragraph\">\n<p>Per accedere e utilizzare i nostri servizi e contenuti, l&#039;utente deve seguire le condizioni e le restrizioni stabilite, incluso l&#039;uso legale dei servizi, il rispetto della legge, il rispetto della propriet\u00e0 intellettuale, il comportamento etico, la veridicit\u00e0 delle informazioni, la sicurezza, il rispetto della privacy, evitando attivit\u00e0 illegali o dannose, scopi impropri e integrit\u00e0 tecnica.&nbsp;<\/p>\n<\/div><div class=\"mx-5 sm:mx-0 prose leading-relaxed text-lg mb-5 text-left wp-paragraph\">\n<p>Portal Mobile si riserva il diritto di sospendere l&#039;accesso ai nostri servizi in caso di violazione di queste restrizioni.<\/p>\n<\/div><!--advertisement--><div class=\"mx-5 sm:mx-0 sm:text-3xl text-2xl font-medium title-font mb-4 text-gray-900 text-left\">\n<h2 class=\"wp-block-heading\"><strong>Sezione V \u2013 Limitazioni di responsabilit\u00e0 e garanzie<\/strong><\/h2>\n<\/div><div class=\"mx-5 sm:mx-0 prose leading-relaxed text-lg mb-5 text-left wp-paragraph\">\n<p>Portal Mobile fornisce i propri servizi senza offrire garanzie di alcun tipo. L&#039;utente riconosce che l&#039;utilizzo dei servizi del sito web Portal Mobile pu\u00f2 comportare rischi e che la responsabilit\u00e0 per eventuali danni o perdite derivanti dall&#039;utilizzo dei servizi ricade esclusivamente sull&#039;utente.&nbsp;<\/p>\n<\/div><div class=\"mx-5 sm:mx-0 prose leading-relaxed text-lg mb-5 text-left wp-paragraph\">\n<p>Portal Mobile, i suoi direttori, dipendenti o partner non saranno responsabili per danni indiretti, incidentali, speciali o consequenziali.<\/p>\n<\/div><!--advertisement--><div class=\"mx-5 sm:mx-0 sm:text-3xl text-2xl font-medium title-font mb-4 text-gray-900 text-left\">\n<h2 class=\"wp-block-heading\"><strong>Sezione VI \u2013 Validit\u00e0 e scadenza<\/strong><\/h2>\n<\/div><div class=\"mx-5 sm:mx-0 prose leading-relaxed text-lg mb-5 text-left wp-paragraph\">\n<p>I reclami relativi all&#039;utilizzo del sito Portal Mobile devono essere presentati entro 90 giorni dalla data dell&#039;evento che ha dato origine al reclamo. Le Condizioni Generali d&#039;Uso del Portale Mobile restano in vigore per un periodo indeterminato.<\/p>\n<\/div><!--advertisement--><div class=\"mx-5 sm:mx-0 sm:text-3xl text-2xl font-medium title-font mb-4 text-gray-900 text-left\">\n<h2 class=\"wp-block-heading\"><strong>Sezione VII \u2013 Legislazione e foro competente<\/strong><\/h2>\n<\/div><div class=\"mx-5 sm:mx-0 prose leading-relaxed text-lg mb-5 text-left wp-paragraph\">\n<p>7.1 I Termini e Condizioni Generali d&#039;Uso del Portale Mobile e l&#039;Informativa sulla Privacy sono regolati dalle leggi della Repubblica Federativa del Brasile, inclusa la Costituzione Federale, il Codice Civile, il Codice di Tutela dei Consumatori, la Legge Generale del Marco Civil da Internet e la legge generale sulla protezione dei dati.<\/p>\n<\/div><div class=\"mx-5 sm:mx-0 prose leading-relaxed text-lg mb-5 text-left wp-paragraph\">\n<p>7.2 In caso di controversia derivante dalle Condizioni d&#039;Uso o dall&#039;Informativa sulla Privacy, le parti concordano di essere soggette esclusivamente alla legge brasiliana.<\/p>\n<\/div><!--advertisement--><div class=\"mx-5 sm:mx-0 sm:text-3xl text-2xl font-medium title-font mb-4 text-gray-900 text-left\">\n<h2 class=\"wp-block-heading\"><strong>Sezione VIII \u2013 Contenuti e diritti intellettuali<\/strong><\/h2>\n<\/div><div class=\"mx-5 sm:mx-0 prose leading-relaxed text-lg mb-5 text-left wp-paragraph\">\n<p>Tutto il materiale presente sul Portale Mobile, compresi testi, immagini, video e altre risorse, \u00e8 di propriet\u00e0 dell&#039;azienda e dei suoi collaboratori, protetto dalle norme sul diritto d&#039;autore e sulla propriet\u00e0 intellettuale.&nbsp;<\/p>\n<\/div><div class=\"mx-5 sm:mx-0 prose leading-relaxed text-lg mb-5 text-left wp-paragraph\">\n<p>Qualsiasi riproduzione, alterazione, distribuzione, visualizzazione o creazione di opere derivate da questo contenuto senza l&#039;espressa autorizzazione di Portal Mobile \u00e8 severamente vietata.<\/p>\n<\/div><div class=\"mx-5 sm:mx-0 prose leading-relaxed text-lg mb-5 text-left wp-paragraph\">\n<p>Portal Mobile non \u00e8 responsabile dei contenuti generati da terzi, come commenti e post su forum o social network. Inoltre, non \u00e8 responsabile per danni derivanti dall&#039;utilizzo del sito web, siano essi diretti, indiretti, incidentali o consequenziali.&nbsp;<\/p>\n<\/div><div class=\"mx-5 sm:mx-0 prose leading-relaxed text-lg mb-5 text-left wp-paragraph\">\n<p>La societ\u00e0 si riserva il diritto di rimuovere i contenuti che violano queste condizioni, soprattutto quelli considerati illegali, offensivi, diffamatori o che violano i diritti di terzi, e potr\u00e0 anche chiudere gli account degli utenti che non rispettano queste condizioni.<\/p>\n<\/div><!--advertisement--><div class=\"mx-5 sm:mx-0 sm:text-3xl text-2xl font-medium title-font mb-4 text-gray-900 text-left\">\n<h2 class=\"wp-block-heading\"><strong>Sezione IX \u2013 Modifiche ai Termini e Condizioni<\/strong><\/h2>\n<\/div><div class=\"mx-5 sm:mx-0 prose leading-relaxed text-lg mb-5 text-left wp-paragraph\">\n<p>I servizi offerti da Portal Mobile potranno essere modificati o addirittura sospesi in qualsiasi momento, senza preavviso. Il portale non si assume alcuna responsabilit\u00e0 verso gli utenti o verso terzi per tali modifiche.&nbsp;<\/p>\n<\/div><div class=\"mx-5 sm:mx-0 prose leading-relaxed text-lg mb-5 text-left wp-paragraph\">\n<p>L&#039;accettazione dei presenti Termini e Condizioni \u00e8 una condizione irrevocabile per l&#039;utilizzo del sito web Portal Mobile. Gli utenti che non concordano con tali condizioni dovranno astenersi dall&#039;utilizzarle.<\/p>\n<\/div><!--advertisement--><div class=\"mx-5 sm:mx-0 sm:text-3xl text-2xl font-medium title-font mb-4 text-gray-900 text-left\">\n<h2 class=\"wp-block-heading\"><strong>Sezione X \u2013 Servizio Clienti<\/strong><\/h2>\n<\/div><div class=\"mx-5 sm:mx-0 prose leading-relaxed text-lg mb-5 text-left wp-paragraph\">\n<p>Se l&#039;utente ha suggerimenti o reclami sui contenuti e sui servizi del sito web Portal Mobile, consigliamo di contattare il nostro team tramite e-mail contato@portalmobile.com<\/p>\n<\/div>","protected":false},"excerpt":{"rendered":"<p>Informazioni aggiornate al 23 febbraio 2024. LEGGERE ATTENTAMENTE LE NOSTRE CONDIZIONI D&#039;USO. SE NON ACCETTI QUESTI TERMINI, NON UTILIZZARE I SERVIZI FORNITI DA PORTALE MOBILE. Portal Mobile, una piattaforma dedicata alla promozione di contenuti di carriera, revisione delle candidature e tecnologia, \u00e8 gestita dal team responsabile, rappresentato come &quot;noi&quot;... <a class=\"more-link\" href=\"https:\/\/portalmobile.com.br\/it\/terms\/\">Continua a leggere <span class=\"screen-reader-text\">Termini<\/span><\/a><\/p>","protected":false},"author":2,"featured_media":0,"parent":0,"menu_order":0,"comment_status":"closed","ping_status":"closed","template":"","meta":{"footnotes":""},"yoast_head":"<!-- This site is optimized with the Yoast SEO plugin v23.3 - https:\/\/yoast.com\/wordpress\/plugins\/seo\/ -->\n<title>Termos - Portal Mobile<\/title>\n<meta name=\"description\" content=\"Veja os Termos de Uso do Portal Mobile. Navegue com seguran\u00e7a pelo nosso conte\u00fado, e aprenda coisas novas todos os dias.\" \/>\n<meta name=\"robots\" content=\"index, follow, max-snippet:-1, max-image-preview:large, max-video-preview:-1\" \/>\n<link rel=\"canonical\" href=\"https:\/\/portalmobile.com.br\/it\/terms\/\" \/>\n<meta property=\"og:locale\" content=\"it_IT\" \/>\n<meta property=\"og:type\" content=\"article\" \/>\n<meta property=\"og:title\" content=\"Termos - Portal Mobile\" \/>\n<meta property=\"og:description\" content=\"Veja os Termos de Uso do Portal Mobile. Navegue com seguran\u00e7a pelo nosso conte\u00fado, e aprenda coisas novas todos os dias.\" \/>\n<meta property=\"og:url\" content=\"https:\/\/portalmobile.com.br\/it\/terms\/\" \/>\n<meta property=\"og:site_name\" content=\"Portal Mobile\" \/>\n<meta name=\"twitter:card\" content=\"summary_large_image\" \/>\n<meta name=\"twitter:label1\" content=\"Est. reading time\" \/>\n\t<meta name=\"twitter:data1\" content=\"6 minuti\" \/>\n<script type=\"application\/ld+json\" class=\"yoast-schema-graph\">{\"@context\":\"https:\/\/schema.org\",\"@graph\":[{\"@type\":\"WebPage\",\"@id\":\"https:\/\/portalmobile.com.br\/it\/terms\/\",\"url\":\"https:\/\/portalmobile.com.br\/it\/terms\/\",\"name\":\"Termos - Portal Mobile\",\"isPartOf\":{\"@id\":\"https:\/\/portalmobile.com.br\/#website\"},\"datePublished\":\"2024-02-26T17:31:19+00:00\",\"dateModified\":\"2024-02-26T17:31:19+00:00\",\"description\":\"Veja os Termos de Uso do Portal Mobile. Navegue com seguran\u00e7a pelo nosso conte\u00fado, e aprenda coisas novas todos os dias.\",\"breadcrumb\":{\"@id\":\"https:\/\/portalmobile.com.br\/it\/terms\/#breadcrumb\"},\"inLanguage\":\"it-IT\",\"potentialAction\":[{\"@type\":\"ReadAction\",\"target\":[\"https:\/\/portalmobile.com.br\/it\/terms\/\"]}]},{\"@type\":\"BreadcrumbList\",\"@id\":\"https:\/\/portalmobile.com.br\/it\/terms\/#breadcrumb\",\"itemListElement\":[{\"@type\":\"ListItem\",\"position\":1,\"name\":\"Home\",\"item\":\"https:\/\/portalmobile.com.br\/\"},{\"@type\":\"ListItem\",\"position\":2,\"name\":\"Termos\"}]},{\"@type\":\"WebSite\",\"@id\":\"https:\/\/portalmobile.com.br\/#website\",\"url\":\"https:\/\/portalmobile.com.br\/\",\"name\":\"Portal Mobile\",\"description\":\"\",\"potentialAction\":[{\"@type\":\"SearchAction\",\"target\":{\"@type\":\"EntryPoint\",\"urlTemplate\":\"https:\/\/portalmobile.com.br\/?s={search_term_string}\"},\"query-input\":\"required name=search_term_string\"}],\"inLanguage\":\"it-IT\"}]}<\/script>\n<!-- \/ Yoast SEO plugin. -->","yoast_head_json":{"title":"Termos - Portal Mobile","description":"Veja os Termos de Uso do Portal Mobile. Navegue com seguran\u00e7a pelo nosso conte\u00fado, e aprenda coisas novas todos os dias.","robots":{"index":"index","follow":"follow","max-snippet":"max-snippet:-1","max-image-preview":"max-image-preview:large","max-video-preview":"max-video-preview:-1"},"canonical":"https:\/\/portalmobile.com.br\/it\/terms\/","og_locale":"it_IT","og_type":"article","og_title":"Termos - Portal Mobile","og_description":"Veja os Termos de Uso do Portal Mobile. Navegue com seguran\u00e7a pelo nosso conte\u00fado, e aprenda coisas novas todos os dias.","og_url":"https:\/\/portalmobile.com.br\/it\/terms\/","og_site_name":"Portal Mobile","twitter_card":"summary_large_image","twitter_misc":{"Est. reading time":"6 minuti"},"schema":{"@context":"https:\/\/schema.org","@graph":[{"@type":"WebPage","@id":"https:\/\/portalmobile.com.br\/it\/terms\/","url":"https:\/\/portalmobile.com.br\/it\/terms\/","name":"Termos - Portal Mobile","isPartOf":{"@id":"https:\/\/portalmobile.com.br\/#website"},"datePublished":"2024-02-26T17:31:19+00:00","dateModified":"2024-02-26T17:31:19+00:00","description":"Veja os Termos de Uso do Portal Mobile. Navegue com seguran\u00e7a pelo nosso conte\u00fado, e aprenda coisas novas todos os dias.","breadcrumb":{"@id":"https:\/\/portalmobile.com.br\/it\/terms\/#breadcrumb"},"inLanguage":"it-IT","potentialAction":[{"@type":"ReadAction","target":["https:\/\/portalmobile.com.br\/it\/terms\/"]}]},{"@type":"BreadcrumbList","@id":"https:\/\/portalmobile.com.br\/it\/terms\/#breadcrumb","itemListElement":[{"@type":"ListItem","position":1,"name":"Home","item":"https:\/\/portalmobile.com.br\/"},{"@type":"ListItem","position":2,"name":"Termos"}]},{"@type":"WebSite","@id":"https:\/\/portalmobile.com.br\/#website","url":"https:\/\/portalmobile.com.br\/","name":"Portal Mobile","description":"","potentialAction":[{"@type":"SearchAction","target":{"@type":"EntryPoint","urlTemplate":"https:\/\/portalmobile.com.br\/?s={search_term_string}"},"query-input":"required name=search_term_string"}],"inLanguage":"it-IT"}]}},"_links":{"self":[{"href":"https:\/\/portalmobile.com.br\/it\/wp-json\/wp\/v2\/pages\/381"}],"collection":[{"href":"https:\/\/portalmobile.com.br\/it\/wp-json\/wp\/v2\/pages"}],"about":[{"href":"https:\/\/portalmobile.com.br\/it\/wp-json\/wp\/v2\/types\/page"}],"author":[{"embeddable":true,"href":"https:\/\/portalmobile.com.br\/it\/wp-json\/wp\/v2\/users\/2"}],"replies":[{"embeddable":true,"href":"https:\/\/portalmobile.com.br\/it\/wp-json\/wp\/v2\/comments?post=381"}],"version-history":[{"count":0,"href":"https:\/\/portalmobile.com.br\/it\/wp-json\/wp\/v2\/pages\/381\/revisions"}],"wp:attachment":[{"href":"https:\/\/portalmobile.com.br\/it\/wp-json\/wp\/v2\/media?parent=381"}],"curies":[{"name":"wp","href":"https:\/\/api.w.org\/{rel}","templated":true}]}}