{"id":384,"date":"2024-02-26T18:03:50","date_gmt":"2024-02-26T18:03:50","guid":{"rendered":"http:\/\/159.65.181.39\/?page_id=384"},"modified":"2025-07-25T19:29:14","modified_gmt":"2025-07-25T19:29:14","slug":"about","status":"publish","type":"page","link":"https:\/\/portalmobile.com.br\/he\/about\/","title":{"rendered":"\u05d0\u05d5\u05d3\u05d5\u05ea\u05d9\u05e0\u05d5"},"content":{"rendered":"<!--advertisement--><div class=\"mx-5 sm:mx-0 sm:text-3xl text-2xl font-medium title-font mb-4 text-gray-900 text-left\">\n<h2 class=\"wp-block-heading\">\u05d1\u05e8\u05d5\u05db\u05d9\u05dd \u05d4\u05d1\u05d0\u05d9\u05dd \u05dc\u05e4\u05d5\u05e8\u05d8\u05dc \u05d4\u05e0\u05d9\u05d9\u05d3!<\/h2>\n<\/div><!--advertisement--><div class=\"mx-5 sm:mx-0 sm:text-3xl text-2xl font-medium title-font mb-4 text-gray-900 text-left\">\n<h3 class=\"wp-block-heading\">\u05d0\u05e0\u05d5 \u05de\u05d0\u05de\u05d9\u05e0\u05d9\u05dd \u05e9\u05d8\u05db\u05e0\u05d5\u05dc\u05d5\u05d2\u05d9\u05d4 \u05d4\u05d9\u05d0 \u05de\u05e0\u05d5\u05e2 \u05e9\u05dc \u05d8\u05e8\u05e0\u05e1\u05e4\u05d5\u05e8\u05de\u05e6\u05d9\u05d4.<\/h3>\n<\/div><div class=\"mx-5 sm:mx-0 prose leading-relaxed text-lg mb-5 text-left wp-paragraph\">\n<p>\u05d1\u05d9\u05df \u05d0\u05dd \u05de\u05d3\u05d5\u05d1\u05e8 \u05d1\u05de\u05e6\u05d9\u05d0\u05ea \u05e2\u05d1\u05d5\u05d3\u05d4 \u05d7\u05d3\u05e9\u05d4, \u05d2\u05d9\u05dc\u05d5\u05d9 \u05d0\u05e4\u05dc\u05d9\u05e7\u05e6\u05d9\u05d4 \u05d7\u05d3\u05e9\u05e0\u05d9\u05ea \u05d0\u05d5 \u05d4\u05e0\u05d0\u05d4 \u05de\u05e8\u05d2\u05e2 \u05e9\u05dc \u05d1\u05d9\u05d3\u05d5\u05e8, \u05d8\u05db\u05e0\u05d5\u05dc\u05d5\u05d2\u05d9\u05d4 \u05e4\u05d5\u05ea\u05d7\u05ea \u05d3\u05dc\u05ea\u05d5\u05ea \u05db\u05dc \u05d9\u05d5\u05dd - \u05d5\u05d0\u05e0\u05d7\u05e0\u05d5 \u05db\u05d0\u05df \u05db\u05d3\u05d9 \u05dc\u05d4\u05d3\u05e8\u05d9\u05da \u05d0\u05ea\u05db\u05dd \u05d3\u05e8\u05db\u05df.<\/p>\n<\/div><!--advertisement--><div class=\"mx-5 sm:mx-0 sm:text-3xl text-2xl font-medium title-font mb-4 text-gray-900 text-left\">\n<h3 class=\"wp-block-heading\">\u05de\u05d9 \u05d0\u05e0\u05d7\u05e0\u05d5<\/h3>\n<\/div><div class=\"mx-5 sm:mx-0 prose leading-relaxed text-lg mb-5 text-left wp-paragraph\">\n<p>\u05d4- <strong>\u05e4\u05d5\u05e8\u05d8\u05dc \u05e0\u05d9\u05d9\u05d3<\/strong> \u05d6\u05d4\u05d5 \u05e4\u05d5\u05e8\u05d8\u05dc \u05ea\u05d5\u05db\u05df \u05d3\u05d9\u05d2\u05d9\u05d8\u05dc\u05d9 \u05d4\u05de\u05db\u05d5\u05d5\u05df \u05dc\u05d0\u05e0\u05e9\u05d9\u05dd \u05e9\u05e8\u05d5\u05e6\u05d9\u05dd \u05dc\u05d4\u05e4\u05d9\u05e7 \u05d0\u05ea \u05d4\u05de\u05e8\u05d1 \u05de\u05e2\u05d5\u05dc\u05dd \u05d4\u05d0\u05e4\u05dc\u05d9\u05e7\u05e6\u05d9\u05d5\u05ea. \u05d0\u05e0\u05d7\u05e0\u05d5 \u05e6\u05d5\u05d5\u05ea \u05d4\u05de\u05d5\u05e0\u05e2 \u05e2\u05dc \u05d9\u05d3\u05d9 \u05e1\u05e7\u05e8\u05e0\u05d5\u05ea, \u05d7\u05d3\u05e9\u05e0\u05d5\u05ea \u05d5\u05ea\u05e9\u05d5\u05e7\u05d4 \u05dc\u05db\u05dc \u05de\u05d4 \u05e9\u05d9\u05e9 \u05dc\u05d8\u05db\u05e0\u05d5\u05dc\u05d5\u05d2\u05d9\u05d4 \u05dc\u05d4\u05e6\u05d9\u05e2.<\/p>\n<\/div><div class=\"mx-5 sm:mx-0 prose leading-relaxed text-lg mb-5 text-left wp-paragraph\">\n<p>\u05d0\u05e0\u05d5 \u05e2\u05d5\u05e7\u05d1\u05d9\u05dd \u05d0\u05d7\u05e8 \u05d4\u05de\u05d2\u05de\u05d5\u05ea \u05d4\u05e2\u05d9\u05e7\u05e8\u05d9\u05d5\u05ea \u05d1\u05e9\u05d5\u05e7 \u05d4\u05de\u05d5\u05d1\u05d9\u05d9\u05dc, \u05d1\u05d5\u05d3\u05e7\u05d9\u05dd \u05de\u05d5\u05e6\u05e8\u05d9\u05dd \u05d7\u05d3\u05e9\u05d9\u05dd \u05d5\u05de\u05ea\u05e8\u05d2\u05de\u05d9\u05dd \u05d0\u05ea \u05db\u05dc \u05d6\u05d4 \u05dc\u05de\u05d9\u05d3\u05e2 \u05e4\u05e9\u05d5\u05d8, \u05e9\u05d9\u05de\u05d5\u05e9\u05d9 \u05d5\u05e0\u05d2\u05d9\u05e9. \u05d4\u05de\u05d9\u05e7\u05d5\u05d3 \u05e9\u05dc\u05e0\u05d5 \u05d1\u05e8\u05d5\u05e8: \u05dc\u05e2\u05d6\u05d5\u05e8 \u05dc\u05db\u05dd \u05dc\u05e7\u05d1\u05dc \u05d4\u05d7\u05dc\u05d8\u05d5\u05ea \u05d8\u05d5\u05d1\u05d5\u05ea \u05d1\u05e2\u05d5\u05dc\u05dd \u05d4\u05d3\u05d9\u05d2\u05d9\u05d8\u05dc\u05d9.<\/p>\n<\/div><!--advertisement--><div class=\"mx-5 sm:mx-0 sm:text-3xl text-2xl font-medium title-font mb-4 text-gray-900 text-left\">\n<h3 class=\"wp-block-heading\">\u05de\u05d4 \u05d0\u05e0\u05d7\u05e0\u05d5 \u05e2\u05d5\u05e9\u05d9\u05dd<\/h3>\n<\/div><div class=\"mx-5 sm:mx-0 prose text-left mb-5\">\n<ul><div class=\"mx-5 sm:mx-0 prose text-left mb-5\">\n<li><strong>\u05d0\u05e0\u05d5 \u05de\u05de\u05dc\u05d9\u05e6\u05d9\u05dd \u05e2\u05dc \u05d4\u05d0\u05e4\u05dc\u05d9\u05e7\u05e6\u05d9\u05d5\u05ea \u05d4\u05d8\u05d5\u05d1\u05d5\u05ea \u05d1\u05d9\u05d5\u05ea\u05e8.<\/strong>\u05d0\u05e0\u05d5 \u05d1\u05d5\u05d3\u05e7\u05d9\u05dd, \u05de\u05e0\u05ea\u05d7\u05d9\u05dd \u05d5\u05d1\u05d5\u05d7\u05e8\u05d9\u05dd \u05d0\u05ea \u05d4\u05d0\u05e4\u05dc\u05d9\u05e7\u05e6\u05d9\u05d5\u05ea \u05d4\u05e9\u05d9\u05de\u05d5\u05e9\u05d9\u05d5\u05ea \u05d5\u05d4\u05de\u05e2\u05e0\u05d9\u05d9\u05e0\u05d5\u05ea \u05d1\u05d9\u05d5\u05ea\u05e8 \u05dc\u05d7\u05d9\u05d9 \u05d4\u05d9\u05d5\u05de\u05d9\u05d5\u05dd \u05e9\u05dc\u05db\u05dd.<\/li>\n<\/div>\n\n<div class=\"mx-5 sm:mx-0 prose text-left mb-5\">\n<li><strong>\u05d0\u05e0\u05d7\u05e0\u05d5 \u05de\u05d7\u05d1\u05e8\u05d9\u05dd \u05d0\u05d5\u05ea\u05da \u05dc\u05d4\u05d6\u05d3\u05de\u05e0\u05d5\u05d9\u05d5\u05ea \u05d7\u05d3\u05e9\u05d5\u05ea.<\/strong>\u05d1\u05d9\u05df \u05d0\u05dd \u05d1\u05d0\u05de\u05e6\u05e2\u05d5\u05ea \u05db\u05dc\u05d9\u05dd \u05dc\u05e4\u05e8\u05d5\u05d3\u05d5\u05e7\u05d8\u05d9\u05d1\u05d9\u05d5\u05ea, \u05e2\u05d1\u05d5\u05d3\u05d4, \u05de\u05e2\u05e8\u05db\u05d5\u05ea \u05d9\u05d7\u05e1\u05d9\u05dd \u05d0\u05d5 \u05e4\u05e0\u05d0\u05d9.<\/li>\n<\/div>\n\n<div class=\"mx-5 sm:mx-0 prose text-left mb-5\">\n<li><strong>\u05d0\u05e0\u05d7\u05e0\u05d5 \u05de\u05e1\u05d1\u05d9\u05e8\u05d9\u05dd \u05de\u05d4 \u05d1\u05d0\u05de\u05ea \u05d7\u05e9\u05d5\u05d1.<\/strong>\u05d0\u05d9\u05df \u05db\u05d0\u05df \u05d6&#039;\u05e8\u05d2\u05d5\u05df \u05d8\u05db\u05e0\u05d9 - \u05d4\u05ea\u05d5\u05db\u05df \u05e9\u05dc\u05e0\u05d5 \u05d9\u05e9\u05e8 \u05d5\u05dc\u05e2\u05e0\u05d9\u05d9\u05df, \u05d5\u05de\u05d9\u05d5\u05e2\u05d3 \u05dc\u05db\u05dc \u05e8\u05de\u05d5\u05ea \u05d4\u05d9\u05d3\u05e2.<\/li>\n<\/div><\/ul>\n<\/div><div class=\"mx-5 sm:mx-0 prose leading-relaxed text-lg mb-5 text-left wp-paragraph\">\n<p>\u05d1\u05d9\u05df \u05d0\u05dd \u05d0\u05ea\u05dd \u05d7\u05d5\u05d1\u05d1\u05d9 \u05d8\u05db\u05e0\u05d5\u05dc\u05d5\u05d2\u05d9\u05d4 \u05d0\u05d5 \u05de\u05d9\u05e9\u05d4\u05d5 \u05e9\u05e8\u05e7 \u05e8\u05d5\u05e6\u05d4 \u05dc\u05d3\u05e2\u05ea \u05d0\u05d9\u05d6\u05d5 \u05d0\u05e4\u05dc\u05d9\u05e7\u05e6\u05d9\u05d4 \u05dc\u05d4\u05ea\u05e7\u05d9\u05df \u05d1\u05d8\u05dc\u05e4\u05d5\u05df \u05e9\u05dc\u05d5, Portal Mobile \u05d4\u05d5\u05d0 \u05d1\u05e9\u05d1\u05d9\u05dc\u05db\u05dd.<\/p>\n<\/div><!--advertisement--><div class=\"mx-5 sm:mx-0 sm:text-3xl text-2xl font-medium title-font mb-4 text-gray-900 text-left\">\n<h3 class=\"wp-block-heading\">\u05d4\u05d5\u05d3\u05e2\u05d4 \u05de\u05e9\u05e4\u05d8\u05d9\u05ea<\/h3>\n<\/div><div class=\"mx-5 sm:mx-0 prose leading-relaxed text-lg mb-5 text-left wp-paragraph\">\n<p>\u05d4- <strong>\u05e4\u05d5\u05e8\u05d8\u05dc \u05e0\u05d9\u05d9\u05d3<\/strong> \u05d6\u05d4\u05d5 \u05d0\u05ea\u05e8 \u05de\u05d9\u05d3\u05e2 \u05dc\u05dc\u05d0 \u05e7\u05e9\u05e8\u05d9\u05dd \u05de\u05e1\u05d7\u05e8\u05d9\u05d9\u05dd \u05dc\u05d0\u05e4\u05dc\u05d9\u05e7\u05e6\u05d9\u05d5\u05ea, \u05dc\u05d7\u05d1\u05e8\u05d5\u05ea \u05d0\u05d5 \u05dc\u05de\u05d5\u05e6\u05e8\u05d9\u05dd \u05d4\u05de\u05d5\u05d6\u05db\u05e8\u05d9\u05dd \u05d1\u05ea\u05d5\u05db\u05df \u05e9\u05dc\u05e0\u05d5. \u05db\u05dc \u05d4\u05e0\u05d9\u05ea\u05d5\u05d7\u05d9\u05dd \u05d5\u05d4\u05d4\u05de\u05dc\u05e6\u05d5\u05ea \u05d4\u05dd \u05d0\u05d5\u05d1\u05d9\u05d9\u05e7\u05d8\u05d9\u05d1\u05d9\u05d9\u05dd, \u05d1\u05de\u05d8\u05e8\u05d4 \u05d4\u05d9\u05d7\u05d9\u05d3\u05d4 \u05dc\u05e2\u05d6\u05d5\u05e8 \u05dc\u05db\u05dd \u05dc\u05e0\u05d5\u05d5\u05d8 \u05d1\u05e2\u05d5\u05dc\u05dd \u05d4\u05d3\u05d9\u05d2\u05d9\u05d8\u05dc\u05d9 \u05d1\u05e6\u05d5\u05e8\u05d4 \u05d1\u05d8\u05d5\u05d7\u05d4 \u05d5\u05de\u05d5\u05d3\u05e2\u05ea \u05d9\u05d5\u05ea\u05e8.<\/p>\n<\/div>","protected":false},"excerpt":{"rendered":"<p>\u05d1\u05e8\u05d5\u05db\u05d9\u05dd \u05d4\u05d1\u05d0\u05d9\u05dd \u05dc\u05e4\u05d5\u05e8\u05d8\u05dc \u05de\u05d5\u05d1\u05d9\u05d9\u05dc! \u05d0\u05e0\u05d5 \u05de\u05d0\u05de\u05d9\u05e0\u05d9\u05dd \u05e9\u05d8\u05db\u05e0\u05d5\u05dc\u05d5\u05d2\u05d9\u05d4 \u05d4\u05d9\u05d0 \u05de\u05e0\u05d5\u05e2 \u05e9\u05dc \u05d8\u05e8\u05e0\u05e1\u05e4\u05d5\u05e8\u05de\u05e6\u05d9\u05d4. \u05d1\u05d9\u05df \u05d0\u05dd \u05de\u05d3\u05d5\u05d1\u05e8 \u05d1\u05de\u05e6\u05d9\u05d0\u05ea \u05e2\u05d1\u05d5\u05d3\u05d4 \u05d7\u05d3\u05e9\u05d4, \u05d1\u05d7\u05d9\u05e0\u05ea \u05d0\u05e4\u05dc\u05d9\u05e7\u05e6\u05d9\u05d4 \u05d7\u05d3\u05e9\u05e0\u05d9\u05ea \u05d0\u05d5 \u05d1\u05d1\u05d9\u05dc\u05d5\u05d9, \u05d8\u05db\u05e0\u05d5\u05dc\u05d5\u05d2\u05d9\u05d4 \u05e4\u05d5\u05ea\u05d7\u05ea \u05d3\u05dc\u05ea\u05d5\u05ea \u05d1\u05db\u05dc \u05d9\u05d5\u05dd - \u05d5\u05d0\u05e0\u05d7\u05e0\u05d5 \u05db\u05d0\u05df \u05db\u05d3\u05d9 \u05dc\u05d4\u05d3\u05e8\u05d9\u05da \u05d0\u05ea\u05db\u05dd \u05d3\u05e8\u05db\u05df. \u05de\u05d9 \u05d0\u05e0\u05d7\u05e0\u05d5? \u05e4\u05d5\u05e8\u05d8\u05dc \u05de\u05d5\u05d1\u05d9\u05d9\u05dc \u05d4\u05d5\u05d0 \u05e4\u05d5\u05e8\u05d8\u05dc \u05ea\u05d5\u05db\u05df \u05d3\u05d9\u05d2\u05d9\u05d8\u05dc\u05d9... <a class=\"more-link\" href=\"https:\/\/portalmobile.com.br\/he\/about\/\">\u05d4\u05de\u05e9\u05da \u05e7\u05e8\u05d9\u05d0\u05d4 <span class=\"screen-reader-text\">\u05d0\u05d5\u05d3\u05d5\u05ea\u05d9\u05e0\u05d5<\/span><\/a><\/p>","protected":false},"author":2,"featured_media":0,"parent":0,"menu_order":0,"comment_status":"closed","ping_status":"closed","template":"","meta":{"footnotes":""},"yoast_head":"<!-- This site is optimized with the Yoast SEO plugin v23.3 - https:\/\/yoast.com\/wordpress\/plugins\/seo\/ -->\n<title>Sobre n\u00f3s - Portal Mobile<\/title>\n<meta name=\"description\" content=\"Saiba mais sobre como podemos te ajudar a descomplicar quest\u00f5es importantes da sua vida, como finan\u00e7as, carreira e organiza\u00e7\u00e3o pessoal.\" \/>\n<meta name=\"robots\" content=\"index, follow, max-snippet:-1, max-image-preview:large, max-video-preview:-1\" \/>\n<link rel=\"canonical\" href=\"https:\/\/portalmobile.com.br\/he\/about\/\" \/>\n<meta property=\"og:locale\" content=\"he_IL\" \/>\n<meta property=\"og:type\" content=\"article\" \/>\n<meta property=\"og:title\" content=\"Sobre n\u00f3s - Portal Mobile\" \/>\n<meta property=\"og:description\" content=\"Saiba mais sobre como podemos te ajudar a descomplicar quest\u00f5es importantes da sua vida, como finan\u00e7as, carreira e organiza\u00e7\u00e3o pessoal.\" \/>\n<meta property=\"og:url\" content=\"https:\/\/portalmobile.com.br\/he\/about\/\" \/>\n<meta property=\"og:site_name\" content=\"Portal Mobile\" \/>\n<meta property=\"article:modified_time\" content=\"2025-07-25T19:29:14+00:00\" \/>\n<meta name=\"twitter:card\" content=\"summary_large_image\" \/>\n<meta name=\"twitter:label1\" content=\"Est. reading time\" \/>\n\t<meta name=\"twitter:data1\" content=\"2 \u05d3\u05e7\u05d5\u05ea\" \/>\n<script type=\"application\/ld+json\" class=\"yoast-schema-graph\">{\"@context\":\"https:\/\/schema.org\",\"@graph\":[{\"@type\":\"WebPage\",\"@id\":\"https:\/\/portalmobile.com.br\/about\/\",\"url\":\"https:\/\/portalmobile.com.br\/about\/\",\"name\":\"Sobre n\u00f3s - Portal Mobile\",\"isPartOf\":{\"@id\":\"https:\/\/portalmobile.com.br\/#website\"},\"datePublished\":\"2024-02-26T18:03:50+00:00\",\"dateModified\":\"2025-07-25T19:29:14+00:00\",\"description\":\"Saiba mais sobre como podemos te ajudar a descomplicar quest\u00f5es importantes da sua vida, como finan\u00e7as, carreira e organiza\u00e7\u00e3o pessoal.\",\"breadcrumb\":{\"@id\":\"https:\/\/portalmobile.com.br\/about\/#breadcrumb\"},\"inLanguage\":\"he-IL\",\"potentialAction\":[{\"@type\":\"ReadAction\",\"target\":[\"https:\/\/portalmobile.com.br\/about\/\"]}]},{\"@type\":\"BreadcrumbList\",\"@id\":\"https:\/\/portalmobile.com.br\/about\/#breadcrumb\",\"itemListElement\":[{\"@type\":\"ListItem\",\"position\":1,\"name\":\"Home\",\"item\":\"https:\/\/portalmobile.com.br\/\"},{\"@type\":\"ListItem\",\"position\":2,\"name\":\"Sobre n\u00f3s\"}]},{\"@type\":\"WebSite\",\"@id\":\"https:\/\/portalmobile.com.br\/#website\",\"url\":\"https:\/\/portalmobile.com.br\/\",\"name\":\"Portal Mobile\",\"description\":\"\",\"potentialAction\":[{\"@type\":\"SearchAction\",\"target\":{\"@type\":\"EntryPoint\",\"urlTemplate\":\"https:\/\/portalmobile.com.br\/?s={search_term_string}\"},\"query-input\":\"required name=search_term_string\"}],\"inLanguage\":\"he-IL\"}]}<\/script>\n<!-- \/ Yoast SEO plugin. -->","yoast_head_json":{"title":"Sobre n\u00f3s - Portal Mobile","description":"Saiba mais sobre como podemos te ajudar a descomplicar quest\u00f5es importantes da sua vida, como finan\u00e7as, carreira e organiza\u00e7\u00e3o pessoal.","robots":{"index":"index","follow":"follow","max-snippet":"max-snippet:-1","max-image-preview":"max-image-preview:large","max-video-preview":"max-video-preview:-1"},"canonical":"https:\/\/portalmobile.com.br\/he\/about\/","og_locale":"he_IL","og_type":"article","og_title":"Sobre n\u00f3s - Portal Mobile","og_description":"Saiba mais sobre como podemos te ajudar a descomplicar quest\u00f5es importantes da sua vida, como finan\u00e7as, carreira e organiza\u00e7\u00e3o pessoal.","og_url":"https:\/\/portalmobile.com.br\/he\/about\/","og_site_name":"Portal Mobile","article_modified_time":"2025-07-25T19:29:14+00:00","twitter_card":"summary_large_image","twitter_misc":{"Est. reading time":"2 \u05d3\u05e7\u05d5\u05ea"},"schema":{"@context":"https:\/\/schema.org","@graph":[{"@type":"WebPage","@id":"https:\/\/portalmobile.com.br\/about\/","url":"https:\/\/portalmobile.com.br\/about\/","name":"Sobre n\u00f3s - Portal Mobile","isPartOf":{"@id":"https:\/\/portalmobile.com.br\/#website"},"datePublished":"2024-02-26T18:03:50+00:00","dateModified":"2025-07-25T19:29:14+00:00","description":"Saiba mais sobre como podemos te ajudar a descomplicar quest\u00f5es importantes da sua vida, como finan\u00e7as, carreira e organiza\u00e7\u00e3o pessoal.","breadcrumb":{"@id":"https:\/\/portalmobile.com.br\/about\/#breadcrumb"},"inLanguage":"he-IL","potentialAction":[{"@type":"ReadAction","target":["https:\/\/portalmobile.com.br\/about\/"]}]},{"@type":"BreadcrumbList","@id":"https:\/\/portalmobile.com.br\/about\/#breadcrumb","itemListElement":[{"@type":"ListItem","position":1,"name":"Home","item":"https:\/\/portalmobile.com.br\/"},{"@type":"ListItem","position":2,"name":"Sobre n\u00f3s"}]},{"@type":"WebSite","@id":"https:\/\/portalmobile.com.br\/#website","url":"https:\/\/portalmobile.com.br\/","name":"Portal Mobile","description":"","potentialAction":[{"@type":"SearchAction","target":{"@type":"EntryPoint","urlTemplate":"https:\/\/portalmobile.com.br\/?s={search_term_string}"},"query-input":"required name=search_term_string"}],"inLanguage":"he-IL"}]}},"_links":{"self":[{"href":"https:\/\/portalmobile.com.br\/he\/wp-json\/wp\/v2\/pages\/384"}],"collection":[{"href":"https:\/\/portalmobile.com.br\/he\/wp-json\/wp\/v2\/pages"}],"about":[{"href":"https:\/\/portalmobile.com.br\/he\/wp-json\/wp\/v2\/types\/page"}],"author":[{"embeddable":true,"href":"https:\/\/portalmobile.com.br\/he\/wp-json\/wp\/v2\/users\/2"}],"replies":[{"embeddable":true,"href":"https:\/\/portalmobile.com.br\/he\/wp-json\/wp\/v2\/comments?post=384"}],"version-history":[{"count":3,"href":"https:\/\/portalmobile.com.br\/he\/wp-json\/wp\/v2\/pages\/384\/revisions"}],"predecessor-version":[{"id":1938,"href":"https:\/\/portalmobile.com.br\/he\/wp-json\/wp\/v2\/pages\/384\/revisions\/1938"}],"wp:attachment":[{"href":"https:\/\/portalmobile.com.br\/he\/wp-json\/wp\/v2\/media?parent=384"}],"curies":[{"name":"wp","href":"https:\/\/api.w.org\/{rel}","templated":true}]}}