{"id":384,"date":"2024-02-26T18:03:50","date_gmt":"2024-02-26T18:03:50","guid":{"rendered":"http:\/\/159.65.181.39\/?page_id=384"},"modified":"2025-07-25T19:29:14","modified_gmt":"2025-07-25T19:29:14","slug":"about","status":"publish","type":"page","link":"https:\/\/portalmobile.com.br\/fr\/about\/","title":{"rendered":"\u00c0 propos de nous"},"content":{"rendered":"<!--advertisement--><div class=\"mx-5 sm:mx-0 sm:text-3xl text-2xl font-medium title-font mb-4 text-gray-900 text-left\">\n<h2 class=\"wp-block-heading\">Bienvenue sur le portail mobile !<\/h2>\n<\/div><!--advertisement--><div class=\"mx-5 sm:mx-0 sm:text-3xl text-2xl font-medium title-font mb-4 text-gray-900 text-left\">\n<h3 class=\"wp-block-heading\">Nous croyons que la technologie est un moteur de transformation.<\/h3>\n<\/div><div class=\"mx-5 sm:mx-0 prose leading-relaxed text-lg mb-5 text-left wp-paragraph\">\n<p>Que vous recherchiez un nouvel emploi, que vous exploriez une application innovante ou que vous profitiez d&#039;un divertissement, la technologie ouvre des portes chaque jour et nous sommes l\u00e0 pour vous guider \u00e0 travers elles.<\/p>\n<\/div><!--advertisement--><div class=\"mx-5 sm:mx-0 sm:text-3xl text-2xl font-medium title-font mb-4 text-gray-900 text-left\">\n<h3 class=\"wp-block-heading\">Qui nous sommes<\/h3>\n<\/div><div class=\"mx-5 sm:mx-0 prose leading-relaxed text-lg mb-5 text-left wp-paragraph\">\n<p>LE <strong>Portail mobile<\/strong> est un portail de contenu num\u00e9rique destin\u00e9 \u00e0 ceux qui souhaitent exploiter pleinement le monde des applications. Nous sommes une \u00e9quipe anim\u00e9e par la curiosit\u00e9, l&#039;innovation et la passion pour tout ce que la technologie a \u00e0 offrir.<\/p>\n<\/div><div class=\"mx-5 sm:mx-0 prose leading-relaxed text-lg mb-5 text-left wp-paragraph\">\n<p>Nous suivons les principales tendances du march\u00e9 mobile, testons de nouveaux produits et traduisons le tout en informations simples, utiles et accessibles. Notre objectif est clair\u00a0: vous aider \u00e0 faire des choix intelligents dans le monde num\u00e9rique.<\/p>\n<\/div><!--advertisement--><div class=\"mx-5 sm:mx-0 sm:text-3xl text-2xl font-medium title-font mb-4 text-gray-900 text-left\">\n<h3 class=\"wp-block-heading\">Ce que nous faisons<\/h3>\n<\/div><div class=\"mx-5 sm:mx-0 prose text-left mb-5\">\n<ul><div class=\"mx-5 sm:mx-0 prose text-left mb-5\">\n<li><strong>Nous recommandons les meilleures applications<\/strong>:nous testons, analysons et s\u00e9lectionnons les applications les plus utiles et int\u00e9ressantes pour votre vie quotidienne.<\/li>\n<\/div>\n\n<div class=\"mx-5 sm:mx-0 prose text-left mb-5\">\n<li><strong>Nous vous connectons \u00e0 de nouvelles opportunit\u00e9s<\/strong>:que ce soit par le biais d\u2019outils de productivit\u00e9, de travail, de relations ou de loisirs.<\/li>\n<\/div>\n\n<div class=\"mx-5 sm:mx-0 prose text-left mb-5\">\n<li><strong>Nous expliquons ce qui compte vraiment<\/strong>:Pas de jargon technique \u2014 notre contenu va droit au but, con\u00e7u pour tous les niveaux de connaissances.<\/li>\n<\/div><\/ul>\n<\/div><div class=\"mx-5 sm:mx-0 prose leading-relaxed text-lg mb-5 text-left wp-paragraph\">\n<p>Que vous soyez un passionn\u00e9 de technologie ou quelqu&#039;un qui souhaite simplement savoir quelle application installer sur votre t\u00e9l\u00e9phone, Portal Mobile est fait pour vous.<\/p>\n<\/div><!--advertisement--><div class=\"mx-5 sm:mx-0 sm:text-3xl text-2xl font-medium title-font mb-4 text-gray-900 text-left\">\n<h3 class=\"wp-block-heading\">Mentions l\u00e9gales<\/h3>\n<\/div><div class=\"mx-5 sm:mx-0 prose leading-relaxed text-lg mb-5 text-left wp-paragraph\">\n<p>LE <strong>Portail mobile<\/strong> Ce site web informatif n&#039;a aucun lien commercial avec les applications, entreprises ou produits mentionn\u00e9s. Tous les avis et recommandations sont impartiaux et ont pour seul objectif de vous aider \u00e0 naviguer dans le monde num\u00e9rique de mani\u00e8re plus s\u00fbre et plus responsable.<\/p>\n<\/div>","protected":false},"excerpt":{"rendered":"<p>Bienvenue sur Portal Mobile\u00a0! Nous sommes convaincus que la technologie est un moteur de transformation. Que vous cherchiez un nouvel emploi, d\u00e9couvriez une application innovante ou profitiez d&#039;un moment de divertissement, la technologie ouvre chaque jour de nouvelles perspectives, et nous sommes l\u00e0 pour vous guider. Qui sommes-nous\u00a0? Portal Mobile est un portail de contenu num\u00e9rique\u2026 <a class=\"more-link\" href=\"https:\/\/portalmobile.com.br\/fr\/about\/\">Continuer \u00e0 lire <span class=\"screen-reader-text\">\u00c0 propos de nous<\/span><\/a><\/p>","protected":false},"author":2,"featured_media":0,"parent":0,"menu_order":0,"comment_status":"closed","ping_status":"closed","template":"","meta":{"footnotes":""},"yoast_head":"<!-- This site is optimized with the Yoast SEO plugin v23.3 - https:\/\/yoast.com\/wordpress\/plugins\/seo\/ -->\n<title>Sobre n\u00f3s - Portal Mobile<\/title>\n<meta name=\"description\" content=\"Saiba mais sobre como podemos te ajudar a descomplicar quest\u00f5es importantes da sua vida, como finan\u00e7as, carreira e organiza\u00e7\u00e3o pessoal.\" \/>\n<meta name=\"robots\" content=\"index, follow, max-snippet:-1, max-image-preview:large, max-video-preview:-1\" \/>\n<link rel=\"canonical\" href=\"https:\/\/portalmobile.com.br\/fr\/about\/\" \/>\n<meta property=\"og:locale\" content=\"fr_FR\" \/>\n<meta property=\"og:type\" content=\"article\" \/>\n<meta property=\"og:title\" content=\"Sobre n\u00f3s - Portal Mobile\" \/>\n<meta property=\"og:description\" content=\"Saiba mais sobre como podemos te ajudar a descomplicar quest\u00f5es importantes da sua vida, como finan\u00e7as, carreira e organiza\u00e7\u00e3o pessoal.\" \/>\n<meta property=\"og:url\" content=\"https:\/\/portalmobile.com.br\/fr\/about\/\" \/>\n<meta property=\"og:site_name\" content=\"Portal Mobile\" \/>\n<meta property=\"article:modified_time\" content=\"2025-07-25T19:29:14+00:00\" \/>\n<meta name=\"twitter:card\" content=\"summary_large_image\" \/>\n<meta name=\"twitter:label1\" content=\"Est. reading time\" \/>\n\t<meta name=\"twitter:data1\" content=\"2 minutes\" \/>\n<script type=\"application\/ld+json\" class=\"yoast-schema-graph\">{\"@context\":\"https:\/\/schema.org\",\"@graph\":[{\"@type\":\"WebPage\",\"@id\":\"https:\/\/portalmobile.com.br\/about\/\",\"url\":\"https:\/\/portalmobile.com.br\/about\/\",\"name\":\"Sobre n\u00f3s - Portal Mobile\",\"isPartOf\":{\"@id\":\"https:\/\/portalmobile.com.br\/#website\"},\"datePublished\":\"2024-02-26T18:03:50+00:00\",\"dateModified\":\"2025-07-25T19:29:14+00:00\",\"description\":\"Saiba mais sobre como podemos te ajudar a descomplicar quest\u00f5es importantes da sua vida, como finan\u00e7as, carreira e organiza\u00e7\u00e3o pessoal.\",\"breadcrumb\":{\"@id\":\"https:\/\/portalmobile.com.br\/about\/#breadcrumb\"},\"inLanguage\":\"fr-FR\",\"potentialAction\":[{\"@type\":\"ReadAction\",\"target\":[\"https:\/\/portalmobile.com.br\/about\/\"]}]},{\"@type\":\"BreadcrumbList\",\"@id\":\"https:\/\/portalmobile.com.br\/about\/#breadcrumb\",\"itemListElement\":[{\"@type\":\"ListItem\",\"position\":1,\"name\":\"Home\",\"item\":\"https:\/\/portalmobile.com.br\/\"},{\"@type\":\"ListItem\",\"position\":2,\"name\":\"Sobre n\u00f3s\"}]},{\"@type\":\"WebSite\",\"@id\":\"https:\/\/portalmobile.com.br\/#website\",\"url\":\"https:\/\/portalmobile.com.br\/\",\"name\":\"Portal Mobile\",\"description\":\"\",\"potentialAction\":[{\"@type\":\"SearchAction\",\"target\":{\"@type\":\"EntryPoint\",\"urlTemplate\":\"https:\/\/portalmobile.com.br\/?s={search_term_string}\"},\"query-input\":\"required name=search_term_string\"}],\"inLanguage\":\"fr-FR\"}]}<\/script>\n<!-- \/ Yoast SEO plugin. -->","yoast_head_json":{"title":"Sobre n\u00f3s - Portal Mobile","description":"Saiba mais sobre como podemos te ajudar a descomplicar quest\u00f5es importantes da sua vida, como finan\u00e7as, carreira e organiza\u00e7\u00e3o pessoal.","robots":{"index":"index","follow":"follow","max-snippet":"max-snippet:-1","max-image-preview":"max-image-preview:large","max-video-preview":"max-video-preview:-1"},"canonical":"https:\/\/portalmobile.com.br\/fr\/about\/","og_locale":"fr_FR","og_type":"article","og_title":"Sobre n\u00f3s - Portal Mobile","og_description":"Saiba mais sobre como podemos te ajudar a descomplicar quest\u00f5es importantes da sua vida, como finan\u00e7as, carreira e organiza\u00e7\u00e3o pessoal.","og_url":"https:\/\/portalmobile.com.br\/fr\/about\/","og_site_name":"Portal Mobile","article_modified_time":"2025-07-25T19:29:14+00:00","twitter_card":"summary_large_image","twitter_misc":{"Est. reading time":"2 minutes"},"schema":{"@context":"https:\/\/schema.org","@graph":[{"@type":"WebPage","@id":"https:\/\/portalmobile.com.br\/about\/","url":"https:\/\/portalmobile.com.br\/about\/","name":"Sobre n\u00f3s - Portal Mobile","isPartOf":{"@id":"https:\/\/portalmobile.com.br\/#website"},"datePublished":"2024-02-26T18:03:50+00:00","dateModified":"2025-07-25T19:29:14+00:00","description":"Saiba mais sobre como podemos te ajudar a descomplicar quest\u00f5es importantes da sua vida, como finan\u00e7as, carreira e organiza\u00e7\u00e3o pessoal.","breadcrumb":{"@id":"https:\/\/portalmobile.com.br\/about\/#breadcrumb"},"inLanguage":"fr-FR","potentialAction":[{"@type":"ReadAction","target":["https:\/\/portalmobile.com.br\/about\/"]}]},{"@type":"BreadcrumbList","@id":"https:\/\/portalmobile.com.br\/about\/#breadcrumb","itemListElement":[{"@type":"ListItem","position":1,"name":"Home","item":"https:\/\/portalmobile.com.br\/"},{"@type":"ListItem","position":2,"name":"Sobre n\u00f3s"}]},{"@type":"WebSite","@id":"https:\/\/portalmobile.com.br\/#website","url":"https:\/\/portalmobile.com.br\/","name":"Portal Mobile","description":"","potentialAction":[{"@type":"SearchAction","target":{"@type":"EntryPoint","urlTemplate":"https:\/\/portalmobile.com.br\/?s={search_term_string}"},"query-input":"required name=search_term_string"}],"inLanguage":"fr-FR"}]}},"_links":{"self":[{"href":"https:\/\/portalmobile.com.br\/fr\/wp-json\/wp\/v2\/pages\/384"}],"collection":[{"href":"https:\/\/portalmobile.com.br\/fr\/wp-json\/wp\/v2\/pages"}],"about":[{"href":"https:\/\/portalmobile.com.br\/fr\/wp-json\/wp\/v2\/types\/page"}],"author":[{"embeddable":true,"href":"https:\/\/portalmobile.com.br\/fr\/wp-json\/wp\/v2\/users\/2"}],"replies":[{"embeddable":true,"href":"https:\/\/portalmobile.com.br\/fr\/wp-json\/wp\/v2\/comments?post=384"}],"version-history":[{"count":3,"href":"https:\/\/portalmobile.com.br\/fr\/wp-json\/wp\/v2\/pages\/384\/revisions"}],"predecessor-version":[{"id":1938,"href":"https:\/\/portalmobile.com.br\/fr\/wp-json\/wp\/v2\/pages\/384\/revisions\/1938"}],"wp:attachment":[{"href":"https:\/\/portalmobile.com.br\/fr\/wp-json\/wp\/v2\/media?parent=384"}],"curies":[{"name":"wp","href":"https:\/\/api.w.org\/{rel}","templated":true}]}}