{"id":381,"date":"2024-02-26T17:31:19","date_gmt":"2024-02-26T17:31:19","guid":{"rendered":"http:\/\/159.65.181.39\/?page_id=381"},"modified":"2024-02-26T17:31:19","modified_gmt":"2024-02-26T17:31:19","slug":"terms","status":"publish","type":"page","link":"https:\/\/portalmobile.com.br\/fr\/terms\/","title":{"rendered":"Termes"},"content":{"rendered":"<div class=\"mx-5 sm:mx-0 prose leading-relaxed text-lg mb-5 text-left wp-paragraph\">\n<p>Informations mises \u00e0 jour le 23 f\u00e9vrier 2024.<\/p>\n<\/div><div class=\"mx-5 sm:mx-0 prose leading-relaxed text-lg mb-5 text-left wp-paragraph\">\n<p><strong>VEUILLEZ LIRE ATTENTIVEMENT NOS CONDITIONS D&#039;UTILISATION. SI VOUS N&#039;\u00caTES PAS D&#039;ACCORD AVEC CES CONDITIONS, N&#039;UTILISEZ PAS LES SERVICES FOURNIS PAR PORTAL MOBILE.<\/strong><\/p>\n<\/div><div class=\"mx-5 sm:mx-0 prose leading-relaxed text-lg mb-5 text-left wp-paragraph\">\n<p>Portal Mobile, une plateforme d\u00e9di\u00e9e \u00e0 la promotion du contenu de carri\u00e8re, des critiques d&#039;applications et de la technologie, est g\u00e9r\u00e9e par l&#039;\u00e9quipe responsable, repr\u00e9sent\u00e9e comme \u00ab nous \u00bb dans cette circonstance sp\u00e9cifique.<\/p>\n<\/div><div class=\"mx-5 sm:mx-0 prose leading-relaxed text-lg mb-5 text-left wp-paragraph\">\n<p>L&#039;acc\u00e8s et l&#039;utilisation de ce site Web sont soumis aux termes, conditions et politiques d\u00e9crits ici. En acc\u00e9dant au site Internet, l&#039;utilisateur exprime son accord avec toutes les dispositions contenues dans ce document.<\/p>\n<\/div><div class=\"mx-5 sm:mx-0 prose leading-relaxed text-lg mb-5 text-left wp-paragraph\">\n<p>L&#039;\u00e9quipe de Portal Mobile se r\u00e9serve le droit de modifier ces conditions \u00e0 tout moment, sans pr\u00e9avis. Ces modifications seront publi\u00e9es sur le site Internet et entreront en vigueur imm\u00e9diatement. Les utilisateurs sont enti\u00e8rement responsables de leur comportement sur le site Web et Portal Mobile n&#039;assume aucune responsabilit\u00e9 pour tout dommage ou perte caus\u00e9 par l&#039;utilisateur \u00e0 lui-m\u00eame ou \u00e0 des tiers.<\/p>\n<\/div><div class=\"mx-5 sm:mx-0 prose leading-relaxed text-lg mb-5 text-left wp-paragraph\">\n<p>Il est interdit aux utilisateurs de publier des contenus ill\u00e9gaux, diffamatoires, obsc\u00e8nes ou portant atteinte aux droits de tiers, d&#039;utiliser le site \u00e0 des fins commerciales ou d&#039;interf\u00e9rer avec son fonctionnement ou les services propos\u00e9s.<\/p>\n<\/div><div class=\"mx-5 sm:mx-0 prose leading-relaxed text-lg mb-5 text-left wp-paragraph\">\n<p>Portal Mobile collecte et utilise les donn\u00e9es personnelles des utilisateurs pour l&#039;identification, l&#039;enregistrement et la fourniture de services, comme d\u00e9taill\u00e9 dans notre politique de confidentialit\u00e9. En acc\u00e9dant et en utilisant le portail mobile, l&#039;utilisateur accepte les termes et conditions \u00e9tablis dans ce document. Si vous n\u2019\u00eates pas d\u2019accord, vous devez vous abstenir d\u2019acc\u00e9der au site Web.<\/p>\n<\/div><!--advertisement--><div class=\"mx-5 sm:mx-0 sm:text-3xl text-2xl font-medium title-font mb-4 text-gray-900 text-left\">\n<h2 class=\"wp-block-heading\"><strong>Section I \u2013 Admission<\/strong><\/h2>\n<\/div><div class=\"mx-5 sm:mx-0 prose leading-relaxed text-lg mb-5 text-left wp-paragraph\">\n<p>En explorant le contenu et en profitant des services propos\u00e9s sur le site Portal Mobile, l&#039;utilisateur est soumis aux conditions suivantes : accepter les Conditions G\u00e9n\u00e9rales d&#039;Utilisation et la Politique de Confidentialit\u00e9, en plus d&#039;\u00eatre \u00e2g\u00e9 d&#039;au moins 18 ans et d&#039;avoir pleine capacit\u00e9 civile.&nbsp;<\/p>\n<\/div><div class=\"mx-5 sm:mx-0 prose leading-relaxed text-lg mb-5 text-left wp-paragraph\">\n<p><strong>Si ces conditions ne sont pas remplies, il est recommand\u00e9 \u00e0 l&#039;utilisateur de s&#039;abstenir d&#039;acc\u00e9der ou d&#039;utiliser les services fournis par le site Web Portal Mobile.<\/strong><\/p>\n<\/div><!--advertisement--><div class=\"mx-5 sm:mx-0 sm:text-3xl text-2xl font-medium title-font mb-4 text-gray-900 text-left\">\n<h2 class=\"wp-block-heading\"><strong>Section II \u2013 Formes de contact<\/strong><\/h2>\n<\/div><div class=\"mx-5 sm:mx-0 prose leading-relaxed text-lg mb-5 text-left wp-paragraph\">\n<p>Pour \u00e9tablir la communication, l&#039;utilisateur peut utiliser le formulaire du site Internet, accessible via le lien fourni. Notre \u00e9quipe d&#039;assistance est disponible pour r\u00e9pondre aux questions, r\u00e9soudre les probl\u00e8mes ou recevoir des commentaires.<\/p>\n<\/div><!--advertisement--><div class=\"mx-5 sm:mx-0 sm:text-3xl text-2xl font-medium title-font mb-4 text-gray-900 text-left\">\n<h2 class=\"wp-block-heading\"><strong>Section III \u2013 Responsabilit\u00e9s mutuelles<\/strong><\/h2>\n<\/div><div class=\"mx-5 sm:mx-0 prose leading-relaxed text-lg mb-5 text-left wp-paragraph\">\n<p>En utilisant les services Portal Mobile, l&#039;utilisateur d\u00e9clare avoir lu, compris et accept\u00e9 les Conditions G\u00e9n\u00e9rales d&#039;Utilisation, ainsi que la Politique de Confidentialit\u00e9. Le site propose des liens vers des pages externes, mais n&#039;est pas responsable des politiques ou des conditions d&#039;utilisation de ces sites.&nbsp;<\/p>\n<\/div><div class=\"mx-5 sm:mx-0 prose leading-relaxed text-lg mb-5 text-left wp-paragraph\">\n<p><strong>Il est recommand\u00e9 \u00e0 l&#039;utilisateur de consulter les termes et politiques de ces plateformes avant d&#039;effectuer toute transaction.<\/strong><\/p>\n<\/div><div class=\"mx-5 sm:mx-0 prose leading-relaxed text-lg mb-5 text-left wp-paragraph\">\n<p>Nous ne sommes pas responsables des dommages r\u00e9sultant de virus ou de logiciels malveillants obtenus lors de la navigation en ligne ou du transfert de donn\u00e9es. Nous recommandons \u00e0 l&#039;utilisateur de prendre des pr\u00e9cautions pour prot\u00e9ger son syst\u00e8me, comme l&#039;utilisation d&#039;un antivirus et d&#039;un pare-feu \u00e0 jour. Nous ne sommes pas non plus responsables des dommages r\u00e9sultant d&#039;une utilisation inappropri\u00e9e du site ou d&#039;\u00e9v\u00e9nements ind\u00e9pendants de notre volont\u00e9.<\/p>\n<\/div><div class=\"mx-5 sm:mx-0 prose leading-relaxed text-lg mb-5 text-left wp-paragraph\">\n<p><strong>Nous n&#039;exigeons pas de d\u00e9p\u00f4ts ou de virements bancaires pour approuver ou accorder des produits financiers. Les demandes de ce type doivent \u00eatre trait\u00e9es avec prudence car elles peuvent constituer des tentatives frauduleuses. Nous n&#039;envoyons pas d&#039;e-mails demandant des informations personnelles ou d&#039;inscription.<\/strong><\/p>\n<\/div><div class=\"mx-5 sm:mx-0 prose leading-relaxed text-lg mb-5 text-left wp-paragraph\">\n<p>Si vous recevez des communications de ce type, nous vous demandons de nous contacter imm\u00e9diatement.<\/p>\n<\/div><!--advertisement--><div class=\"mx-5 sm:mx-0 sm:text-3xl text-2xl font-medium title-font mb-4 text-gray-900 text-left\">\n<h2 class=\"wp-block-heading\"><strong>Section IV \u2013 Conditions d&#039;utilisation et restrictions<\/strong><\/h2>\n<\/div><div class=\"mx-5 sm:mx-0 prose leading-relaxed text-lg mb-5 text-left wp-paragraph\">\n<p>Pour acc\u00e9der et utiliser nos services et contenus, l&#039;utilisateur doit suivre les conditions et restrictions \u00e9tablies, y compris l&#039;utilisation l\u00e9gale des services, le respect de la loi, le respect de la propri\u00e9t\u00e9 intellectuelle, le comportement \u00e9thique, la v\u00e9racit\u00e9 des informations, la s\u00e9curit\u00e9, le respect de la vie priv\u00e9e, en \u00e9vitant activit\u00e9s ill\u00e9gales ou nuisibles, finalit\u00e9s inappropri\u00e9es et int\u00e9grit\u00e9 technique.&nbsp;<\/p>\n<\/div><div class=\"mx-5 sm:mx-0 prose leading-relaxed text-lg mb-5 text-left wp-paragraph\">\n<p>Portal Mobile se r\u00e9serve le droit de suspendre l&#039;acc\u00e8s \u00e0 nos services en cas de violation de ces restrictions.<\/p>\n<\/div><!--advertisement--><div class=\"mx-5 sm:mx-0 sm:text-3xl text-2xl font-medium title-font mb-4 text-gray-900 text-left\">\n<h2 class=\"wp-block-heading\"><strong>Section V \u2013 Limites de responsabilit\u00e9 et garanties<\/strong><\/h2>\n<\/div><div class=\"mx-5 sm:mx-0 prose leading-relaxed text-lg mb-5 text-left wp-paragraph\">\n<p>Portal Mobile fournit ses services sans offrir de garanties d&#039;aucune sorte. L&#039;utilisateur reconna\u00eet que l&#039;utilisation des services du site Portal Mobile peut comporter des risques et que la responsabilit\u00e9 de tout dommage ou perte r\u00e9sultant de l&#039;utilisation des services incombe exclusivement \u00e0 l&#039;utilisateur.&nbsp;<\/p>\n<\/div><div class=\"mx-5 sm:mx-0 prose leading-relaxed text-lg mb-5 text-left wp-paragraph\">\n<p>Portal Mobile, ses administrateurs, employ\u00e9s ou partenaires ne seront pas responsables des dommages indirects, accessoires, sp\u00e9ciaux ou cons\u00e9cutifs.<\/p>\n<\/div><!--advertisement--><div class=\"mx-5 sm:mx-0 sm:text-3xl text-2xl font-medium title-font mb-4 text-gray-900 text-left\">\n<h2 class=\"wp-block-heading\"><strong>Section VI \u2013 Validit\u00e9 et d\u00e9lai<\/strong><\/h2>\n<\/div><div class=\"mx-5 sm:mx-0 prose leading-relaxed text-lg mb-5 text-left wp-paragraph\">\n<p>Les r\u00e9clamations relatives \u00e0 l&#039;utilisation du site Portal Mobile doivent \u00eatre d\u00e9pos\u00e9es dans un d\u00e9lai de 90 jours \u00e0 compter de la date de l&#039;\u00e9v\u00e9nement donnant lieu \u00e0 la r\u00e9clamation. Les Conditions G\u00e9n\u00e9rales d&#039;Utilisation du Portail Mobile restent en vigueur pour une dur\u00e9e ind\u00e9termin\u00e9e.<\/p>\n<\/div><!--advertisement--><div class=\"mx-5 sm:mx-0 sm:text-3xl text-2xl font-medium title-font mb-4 text-gray-900 text-left\">\n<h2 class=\"wp-block-heading\"><strong>Section VII \u2013 L\u00e9gislation et lieu de juridiction<\/strong><\/h2>\n<\/div><div class=\"mx-5 sm:mx-0 prose leading-relaxed text-lg mb-5 text-left wp-paragraph\">\n<p>7.1 Les conditions g\u00e9n\u00e9rales d&#039;utilisation du portail mobile et la politique de confidentialit\u00e9 sont r\u00e9gies par les lois de la R\u00e9publique f\u00e9d\u00e9rative du Br\u00e9sil, notamment la Constitution f\u00e9d\u00e9rale, le Code civil, le Code de protection des consommateurs, la loi g\u00e9n\u00e9rale du Marco Civil da. Internet et la loi g\u00e9n\u00e9rale sur la protection des donn\u00e9es.<\/p>\n<\/div><div class=\"mx-5 sm:mx-0 prose leading-relaxed text-lg mb-5 text-left wp-paragraph\">\n<p>7.2 En cas de litige d\u00e9coulant des Conditions d&#039;utilisation ou de la Politique de confidentialit\u00e9, les parties conviennent de se soumettre exclusivement \u00e0 la loi br\u00e9silienne.<\/p>\n<\/div><!--advertisement--><div class=\"mx-5 sm:mx-0 sm:text-3xl text-2xl font-medium title-font mb-4 text-gray-900 text-left\">\n<h2 class=\"wp-block-heading\"><strong>Section VIII \u2013 Contenu et droits intellectuels<\/strong><\/h2>\n<\/div><div class=\"mx-5 sm:mx-0 prose leading-relaxed text-lg mb-5 text-left wp-paragraph\">\n<p>Tout le mat\u00e9riel pr\u00e9sent sur le Portail Mobile, y compris les textes, images, vid\u00e9os et autres ressources, est la propri\u00e9t\u00e9 de la soci\u00e9t\u00e9 et de ses collaborateurs, prot\u00e9g\u00e9 par la r\u00e9glementation sur le droit d&#039;auteur et la propri\u00e9t\u00e9 intellectuelle.&nbsp;<\/p>\n<\/div><div class=\"mx-5 sm:mx-0 prose leading-relaxed text-lg mb-5 text-left wp-paragraph\">\n<p>Toute reproduction, modification, distribution, affichage ou cr\u00e9ation d&#039;\u0153uvres d\u00e9riv\u00e9es de ce contenu sans l&#039;autorisation expresse de Portal Mobile est strictement interdite.<\/p>\n<\/div><div class=\"mx-5 sm:mx-0 prose leading-relaxed text-lg mb-5 text-left wp-paragraph\">\n<p>Portal Mobile n&#039;est pas responsable du contenu g\u00e9n\u00e9r\u00e9 par des tiers, tel que les commentaires et les publications sur les forums ou les r\u00e9seaux sociaux. De plus, il n&#039;est pas responsable des dommages r\u00e9sultant de l&#039;utilisation du site Internet, qu&#039;ils soient directs, indirects, accessoires ou cons\u00e9cutifs.&nbsp;<\/p>\n<\/div><div class=\"mx-5 sm:mx-0 prose leading-relaxed text-lg mb-5 text-left wp-paragraph\">\n<p>La soci\u00e9t\u00e9 se r\u00e9serve le droit de supprimer les contenus qui violeraient ces conditions, notamment ceux consid\u00e9r\u00e9s comme ill\u00e9gaux, offensants, diffamatoires ou violant les droits de tiers, et pourra \u00e9galement r\u00e9silier les comptes des utilisateurs qui ne respecteraient pas ces conditions.<\/p>\n<\/div><!--advertisement--><div class=\"mx-5 sm:mx-0 sm:text-3xl text-2xl font-medium title-font mb-4 text-gray-900 text-left\">\n<h2 class=\"wp-block-heading\"><strong>Section IX \u2013 Modifications des conditions g\u00e9n\u00e9rales<\/strong><\/h2>\n<\/div><div class=\"mx-5 sm:mx-0 prose leading-relaxed text-lg mb-5 text-left wp-paragraph\">\n<p>Les services propos\u00e9s par Portal Mobile peuvent \u00eatre modifi\u00e9s voire suspendus \u00e0 tout moment, sans pr\u00e9avis. Le portail n&#039;assume aucune responsabilit\u00e9 envers les utilisateurs ou les tiers pour de telles modifications.&nbsp;<\/p>\n<\/div><div class=\"mx-5 sm:mx-0 prose leading-relaxed text-lg mb-5 text-left wp-paragraph\">\n<p>L&#039;acceptation des pr\u00e9sentes Conditions G\u00e9n\u00e9rales est une condition irr\u00e9vocable pour l&#039;utilisation du site Portal Mobile. Les utilisateurs qui n&#039;acceptent pas ces conditions doivent s&#039;abstenir de l&#039;utiliser.<\/p>\n<\/div><!--advertisement--><div class=\"mx-5 sm:mx-0 sm:text-3xl text-2xl font-medium title-font mb-4 text-gray-900 text-left\">\n<h2 class=\"wp-block-heading\"><strong>Section X \u2013 Service client<\/strong><\/h2>\n<\/div><div class=\"mx-5 sm:mx-0 prose leading-relaxed text-lg mb-5 text-left wp-paragraph\">\n<p>Si l&#039;utilisateur a des suggestions ou des plaintes concernant le contenu et les services du site Portal Mobile, nous vous recommandons de contacter notre \u00e9quipe par email contato@portalmobile.com<\/p>\n<\/div>","protected":false},"excerpt":{"rendered":"<p>Informations mises \u00e0 jour le 23 f\u00e9vrier 2024. VEUILLEZ LIRE ATTENTIVEMENT NOS CONDITIONS D&#039;UTILISATION. SI VOUS N&#039;ACCEPTEZ PAS CES CONDITIONS, N&#039;UTILISEZ PAS LES SERVICES FOURNIS PAR PORTAL MOBILE. Portal Mobile, plateforme d\u00e9di\u00e9e \u00e0 la promotion de contenus sur les carri\u00e8res, les \u00e9valuations de candidatures et les technologies, est g\u00e9r\u00e9e par l&#039;\u00e9quipe responsable, repr\u00e9sent\u00e9e par \u00ab\u00a0nous\u00a0\u00bb\u2026 <a class=\"more-link\" href=\"https:\/\/portalmobile.com.br\/fr\/terms\/\">Continuer \u00e0 lire <span class=\"screen-reader-text\">Termes<\/span><\/a><\/p>","protected":false},"author":2,"featured_media":0,"parent":0,"menu_order":0,"comment_status":"closed","ping_status":"closed","template":"","meta":{"footnotes":""},"yoast_head":"<!-- This site is optimized with the Yoast SEO plugin v23.3 - https:\/\/yoast.com\/wordpress\/plugins\/seo\/ -->\n<title>Termos - Portal Mobile<\/title>\n<meta name=\"description\" content=\"Veja os Termos de Uso do Portal Mobile. Navegue com seguran\u00e7a pelo nosso conte\u00fado, e aprenda coisas novas todos os dias.\" \/>\n<meta name=\"robots\" content=\"index, follow, max-snippet:-1, max-image-preview:large, max-video-preview:-1\" \/>\n<link rel=\"canonical\" href=\"https:\/\/portalmobile.com.br\/fr\/terms\/\" \/>\n<meta property=\"og:locale\" content=\"fr_FR\" \/>\n<meta property=\"og:type\" content=\"article\" \/>\n<meta property=\"og:title\" content=\"Termos - Portal Mobile\" \/>\n<meta property=\"og:description\" content=\"Veja os Termos de Uso do Portal Mobile. Navegue com seguran\u00e7a pelo nosso conte\u00fado, e aprenda coisas novas todos os dias.\" \/>\n<meta property=\"og:url\" content=\"https:\/\/portalmobile.com.br\/fr\/terms\/\" \/>\n<meta property=\"og:site_name\" content=\"Portal Mobile\" \/>\n<meta name=\"twitter:card\" content=\"summary_large_image\" \/>\n<meta name=\"twitter:label1\" content=\"Est. reading time\" \/>\n\t<meta name=\"twitter:data1\" content=\"6 minutes\" \/>\n<script type=\"application\/ld+json\" class=\"yoast-schema-graph\">{\"@context\":\"https:\/\/schema.org\",\"@graph\":[{\"@type\":\"WebPage\",\"@id\":\"https:\/\/portalmobile.com.br\/it\/terms\/\",\"url\":\"https:\/\/portalmobile.com.br\/it\/terms\/\",\"name\":\"Termos - Portal Mobile\",\"isPartOf\":{\"@id\":\"https:\/\/portalmobile.com.br\/#website\"},\"datePublished\":\"2024-02-26T17:31:19+00:00\",\"dateModified\":\"2024-02-26T17:31:19+00:00\",\"description\":\"Veja os Termos de Uso do Portal Mobile. Navegue com seguran\u00e7a pelo nosso conte\u00fado, e aprenda coisas novas todos os dias.\",\"breadcrumb\":{\"@id\":\"https:\/\/portalmobile.com.br\/it\/terms\/#breadcrumb\"},\"inLanguage\":\"fr-FR\",\"potentialAction\":[{\"@type\":\"ReadAction\",\"target\":[\"https:\/\/portalmobile.com.br\/it\/terms\/\"]}]},{\"@type\":\"BreadcrumbList\",\"@id\":\"https:\/\/portalmobile.com.br\/it\/terms\/#breadcrumb\",\"itemListElement\":[{\"@type\":\"ListItem\",\"position\":1,\"name\":\"Home\",\"item\":\"https:\/\/portalmobile.com.br\/\"},{\"@type\":\"ListItem\",\"position\":2,\"name\":\"Termos\"}]},{\"@type\":\"WebSite\",\"@id\":\"https:\/\/portalmobile.com.br\/#website\",\"url\":\"https:\/\/portalmobile.com.br\/\",\"name\":\"Portal Mobile\",\"description\":\"\",\"potentialAction\":[{\"@type\":\"SearchAction\",\"target\":{\"@type\":\"EntryPoint\",\"urlTemplate\":\"https:\/\/portalmobile.com.br\/?s={search_term_string}\"},\"query-input\":\"required name=search_term_string\"}],\"inLanguage\":\"fr-FR\"}]}<\/script>\n<!-- \/ Yoast SEO plugin. -->","yoast_head_json":{"title":"Termos - Portal Mobile","description":"Veja os Termos de Uso do Portal Mobile. Navegue com seguran\u00e7a pelo nosso conte\u00fado, e aprenda coisas novas todos os dias.","robots":{"index":"index","follow":"follow","max-snippet":"max-snippet:-1","max-image-preview":"max-image-preview:large","max-video-preview":"max-video-preview:-1"},"canonical":"https:\/\/portalmobile.com.br\/fr\/terms\/","og_locale":"fr_FR","og_type":"article","og_title":"Termos - Portal Mobile","og_description":"Veja os Termos de Uso do Portal Mobile. Navegue com seguran\u00e7a pelo nosso conte\u00fado, e aprenda coisas novas todos os dias.","og_url":"https:\/\/portalmobile.com.br\/fr\/terms\/","og_site_name":"Portal Mobile","twitter_card":"summary_large_image","twitter_misc":{"Est. reading time":"6 minutes"},"schema":{"@context":"https:\/\/schema.org","@graph":[{"@type":"WebPage","@id":"https:\/\/portalmobile.com.br\/it\/terms\/","url":"https:\/\/portalmobile.com.br\/it\/terms\/","name":"Termos - Portal Mobile","isPartOf":{"@id":"https:\/\/portalmobile.com.br\/#website"},"datePublished":"2024-02-26T17:31:19+00:00","dateModified":"2024-02-26T17:31:19+00:00","description":"Veja os Termos de Uso do Portal Mobile. Navegue com seguran\u00e7a pelo nosso conte\u00fado, e aprenda coisas novas todos os dias.","breadcrumb":{"@id":"https:\/\/portalmobile.com.br\/it\/terms\/#breadcrumb"},"inLanguage":"fr-FR","potentialAction":[{"@type":"ReadAction","target":["https:\/\/portalmobile.com.br\/it\/terms\/"]}]},{"@type":"BreadcrumbList","@id":"https:\/\/portalmobile.com.br\/it\/terms\/#breadcrumb","itemListElement":[{"@type":"ListItem","position":1,"name":"Home","item":"https:\/\/portalmobile.com.br\/"},{"@type":"ListItem","position":2,"name":"Termos"}]},{"@type":"WebSite","@id":"https:\/\/portalmobile.com.br\/#website","url":"https:\/\/portalmobile.com.br\/","name":"Portal Mobile","description":"","potentialAction":[{"@type":"SearchAction","target":{"@type":"EntryPoint","urlTemplate":"https:\/\/portalmobile.com.br\/?s={search_term_string}"},"query-input":"required name=search_term_string"}],"inLanguage":"fr-FR"}]}},"_links":{"self":[{"href":"https:\/\/portalmobile.com.br\/fr\/wp-json\/wp\/v2\/pages\/381"}],"collection":[{"href":"https:\/\/portalmobile.com.br\/fr\/wp-json\/wp\/v2\/pages"}],"about":[{"href":"https:\/\/portalmobile.com.br\/fr\/wp-json\/wp\/v2\/types\/page"}],"author":[{"embeddable":true,"href":"https:\/\/portalmobile.com.br\/fr\/wp-json\/wp\/v2\/users\/2"}],"replies":[{"embeddable":true,"href":"https:\/\/portalmobile.com.br\/fr\/wp-json\/wp\/v2\/comments?post=381"}],"version-history":[{"count":0,"href":"https:\/\/portalmobile.com.br\/fr\/wp-json\/wp\/v2\/pages\/381\/revisions"}],"wp:attachment":[{"href":"https:\/\/portalmobile.com.br\/fr\/wp-json\/wp\/v2\/media?parent=381"}],"curies":[{"name":"wp","href":"https:\/\/api.w.org\/{rel}","templated":true}]}}