{"id":381,"date":"2024-02-26T17:31:19","date_gmt":"2024-02-26T17:31:19","guid":{"rendered":"http:\/\/159.65.181.39\/?page_id=381"},"modified":"2024-02-26T17:31:19","modified_gmt":"2024-02-26T17:31:19","slug":"terms","status":"publish","type":"page","link":"https:\/\/portalmobile.com.br\/es\/terms\/","title":{"rendered":"T\u00e9rminos"},"content":{"rendered":"<div class=\"mx-5 sm:mx-0 prose leading-relaxed text-lg mb-5 text-left wp-paragraph\">\n<p>Informaci\u00f3n actualizada el 23 de febrero de 2024.<\/p>\n<\/div><div class=\"mx-5 sm:mx-0 prose leading-relaxed text-lg mb-5 text-left wp-paragraph\">\n<p><strong>POR FAVOR LEA DETENIDAMENTE NUESTRAS CONDICIONES DE USO. SI NO EST\u00c1 DE ACUERDO CON ESTOS T\u00c9RMINOS, NO UTILICE LOS SERVICIOS PROPORCIONADOS POR PORTAL MOBILE.<\/strong><\/p>\n<\/div><div class=\"mx-5 sm:mx-0 prose leading-relaxed text-lg mb-5 text-left wp-paragraph\">\n<p>Portal Mobile, una plataforma dedicada a promover contenido profesional, rese\u00f1as de aplicaciones y tecnolog\u00eda, es administrada por el equipo responsable, representado como &quot;nosotros&quot; en esta circunstancia espec\u00edfica.<\/p>\n<\/div><div class=\"mx-5 sm:mx-0 prose leading-relaxed text-lg mb-5 text-left wp-paragraph\">\n<p>El acceso y uso de este sitio web est\u00e1 sujeto a los t\u00e9rminos, condiciones y pol\u00edticas aqu\u00ed descritas. Al acceder al sitio web, el usuario manifiesta su conformidad con todas las disposiciones contenidas en este documento.<\/p>\n<\/div><div class=\"mx-5 sm:mx-0 prose leading-relaxed text-lg mb-5 text-left wp-paragraph\">\n<p>El equipo de Portal Mobile se reserva el derecho de modificar estos t\u00e9rminos en cualquier momento, sin previo aviso. Dichas modificaciones ser\u00e1n publicadas en el sitio web y entrar\u00e1n en vigor de forma inmediata. El usuario es enteramente responsable de su comportamiento dentro del sitio web, y Portal Mobile no asume responsabilidad por cualquier da\u00f1o o p\u00e9rdida que el usuario cause a s\u00ed mismo o a terceros.<\/p>\n<\/div><div class=\"mx-5 sm:mx-0 prose leading-relaxed text-lg mb-5 text-left wp-paragraph\">\n<p>Se proh\u00edbe a los usuarios publicar contenidos ilegales, difamatorios, obscenos o que violen derechos de terceros, utilizar el sitio web con fines comerciales o interferir en su funcionamiento o en los servicios ofrecidos.<\/p>\n<\/div><div class=\"mx-5 sm:mx-0 prose leading-relaxed text-lg mb-5 text-left wp-paragraph\">\n<p>Portal M\u00f3vil recoge y utiliza datos personales de los usuarios para su identificaci\u00f3n, registro y prestaci\u00f3n de servicios, tal y como se detalla en nuestra Pol\u00edtica de Privacidad. Al acceder y utilizar el Portal M\u00f3vil, el usuario acepta los t\u00e9rminos y condiciones establecidos en este documento. En caso de no estar de acuerdo deber\u00e1 abstenerse de acceder al sitio web.<\/p>\n<\/div><!--advertisement--><div class=\"mx-5 sm:mx-0 sm:text-3xl text-2xl font-medium title-font mb-4 text-gray-900 text-left\">\n<h2 class=\"wp-block-heading\"><strong>Secci\u00f3n I \u2013 Admisi\u00f3n<\/strong><\/h2>\n<\/div><div class=\"mx-5 sm:mx-0 prose leading-relaxed text-lg mb-5 text-left wp-paragraph\">\n<p>Al explorar los contenidos y aprovechar los servicios ofrecidos en el sitio web de Portal M\u00f3vil, el usuario est\u00e1 sujeto a las siguientes condiciones: aceptar los T\u00e9rminos y Condiciones Generales de Uso y la Pol\u00edtica de Privacidad, adem\u00e1s de tener al menos 18 a\u00f1os y tener plena capacidad civil.&nbsp;<\/p>\n<\/div><div class=\"mx-5 sm:mx-0 prose leading-relaxed text-lg mb-5 text-left wp-paragraph\">\n<p><strong>Si no se cumplen estos requisitos, se recomienda al usuario que se abstenga de acceder o utilizar los servicios prestados por el sitio web de Portal Mobile.<\/strong><\/p>\n<\/div><!--advertisement--><div class=\"mx-5 sm:mx-0 sm:text-3xl text-2xl font-medium title-font mb-4 text-gray-900 text-left\">\n<h2 class=\"wp-block-heading\"><strong>Secci\u00f3n II \u2013 Formas de Contacto<\/strong><\/h2>\n<\/div><div class=\"mx-5 sm:mx-0 prose leading-relaxed text-lg mb-5 text-left wp-paragraph\">\n<p>Para establecer comunicaci\u00f3n, el usuario puede utilizar el formulario del sitio web, accesible a trav\u00e9s del enlace previsto. Nuestro equipo de soporte est\u00e1 disponible para responder preguntas, resolver problemas o recibir comentarios.<\/p>\n<\/div><!--advertisement--><div class=\"mx-5 sm:mx-0 sm:text-3xl text-2xl font-medium title-font mb-4 text-gray-900 text-left\">\n<h2 class=\"wp-block-heading\"><strong>Secci\u00f3n III \u2013 Responsabilidades Mutuas<\/strong><\/h2>\n<\/div><div class=\"mx-5 sm:mx-0 prose leading-relaxed text-lg mb-5 text-left wp-paragraph\">\n<p>Al utilizar los servicios de Portal M\u00f3vil, el usuario declara haber le\u00eddo, comprendido y aceptado los T\u00e9rminos y Condiciones de Uso, as\u00ed como la Pol\u00edtica de Privacidad. El sitio ofrece enlaces a p\u00e1ginas externas, pero no es responsable de las pol\u00edticas o t\u00e9rminos de uso de estos sitios.&nbsp;<\/p>\n<\/div><div class=\"mx-5 sm:mx-0 prose leading-relaxed text-lg mb-5 text-left wp-paragraph\">\n<p><strong>Se recomienda que el usuario revise los t\u00e9rminos y pol\u00edticas de estas plataformas antes de realizar cualquier transacci\u00f3n.<\/strong><\/p>\n<\/div><div class=\"mx-5 sm:mx-0 prose leading-relaxed text-lg mb-5 text-left wp-paragraph\">\n<p>No somos responsables de los da\u00f1os resultantes de virus o software malicioso obtenidos durante la navegaci\u00f3n en l\u00ednea o la transferencia de datos. Recomendamos que el usuario tome precauciones para proteger su sistema, como utilizar antivirus y firewall actualizados. Tampoco somos responsables de los da\u00f1os resultantes del uso inadecuado del sitio o de eventos fuera de nuestro control.<\/p>\n<\/div><div class=\"mx-5 sm:mx-0 prose leading-relaxed text-lg mb-5 text-left wp-paragraph\">\n<p><strong>No requerimos dep\u00f3sitos ni transferencias bancarias para aprobar u otorgar productos financieros. Las solicitudes de este tipo deben tratarse con precauci\u00f3n ya que pueden ser intentos fraudulentos. No enviamos correos electr\u00f3nicos solicitando informaci\u00f3n personal o de registro.<\/strong><\/p>\n<\/div><div class=\"mx-5 sm:mx-0 prose leading-relaxed text-lg mb-5 text-left wp-paragraph\">\n<p>Si recibe comunicaciones de este tipo, le solicitamos que se comunique con nosotros de inmediato.<\/p>\n<\/div><!--advertisement--><div class=\"mx-5 sm:mx-0 sm:text-3xl text-2xl font-medium title-font mb-4 text-gray-900 text-left\">\n<h2 class=\"wp-block-heading\"><strong>Secci\u00f3n IV \u2013 T\u00e9rminos de uso y restricciones<\/strong><\/h2>\n<\/div><div class=\"mx-5 sm:mx-0 prose leading-relaxed text-lg mb-5 text-left wp-paragraph\">\n<p>Para acceder y utilizar nuestros servicios y contenidos, el usuario deber\u00e1 seguir las condiciones y restricciones establecidas, incluyendo el uso legal de los servicios, el cumplimiento de la ley, el respeto a la propiedad intelectual, el comportamiento \u00e9tico, la veracidad de la informaci\u00f3n, la seguridad, el respeto a la privacidad, evitar actividades ilegales o nocivas, fines indebidos e integridad t\u00e9cnica.&nbsp;<\/p>\n<\/div><div class=\"mx-5 sm:mx-0 prose leading-relaxed text-lg mb-5 text-left wp-paragraph\">\n<p>Portal Mobile se reserva el derecho de suspender el acceso a nuestros servicios en caso de violaci\u00f3n de estas restricciones.<\/p>\n<\/div><!--advertisement--><div class=\"mx-5 sm:mx-0 sm:text-3xl text-2xl font-medium title-font mb-4 text-gray-900 text-left\">\n<h2 class=\"wp-block-heading\"><strong>Secci\u00f3n V \u2013 Limitaciones de Responsabilidad y Garant\u00edas<\/strong><\/h2>\n<\/div><div class=\"mx-5 sm:mx-0 prose leading-relaxed text-lg mb-5 text-left wp-paragraph\">\n<p>Portal M\u00f3vil presta sus servicios sin ofrecer garant\u00edas de ning\u00fan tipo. El usuario reconoce que el uso de los servicios del sitio web de Portal M\u00f3vil puede implicar riesgos, y la responsabilidad por cualquier da\u00f1o o p\u00e9rdida derivada del uso de los servicios recae exclusivamente en el usuario.&nbsp;<\/p>\n<\/div><div class=\"mx-5 sm:mx-0 prose leading-relaxed text-lg mb-5 text-left wp-paragraph\">\n<p>Portal Mobile, sus directores, empleados o socios no ser\u00e1n responsables de da\u00f1os indirectos, incidentales, especiales o consecuentes.<\/p>\n<\/div><!--advertisement--><div class=\"mx-5 sm:mx-0 sm:text-3xl text-2xl font-medium title-font mb-4 text-gray-900 text-left\">\n<h2 class=\"wp-block-heading\"><strong>Secci\u00f3n VI \u2013 Vigencia y Plazo<\/strong><\/h2>\n<\/div><div class=\"mx-5 sm:mx-0 prose leading-relaxed text-lg mb-5 text-left wp-paragraph\">\n<p>Las quejas relacionadas con el uso del sitio web de Portal Mobile deben presentarse dentro de los 90 d\u00edas siguientes a la fecha del evento que dio lugar a la queja. Los T\u00e9rminos y Condiciones Generales de Uso del Portal M\u00f3vil permanecen vigentes por tiempo indefinido.<\/p>\n<\/div><!--advertisement--><div class=\"mx-5 sm:mx-0 sm:text-3xl text-2xl font-medium title-font mb-4 text-gray-900 text-left\">\n<h2 class=\"wp-block-heading\"><strong>Secci\u00f3n VII - Legislaci\u00f3n y Lugar de Jurisdicci\u00f3n<\/strong><\/h2>\n<\/div><div class=\"mx-5 sm:mx-0 prose leading-relaxed text-lg mb-5 text-left wp-paragraph\">\n<p>7.1 Los T\u00e9rminos y Condiciones Generales de Uso del Portal M\u00f3vil y la Pol\u00edtica de Privacidad se rigen por las leyes de la Rep\u00fablica Federativa de Brasil, incluyendo la Constituci\u00f3n Federal, el C\u00f3digo Civil, el C\u00f3digo de Protecci\u00f3n al Consumidor, la Ley General del Marco Civil da Internet y la Ley General de Protecci\u00f3n de Datos.<\/p>\n<\/div><div class=\"mx-5 sm:mx-0 prose leading-relaxed text-lg mb-5 text-left wp-paragraph\">\n<p>7.2 En caso de disputa derivada de los T\u00e9rminos de Uso o de la Pol\u00edtica de Privacidad, las partes acuerdan sujetarse exclusivamente a la ley brasile\u00f1a.<\/p>\n<\/div><!--advertisement--><div class=\"mx-5 sm:mx-0 sm:text-3xl text-2xl font-medium title-font mb-4 text-gray-900 text-left\">\n<h2 class=\"wp-block-heading\"><strong>Secci\u00f3n VIII \u2013 Contenidos y Derechos Intelectuales<\/strong><\/h2>\n<\/div><div class=\"mx-5 sm:mx-0 prose leading-relaxed text-lg mb-5 text-left wp-paragraph\">\n<p>Todo el material presente en el Portal M\u00f3vil, incluidos textos, im\u00e1genes, videos y otros recursos, es propiedad de la empresa y sus colaboradores, protegidos por las normas de derechos de autor y propiedad intelectual.&nbsp;<\/p>\n<\/div><div class=\"mx-5 sm:mx-0 prose leading-relaxed text-lg mb-5 text-left wp-paragraph\">\n<p>Cualquier reproducci\u00f3n, alteraci\u00f3n, distribuci\u00f3n, exhibici\u00f3n o creaci\u00f3n de trabajos derivados de este contenido sin la autorizaci\u00f3n expresa de Portal Mobile est\u00e1 estrictamente prohibida.<\/p>\n<\/div><div class=\"mx-5 sm:mx-0 prose leading-relaxed text-lg mb-5 text-left wp-paragraph\">\n<p>Portal Mobile no se hace responsable del contenido generado por terceros, como comentarios y publicaciones en foros o redes sociales. Adem\u00e1s, no es responsable de los da\u00f1os derivados del uso del sitio web, ya sean directos, indirectos, incidentales o consecuentes.&nbsp;<\/p>\n<\/div><div class=\"mx-5 sm:mx-0 prose leading-relaxed text-lg mb-5 text-left wp-paragraph\">\n<p>La empresa se reserva el derecho de eliminar contenidos que violen estas condiciones, especialmente aquellos considerados ilegales, ofensivos, difamatorios o que violen derechos de terceros, pudiendo tambi\u00e9n dar de baja las cuentas de los usuarios que incumplan estas condiciones.<\/p>\n<\/div><!--advertisement--><div class=\"mx-5 sm:mx-0 sm:text-3xl text-2xl font-medium title-font mb-4 text-gray-900 text-left\">\n<h2 class=\"wp-block-heading\"><strong>Secci\u00f3n IX \u2013 Cambios a los T\u00e9rminos y Condiciones<\/strong><\/h2>\n<\/div><div class=\"mx-5 sm:mx-0 prose leading-relaxed text-lg mb-5 text-left wp-paragraph\">\n<p>Los servicios ofrecidos por Portal M\u00f3vil pueden ser modificados o incluso suspendidos en cualquier momento, sin previo aviso. El portal no asume ninguna responsabilidad ante los usuarios o terceros por dichas modificaciones.&nbsp;<\/p>\n<\/div><div class=\"mx-5 sm:mx-0 prose leading-relaxed text-lg mb-5 text-left wp-paragraph\">\n<p>La aceptaci\u00f3n de estos T\u00e9rminos y Condiciones es una condici\u00f3n irrevocable para utilizar el sitio web de Portal M\u00f3vil. Los usuarios que no est\u00e9n de acuerdo con estas condiciones deber\u00e1n abstenerse de utilizarlo.<\/p>\n<\/div><!--advertisement--><div class=\"mx-5 sm:mx-0 sm:text-3xl text-2xl font-medium title-font mb-4 text-gray-900 text-left\">\n<h2 class=\"wp-block-heading\"><strong>Secci\u00f3n X \u2013 Servicio al Cliente<\/strong><\/h2>\n<\/div><div class=\"mx-5 sm:mx-0 prose leading-relaxed text-lg mb-5 text-left wp-paragraph\">\n<p>Si el usuario tiene sugerencias o quejas sobre el contenido y servicios del sitio web de Portal Mobile, recomendamos contactar con nuestro equipo a trav\u00e9s del correo electr\u00f3nico contato@portalmobile.com<\/p>\n<\/div>","protected":false},"excerpt":{"rendered":"<p>Informaci\u00f3n actualizada al 23 de febrero de 2024. POR FAVOR LEA ATENTAMENTE NUESTRAS CONDICIONES DE USO. SI NO EST\u00c1 DE ACUERDO CON ESTOS T\u00c9RMINOS, NO UTILICE LOS SERVICIOS PROPORCIONADOS POR PORTAL MOBILE. Portal Mobile, una plataforma dedicada a promover contenido profesional, revisiones de aplicaciones y tecnolog\u00eda, es administrada por el equipo responsable, representado como &quot;nosotros&quot;... <a class=\"more-link\" href=\"https:\/\/portalmobile.com.br\/es\/terms\/\">Continuar leyendo <span class=\"screen-reader-text\">T\u00e9rminos<\/span><\/a><\/p>","protected":false},"author":2,"featured_media":0,"parent":0,"menu_order":0,"comment_status":"closed","ping_status":"closed","template":"","meta":{"footnotes":""},"yoast_head":"<!-- This site is optimized with the Yoast SEO plugin v23.3 - https:\/\/yoast.com\/wordpress\/plugins\/seo\/ -->\n<title>Termos - Portal Mobile<\/title>\n<meta name=\"description\" content=\"Veja os Termos de Uso do Portal Mobile. Navegue com seguran\u00e7a pelo nosso conte\u00fado, e aprenda coisas novas todos os dias.\" \/>\n<meta name=\"robots\" content=\"index, follow, max-snippet:-1, max-image-preview:large, max-video-preview:-1\" \/>\n<link rel=\"canonical\" href=\"https:\/\/portalmobile.com.br\/es\/terms\/\" \/>\n<meta property=\"og:locale\" content=\"es_MX\" \/>\n<meta property=\"og:type\" content=\"article\" \/>\n<meta property=\"og:title\" content=\"Termos - Portal Mobile\" \/>\n<meta property=\"og:description\" content=\"Veja os Termos de Uso do Portal Mobile. Navegue com seguran\u00e7a pelo nosso conte\u00fado, e aprenda coisas novas todos os dias.\" \/>\n<meta property=\"og:url\" content=\"https:\/\/portalmobile.com.br\/es\/terms\/\" \/>\n<meta property=\"og:site_name\" content=\"Portal Mobile\" \/>\n<meta name=\"twitter:card\" content=\"summary_large_image\" \/>\n<meta name=\"twitter:label1\" content=\"Est. reading time\" \/>\n\t<meta name=\"twitter:data1\" content=\"6 minutos\" \/>\n<script type=\"application\/ld+json\" class=\"yoast-schema-graph\">{\"@context\":\"https:\/\/schema.org\",\"@graph\":[{\"@type\":\"WebPage\",\"@id\":\"https:\/\/portalmobile.com.br\/it\/terms\/\",\"url\":\"https:\/\/portalmobile.com.br\/it\/terms\/\",\"name\":\"Termos - Portal Mobile\",\"isPartOf\":{\"@id\":\"https:\/\/portalmobile.com.br\/#website\"},\"datePublished\":\"2024-02-26T17:31:19+00:00\",\"dateModified\":\"2024-02-26T17:31:19+00:00\",\"description\":\"Veja os Termos de Uso do Portal Mobile. Navegue com seguran\u00e7a pelo nosso conte\u00fado, e aprenda coisas novas todos os dias.\",\"breadcrumb\":{\"@id\":\"https:\/\/portalmobile.com.br\/it\/terms\/#breadcrumb\"},\"inLanguage\":\"es-MX\",\"potentialAction\":[{\"@type\":\"ReadAction\",\"target\":[\"https:\/\/portalmobile.com.br\/it\/terms\/\"]}]},{\"@type\":\"BreadcrumbList\",\"@id\":\"https:\/\/portalmobile.com.br\/it\/terms\/#breadcrumb\",\"itemListElement\":[{\"@type\":\"ListItem\",\"position\":1,\"name\":\"Home\",\"item\":\"https:\/\/portalmobile.com.br\/\"},{\"@type\":\"ListItem\",\"position\":2,\"name\":\"Termos\"}]},{\"@type\":\"WebSite\",\"@id\":\"https:\/\/portalmobile.com.br\/#website\",\"url\":\"https:\/\/portalmobile.com.br\/\",\"name\":\"Portal Mobile\",\"description\":\"\",\"potentialAction\":[{\"@type\":\"SearchAction\",\"target\":{\"@type\":\"EntryPoint\",\"urlTemplate\":\"https:\/\/portalmobile.com.br\/?s={search_term_string}\"},\"query-input\":\"required name=search_term_string\"}],\"inLanguage\":\"es-MX\"}]}<\/script>\n<!-- \/ Yoast SEO plugin. -->","yoast_head_json":{"title":"Termos - Portal Mobile","description":"Veja os Termos de Uso do Portal Mobile. Navegue com seguran\u00e7a pelo nosso conte\u00fado, e aprenda coisas novas todos os dias.","robots":{"index":"index","follow":"follow","max-snippet":"max-snippet:-1","max-image-preview":"max-image-preview:large","max-video-preview":"max-video-preview:-1"},"canonical":"https:\/\/portalmobile.com.br\/es\/terms\/","og_locale":"es_MX","og_type":"article","og_title":"Termos - Portal Mobile","og_description":"Veja os Termos de Uso do Portal Mobile. Navegue com seguran\u00e7a pelo nosso conte\u00fado, e aprenda coisas novas todos os dias.","og_url":"https:\/\/portalmobile.com.br\/es\/terms\/","og_site_name":"Portal Mobile","twitter_card":"summary_large_image","twitter_misc":{"Est. reading time":"6 minutos"},"schema":{"@context":"https:\/\/schema.org","@graph":[{"@type":"WebPage","@id":"https:\/\/portalmobile.com.br\/it\/terms\/","url":"https:\/\/portalmobile.com.br\/it\/terms\/","name":"Termos - Portal Mobile","isPartOf":{"@id":"https:\/\/portalmobile.com.br\/#website"},"datePublished":"2024-02-26T17:31:19+00:00","dateModified":"2024-02-26T17:31:19+00:00","description":"Veja os Termos de Uso do Portal Mobile. Navegue com seguran\u00e7a pelo nosso conte\u00fado, e aprenda coisas novas todos os dias.","breadcrumb":{"@id":"https:\/\/portalmobile.com.br\/it\/terms\/#breadcrumb"},"inLanguage":"es-MX","potentialAction":[{"@type":"ReadAction","target":["https:\/\/portalmobile.com.br\/it\/terms\/"]}]},{"@type":"BreadcrumbList","@id":"https:\/\/portalmobile.com.br\/it\/terms\/#breadcrumb","itemListElement":[{"@type":"ListItem","position":1,"name":"Home","item":"https:\/\/portalmobile.com.br\/"},{"@type":"ListItem","position":2,"name":"Termos"}]},{"@type":"WebSite","@id":"https:\/\/portalmobile.com.br\/#website","url":"https:\/\/portalmobile.com.br\/","name":"Portal Mobile","description":"","potentialAction":[{"@type":"SearchAction","target":{"@type":"EntryPoint","urlTemplate":"https:\/\/portalmobile.com.br\/?s={search_term_string}"},"query-input":"required name=search_term_string"}],"inLanguage":"es-MX"}]}},"_links":{"self":[{"href":"https:\/\/portalmobile.com.br\/es\/wp-json\/wp\/v2\/pages\/381"}],"collection":[{"href":"https:\/\/portalmobile.com.br\/es\/wp-json\/wp\/v2\/pages"}],"about":[{"href":"https:\/\/portalmobile.com.br\/es\/wp-json\/wp\/v2\/types\/page"}],"author":[{"embeddable":true,"href":"https:\/\/portalmobile.com.br\/es\/wp-json\/wp\/v2\/users\/2"}],"replies":[{"embeddable":true,"href":"https:\/\/portalmobile.com.br\/es\/wp-json\/wp\/v2\/comments?post=381"}],"version-history":[{"count":0,"href":"https:\/\/portalmobile.com.br\/es\/wp-json\/wp\/v2\/pages\/381\/revisions"}],"wp:attachment":[{"href":"https:\/\/portalmobile.com.br\/es\/wp-json\/wp\/v2\/media?parent=381"}],"curies":[{"name":"wp","href":"https:\/\/api.w.org\/{rel}","templated":true}]}}