{"id":384,"date":"2024-02-26T18:03:50","date_gmt":"2024-02-26T18:03:50","guid":{"rendered":"http:\/\/159.65.181.39\/?page_id=384"},"modified":"2026-04-06T22:21:53","modified_gmt":"2026-04-06T22:21:53","slug":"about","status":"publish","type":"page","link":"https:\/\/portalmobile.com.br\/de\/about\/","title":{"rendered":"\u00dcber uns"},"content":{"rendered":"<!--advertisement--><div class=\"mx-5 sm:mx-0 sm:text-3xl text-2xl font-medium title-font mb-4 text-gray-900 text-left\">\n<h2 class=\"wp-block-heading\">Willkommen beim Mobile Portal!<\/h2>\n<\/div><!--advertisement--><div class=\"mx-5 sm:mx-0 sm:text-3xl text-2xl font-medium title-font mb-4 text-gray-900 text-left\">\n<h3 class=\"wp-block-heading\">Wir glauben, dass Technologie ein Motor der Transformation ist.<\/h3>\n<\/div><div class=\"mx-5 sm:mx-0 prose leading-relaxed text-lg mb-5 text-left wp-paragraph\">\n<p>Ob es darum geht, einen neuen Job zu finden, eine innovative App zu entdecken oder einen Moment der Unterhaltung zu genie\u00dfen \u2013 die Technologie \u00f6ffnet jeden Tag neue T\u00fcren, und wir sind hier, um Sie hindurchzuf\u00fchren.<\/p>\n<\/div><!--advertisement--><div class=\"mx-5 sm:mx-0 sm:text-3xl text-2xl font-medium title-font mb-4 text-gray-900 text-left\">\n<h3 class=\"wp-block-heading\">Wer wir sind<\/h3>\n<\/div><div class=\"mx-5 sm:mx-0 prose leading-relaxed text-lg mb-5 text-left wp-paragraph\">\n<p>Das Mobile Portal ist eine unabh\u00e4ngige Plattform, die sich zum Ziel gesetzt hat, Finanzinformationen zug\u00e4nglicher und verst\u00e4ndlicher zu machen.<\/p>\n<\/div><div class=\"mx-5 sm:mx-0 prose leading-relaxed text-lg mb-5 text-left wp-paragraph\">\n<p>Wir sind keine Bank, kein Finanzinstitut und kein Kreditunternehmen.<\/p>\n<\/div><div class=\"mx-5 sm:mx-0 prose leading-relaxed text-lg mb-5 text-left wp-paragraph\">\n<p>Unser Fokus liegt darauf, Nutzern durch gut recherchierte Inhalte und unvoreingenommene Analysen zu helfen, verf\u00fcgbare Finanzprodukte wie Kreditkarten, Privatkredite und Budgetierungsinstrumente zu erkunden und zu bewerten.<\/p>\n<\/div><div class=\"mx-5 sm:mx-0 prose leading-relaxed text-lg mb-5 text-left wp-paragraph\">\n<p>Unser Ziel ist einfach: Menschen mit verl\u00e4sslichem Finanzwissen auszustatten.<\/p>\n<\/div><div class=\"mx-5 sm:mx-0 prose leading-relaxed text-lg mb-5 text-left wp-paragraph\">\n<p>&nbsp;Ob es um den Vergleich von Kreditoptionen, die Suche nach praktischen Hinweisen zum Umgang mit Schulden oder den Versuch geht, die Funktionsweise von Zinss\u00e4tzen zu verstehen \u2013 unsere Mission ist es, klare und n\u00fctzliche Informationen bereitzustellen, um sicherere finanzielle Entscheidungen zu erm\u00f6glichen.<\/p>\n<\/div><div class=\"mx-5 sm:mx-0 prose leading-relaxed text-lg mb-5 text-left wp-paragraph\">\n<p>Unser Team beobachtet aufmerksam Finanztrends, Verbraucherbed\u00fcrfnisse und Produktaktualisierungen, um sicherzustellen, dass die Inhalte relevant und im Alltag anwendbar sind.<\/p>\n<\/div><div class=\"mx-5 sm:mx-0 prose leading-relaxed text-lg mb-5 text-left wp-paragraph\">\n<p>Wir wissen, dass Finanzen komplex sein k\u00f6nnen, und wir setzen uns daf\u00fcr ein, diese Themen zu vereinfachen, ohne dabei die damit verbundenen Risiken und Vorteile zu ignorieren.<\/p>\n<\/div><div class=\"mx-5 sm:mx-0 prose leading-relaxed text-lg mb-5 text-left wp-paragraph\">\n<p>\u00dcber die Finanzwelt hinaus besch\u00e4ftigen wir uns auch mit Inhalten aus den Bereichen Technologie, Apps, Produktivit\u00e4t, Unterhaltung und digitale Spiele, stets mit dem gleichen Anspruch an Klarheit, N\u00fctzlichkeit und verl\u00e4ssliche Informationen f\u00fcr den Nutzer.<\/p>\n<\/div><!--advertisement--><div class=\"mx-5 sm:mx-0 sm:text-3xl text-2xl font-medium title-font mb-4 text-gray-900 text-left\">\n<h2 class=\"wp-block-heading\"><strong>Was Sie im mobilen Portal finden<\/strong><\/h2>\n<\/div><div class=\"mx-5 sm:mx-0 prose leading-relaxed text-lg mb-5 text-left wp-paragraph\">\n<p>Jeder Artikel im Mobilportal soll dem Leser helfen, die aktuelle Lage besser zu verstehen \u2013 sei es im Finanz-, Digital- oder Unterhaltungsbereich. Wir erreichen dies durch praktische Anleitungen, transparente Analysen und verst\u00e4ndliche Vergleiche.<\/p>\n<\/div><div class=\"mx-5 sm:mx-0 prose leading-relaxed text-lg mb-5 text-left wp-paragraph\">\n<p>Das k\u00f6nnen Sie von unserer Plattform erwarten:<\/p>\n<\/div><div class=\"mx-5 sm:mx-0 prose leading-relaxed text-lg mb-5 text-left wp-paragraph\">\n<p>\u2022 <strong>Ausf\u00fchrliche Produktbewertungen:<\/strong> Unsere Analysen gehen \u00fcber die Grundlagen hinaus. Wir erl\u00e4utern Funktionen, Geb\u00fchren, Teilnahmevoraussetzungen und zeigen, f\u00fcr wen jedes Produkt am besten geeignet ist und f\u00fcr wen nicht.<\/p>\n<\/div><div class=\"mx-5 sm:mx-0 prose leading-relaxed text-lg mb-5 text-left wp-paragraph\">\n<p>\u2022 <strong>Praktische Finanztipps:<\/strong> Von der Verbesserung Ihrer Kreditw\u00fcrdigkeit \u00fcber die Verwaltung von Zahlungen bis hin zur Auswahl der besten Karte f\u00fcr den t\u00e4glichen Gebrauch \u2013 unsere Beratung basiert auf realen Situationen und verzichtet auf \u00fcbertriebene Versprechungen.<\/p>\n<\/div><div class=\"mx-5 sm:mx-0 prose leading-relaxed text-lg mb-5 text-left wp-paragraph\">\n<p>\u2022 <strong>Lerninhalte:<\/strong> Wir glauben an langfristigen Wissensaufbau. Wir erkl\u00e4ren Themen wie Zinss\u00e4tze, Schuldenkonsolidierung und Finanzplanung in einfacher Sprache und anhand klarer Beispiele.<\/p>\n<\/div><div class=\"mx-5 sm:mx-0 prose leading-relaxed text-lg mb-5 text-left wp-paragraph\">\n<p>\u2022 <strong>Technologie, Apps und Produktivit\u00e4t:<\/strong> Wir untersuchen digitale Werkzeuge, die dabei helfen, Routinen zu organisieren, die Effizienz zu steigern und allt\u00e4gliche Aufgaben zu vereinfachen, wobei wir uns stets auf praktische Anwendungen konzentrieren.<\/p>\n<\/div><div class=\"mx-5 sm:mx-0 prose leading-relaxed text-lg mb-5 text-left wp-paragraph\">\n<p>\u2022 <strong>Unterhaltung und digitale Spiele:<\/strong> Wir berichten auch \u00fcber Unterhaltungsthemen, darunter beliebte Plattformen wie Roblox. Bei uns finden Sie Anleitungen, Tipps und Erkl\u00e4rungen, wie Sie Spiele optimal genie\u00dfen k\u00f6nnen, Informationen zu verf\u00fcgbaren Ressourcen, zur virtuellen Wirtschaft und zu Trends in der Gaming-Welt \u2013 stets informativ und verantwortungsvoll.<\/p>\n<\/div><div class=\"mx-5 sm:mx-0 prose leading-relaxed text-lg mb-5 text-left wp-paragraph\">\n<p>\u2022 <strong>Regelm\u00e4\u00dfige Aktualisierungen:<\/strong> Die Finanz-, Technologie- und Digitalm\u00e4rkte befinden sich im st\u00e4ndigen Wandel. Wir verfolgen Nachrichten, Ver\u00e4nderungen und Trends, um Sie stets auf dem Laufenden zu halten.<\/p>\n<\/div><div class=\"mx-5 sm:mx-0 prose leading-relaxed text-lg mb-5 text-left wp-paragraph\">\n<p>Unser Ziel ist es nicht, Ihnen vorzuschreiben, was Sie tun sollen, sondern Ihnen die Werkzeuge und Informationen bereitzustellen, die Sie ben\u00f6tigen, um Entscheidungen auf der Grundlage dessen zu treffen, was f\u00fcr Ihre Realit\u00e4t sinnvoll ist, sei es in Finanzfragen, bei der Nutzung von Technologie oder beim Konsum digitaler Inhalte.<\/p>\n<\/div><!--advertisement--><div class=\"mx-5 sm:mx-0 sm:text-3xl text-2xl font-medium title-font mb-4 text-gray-900 text-left\">\n<h2 class=\"wp-block-heading\"><strong>Wie wir arbeiten und unsere Unabh\u00e4ngigkeit bewahren.<\/strong><\/h2>\n<\/div><div class=\"mx-5 sm:mx-0 prose leading-relaxed text-lg mb-5 text-left wp-paragraph\">\n<p>Unabh\u00e4ngigkeit ist einer der Grundpfeiler unserer Arbeit. Wir verkaufen keine Finanzprodukte und stehen in keiner Verbindung zu den auf der Website erw\u00e4hnten Unternehmen oder Institutionen. Das bedeutet:<\/p>\n<\/div><div class=\"mx-5 sm:mx-0 prose leading-relaxed text-lg mb-5 text-left wp-paragraph\">\n<p>\u2022 Wir erhalten keine Provisionen oder Anreize f\u00fcr die Werbung f\u00fcr bestimmte Produkte.<br>\u2022 Unsere Inhalte basieren auf \u00f6ffentlich verf\u00fcgbaren und \u00fcberpr\u00fcfbaren Informationen zum Zeitpunkt der Ver\u00f6ffentlichung.<br>\u2022 Wir wahren bei unseren Analysen und Vergleichen die volle redaktionelle Freiheit.<\/p>\n<\/div><div class=\"mx-5 sm:mx-0 prose leading-relaxed text-lg mb-5 text-left wp-paragraph\">\n<p>Unsere Forschung basiert auf Daten von Banken, Finanzplattformen und Aufsichtsbeh\u00f6rden.<\/p>\n<\/div><div class=\"mx-5 sm:mx-0 prose leading-relaxed text-lg mb-5 text-left wp-paragraph\">\n<p>Bei der Darstellung von Vor- und Nachteilen streben wir stets nach Ausgewogenheit und Transparenz und heben Vorteile sowie potenzielle Risiken hervor, die der Nutzer ber\u00fccksichtigen sollte.<\/p>\n<\/div><div class=\"mx-5 sm:mx-0 prose leading-relaxed text-lg mb-5 text-left wp-paragraph\">\n<p>Wir wissen, dass finanzielle Entscheidungen reale Auswirkungen haben, deshalb glauben wir, dass Transparenz und Klarheit grundlegend sind, um Ihnen zu helfen, fundierte Entscheidungen zu treffen.<\/p>\n<\/div><!--advertisement--><div class=\"mx-5 sm:mx-0 sm:text-3xl text-2xl font-medium title-font mb-4 text-gray-900 text-left\">\n<h2 class=\"wp-block-heading\"><strong>Rechtliche und redaktionelle Hinweise<\/strong><\/h2>\n<\/div><div class=\"mx-5 sm:mx-0 prose leading-relaxed text-lg mb-5 text-left wp-paragraph\">\n<p>Obwohl wir uns bem\u00fchen, alle Informationen aktuell und korrekt zu halten, weisen wir darauf hin, dass das Mobile Portal weder die fortlaufende Verf\u00fcgbarkeit noch die Aufrechterhaltung der Bedingungen der genannten Produkte garantiert.<\/p>\n<\/div><div class=\"mx-5 sm:mx-0 prose leading-relaxed text-lg mb-5 text-left wp-paragraph\">\n<p>Bitte beachten Sie:<\/p>\n<\/div><div class=\"mx-5 sm:mx-0 prose leading-relaxed text-lg mb-5 text-left wp-paragraph\">\n<p>\u2022 Wir bieten keine Finanzprodukte direkt an und verkaufen diese auch nicht. Anfragen richten Sie bitte \u00fcber die offiziellen Kan\u00e4le der Anbieter.<br>\u2022 \u00c4nderungen der Gesch\u00e4ftsbedingungen und der Verf\u00fcgbarkeit vorbehalten.<br>\u2022 Wir \u00fcbernehmen keine Verantwortung f\u00fcr \u00c4nderungen bei Tarifen, Zinsen, Kriterien oder Leistungen.<br>\u2022 Wir empfehlen stets, sich bei offiziellen Quellen \u00fcber aktuelle Informationen zu informieren.<br>\u2022 Dieser Inhalt stellt keine individuelle Finanzberatung dar.<\/p>\n<\/div><div class=\"mx-5 sm:mx-0 prose leading-relaxed text-lg mb-5 text-left wp-paragraph\">\n<p>Mit der Nutzung des mobilen Portals erkl\u00e4ren Sie sich damit einverstanden, dass Sie f\u00fcr die Verwendung der pr\u00e4sentierten Informationen verantwortlich sind und verstehen, dass unsere Rolle ausschlie\u00dflich informativer Natur ist.<\/p>\n<\/div><div class=\"mx-5 sm:mx-0 prose leading-relaxed text-lg mb-5 text-left wp-paragraph\">\n<p>Bei Fragen, Anregungen oder Themenvorschl\u00e4gen kontaktieren Sie uns bitte. <a style=\" color:;\" href=\"https:\/\/portalmobile.com.br\/de\/contact\/\">Kontaktieren Sie uns<\/a>Wir legen Wert auf Dialog und streben danach, eine vertrauensw\u00fcrdige Quelle auf Ihrem finanziellen und digitalen Weg zu sein.<\/p>\n<\/div>","protected":false},"excerpt":{"rendered":"<p>Bem-vindo ao Portal Mobile! Acreditamos que a tecnologia \u00e9 um motor de transforma\u00e7\u00e3o. Seja para encontrar um novo emprego, explorar um aplicativo inovador ou curtir um momento de entretenimento, a tecnologia abre portas todos os dias e estamos aqui para gui\u00e1-lo por elas. Quem Somos O Portal Mobile \u00e9 uma plataforma independente dedicada a tornar&hellip; <a class=\"more-link\" href=\"https:\/\/portalmobile.com.br\/de\/about\/\">Weiterlesen <span class=\"screen-reader-text\">\u00dcber uns<\/span><\/a><\/p>","protected":false},"author":2,"featured_media":0,"parent":0,"menu_order":0,"comment_status":"closed","ping_status":"closed","template":"","meta":{"footnotes":""},"yoast_head":"<!-- This site is optimized with the Yoast SEO plugin v23.3 - https:\/\/yoast.com\/wordpress\/plugins\/seo\/ -->\n<title>Sobre n\u00f3s - Portal Mobile<\/title>\n<meta name=\"description\" content=\"Saiba mais sobre como podemos te ajudar a descomplicar quest\u00f5es importantes da sua vida, como finan\u00e7as, carreira e organiza\u00e7\u00e3o pessoal.\" \/>\n<meta name=\"robots\" content=\"index, follow, max-snippet:-1, max-image-preview:large, max-video-preview:-1\" \/>\n<link rel=\"canonical\" href=\"https:\/\/portalmobile.com.br\/de\/about\/\" \/>\n<meta property=\"og:locale\" content=\"de_DE\" \/>\n<meta property=\"og:type\" content=\"article\" \/>\n<meta property=\"og:title\" content=\"Sobre n\u00f3s - Portal Mobile\" \/>\n<meta property=\"og:description\" content=\"Saiba mais sobre como podemos te ajudar a descomplicar quest\u00f5es importantes da sua vida, como finan\u00e7as, carreira e organiza\u00e7\u00e3o pessoal.\" \/>\n<meta property=\"og:url\" content=\"https:\/\/portalmobile.com.br\/de\/about\/\" \/>\n<meta property=\"og:site_name\" content=\"Portal Mobile\" \/>\n<meta property=\"article:modified_time\" content=\"2026-04-06T22:21:53+00:00\" \/>\n<meta name=\"twitter:card\" content=\"summary_large_image\" \/>\n<meta name=\"twitter:label1\" content=\"Est. reading time\" \/>\n\t<meta name=\"twitter:data1\" content=\"5 Minuten\" \/>\n<script type=\"application\/ld+json\" class=\"yoast-schema-graph\">{\"@context\":\"https:\/\/schema.org\",\"@graph\":[{\"@type\":\"WebPage\",\"@id\":\"https:\/\/portalmobile.com.br\/about\/\",\"url\":\"https:\/\/portalmobile.com.br\/about\/\",\"name\":\"Sobre n\u00f3s - Portal Mobile\",\"isPartOf\":{\"@id\":\"https:\/\/portalmobile.com.br\/#website\"},\"datePublished\":\"2024-02-26T18:03:50+00:00\",\"dateModified\":\"2026-04-06T22:21:53+00:00\",\"description\":\"Saiba mais sobre como podemos te ajudar a descomplicar quest\u00f5es importantes da sua vida, como finan\u00e7as, carreira e organiza\u00e7\u00e3o pessoal.\",\"breadcrumb\":{\"@id\":\"https:\/\/portalmobile.com.br\/about\/#breadcrumb\"},\"inLanguage\":\"de-DE\",\"potentialAction\":[{\"@type\":\"ReadAction\",\"target\":[\"https:\/\/portalmobile.com.br\/about\/\"]}]},{\"@type\":\"BreadcrumbList\",\"@id\":\"https:\/\/portalmobile.com.br\/about\/#breadcrumb\",\"itemListElement\":[{\"@type\":\"ListItem\",\"position\":1,\"name\":\"Home\",\"item\":\"https:\/\/portalmobile.com.br\/\"},{\"@type\":\"ListItem\",\"position\":2,\"name\":\"Sobre n\u00f3s\"}]},{\"@type\":\"WebSite\",\"@id\":\"https:\/\/portalmobile.com.br\/#website\",\"url\":\"https:\/\/portalmobile.com.br\/\",\"name\":\"Portal Mobile\",\"description\":\"\",\"potentialAction\":[{\"@type\":\"SearchAction\",\"target\":{\"@type\":\"EntryPoint\",\"urlTemplate\":\"https:\/\/portalmobile.com.br\/?s={search_term_string}\"},\"query-input\":\"required name=search_term_string\"}],\"inLanguage\":\"de-DE\"}]}<\/script>\n<!-- \/ Yoast SEO plugin. -->","yoast_head_json":{"title":"Sobre n\u00f3s - Portal Mobile","description":"Saiba mais sobre como podemos te ajudar a descomplicar quest\u00f5es importantes da sua vida, como finan\u00e7as, carreira e organiza\u00e7\u00e3o pessoal.","robots":{"index":"index","follow":"follow","max-snippet":"max-snippet:-1","max-image-preview":"max-image-preview:large","max-video-preview":"max-video-preview:-1"},"canonical":"https:\/\/portalmobile.com.br\/de\/about\/","og_locale":"de_DE","og_type":"article","og_title":"Sobre n\u00f3s - Portal Mobile","og_description":"Saiba mais sobre como podemos te ajudar a descomplicar quest\u00f5es importantes da sua vida, como finan\u00e7as, carreira e organiza\u00e7\u00e3o pessoal.","og_url":"https:\/\/portalmobile.com.br\/de\/about\/","og_site_name":"Portal Mobile","article_modified_time":"2026-04-06T22:21:53+00:00","twitter_card":"summary_large_image","twitter_misc":{"Est. reading time":"5 Minuten"},"schema":{"@context":"https:\/\/schema.org","@graph":[{"@type":"WebPage","@id":"https:\/\/portalmobile.com.br\/about\/","url":"https:\/\/portalmobile.com.br\/about\/","name":"Sobre n\u00f3s - Portal Mobile","isPartOf":{"@id":"https:\/\/portalmobile.com.br\/#website"},"datePublished":"2024-02-26T18:03:50+00:00","dateModified":"2026-04-06T22:21:53+00:00","description":"Saiba mais sobre como podemos te ajudar a descomplicar quest\u00f5es importantes da sua vida, como finan\u00e7as, carreira e organiza\u00e7\u00e3o pessoal.","breadcrumb":{"@id":"https:\/\/portalmobile.com.br\/about\/#breadcrumb"},"inLanguage":"de-DE","potentialAction":[{"@type":"ReadAction","target":["https:\/\/portalmobile.com.br\/about\/"]}]},{"@type":"BreadcrumbList","@id":"https:\/\/portalmobile.com.br\/about\/#breadcrumb","itemListElement":[{"@type":"ListItem","position":1,"name":"Home","item":"https:\/\/portalmobile.com.br\/"},{"@type":"ListItem","position":2,"name":"Sobre n\u00f3s"}]},{"@type":"WebSite","@id":"https:\/\/portalmobile.com.br\/#website","url":"https:\/\/portalmobile.com.br\/","name":"Portal Mobile","description":"","potentialAction":[{"@type":"SearchAction","target":{"@type":"EntryPoint","urlTemplate":"https:\/\/portalmobile.com.br\/?s={search_term_string}"},"query-input":"required name=search_term_string"}],"inLanguage":"de-DE"}]}},"_links":{"self":[{"href":"https:\/\/portalmobile.com.br\/de\/wp-json\/wp\/v2\/pages\/384"}],"collection":[{"href":"https:\/\/portalmobile.com.br\/de\/wp-json\/wp\/v2\/pages"}],"about":[{"href":"https:\/\/portalmobile.com.br\/de\/wp-json\/wp\/v2\/types\/page"}],"author":[{"embeddable":true,"href":"https:\/\/portalmobile.com.br\/de\/wp-json\/wp\/v2\/users\/2"}],"replies":[{"embeddable":true,"href":"https:\/\/portalmobile.com.br\/de\/wp-json\/wp\/v2\/comments?post=384"}],"version-history":[{"count":4,"href":"https:\/\/portalmobile.com.br\/de\/wp-json\/wp\/v2\/pages\/384\/revisions"}],"predecessor-version":[{"id":4531,"href":"https:\/\/portalmobile.com.br\/de\/wp-json\/wp\/v2\/pages\/384\/revisions\/4531"}],"wp:attachment":[{"href":"https:\/\/portalmobile.com.br\/de\/wp-json\/wp\/v2\/media?parent=384"}],"curies":[{"name":"wp","href":"https:\/\/api.w.org\/{rel}","templated":true}]}}