{"id":381,"date":"2024-02-26T17:31:19","date_gmt":"2024-02-26T17:31:19","guid":{"rendered":"http:\/\/159.65.181.39\/?page_id=381"},"modified":"2024-02-26T17:31:19","modified_gmt":"2024-02-26T17:31:19","slug":"terms","status":"publish","type":"page","link":"https:\/\/portalmobile.com.br\/de\/terms\/","title":{"rendered":"Bedingungen"},"content":{"rendered":"<div class=\"mx-5 sm:mx-0 prose leading-relaxed text-lg mb-5 text-left wp-paragraph\">\n<p>Informationen aktualisiert am 23. Februar 2024.<\/p>\n<\/div><div class=\"mx-5 sm:mx-0 prose leading-relaxed text-lg mb-5 text-left wp-paragraph\">\n<p><strong>BITTE LESEN SIE UNSERE NUTZUNGSBEDINGUNGEN SORGF\u00c4LTIG DURCH. WENN SIE DIESEN BEDINGUNGEN NICHT ZUSTIMMEN, NUTZEN SIE DIE DIENSTE VON PORTAL MOBILE NICHT.<\/strong><\/p>\n<\/div><div class=\"mx-5 sm:mx-0 prose leading-relaxed text-lg mb-5 text-left wp-paragraph\">\n<p>Das Mobile Portal, eine Plattform zur F\u00f6rderung von Karriereinhalten, App-Bewertungen und Technologie, wird vom zust\u00e4ndigen Team verwaltet, das in diesem speziellen Fall als \u201ewir\u201c dargestellt wird.<\/p>\n<\/div><div class=\"mx-5 sm:mx-0 prose leading-relaxed text-lg mb-5 text-left wp-paragraph\">\n<p>Der Zugriff auf diese Website und ihre Nutzung unterliegen den hier beschriebenen Bedingungen und Richtlinien. Mit dem Zugriff auf die Website erkl\u00e4rt sich der Nutzer mit allen Bestimmungen dieses Dokuments einverstanden.<\/p>\n<\/div><div class=\"mx-5 sm:mx-0 prose leading-relaxed text-lg mb-5 text-left wp-paragraph\">\n<p>Das Team von Portal Mobile beh\u00e4lt sich das Recht vor, diese Bedingungen jederzeit und ohne vorherige Ank\u00fcndigung zu \u00e4ndern. Solche \u00c4nderungen werden auf der Website ver\u00f6ffentlicht und treten sofort in Kraft. Die Nutzer sind allein f\u00fcr ihr Verhalten auf der Website verantwortlich. Portal Mobile \u00fcbernimmt keine Haftung f\u00fcr Sch\u00e4den oder Verluste, die der Nutzer sich selbst oder Dritten zuf\u00fcgt.<\/p>\n<\/div><div class=\"mx-5 sm:mx-0 prose leading-relaxed text-lg mb-5 text-left wp-paragraph\">\n<p>Es ist den Nutzern untersagt, illegale, diffamierende, obsz\u00f6ne oder die Rechte Dritter verletzende Inhalte einzustellen, die Website zu kommerziellen Zwecken zu nutzen oder deren Betrieb oder die angebotenen Dienste zu beeintr\u00e4chtigen.<\/p>\n<\/div><div class=\"mx-5 sm:mx-0 prose leading-relaxed text-lg mb-5 text-left wp-paragraph\">\n<p>Das Mobile Portal erhebt und verwendet personenbezogene Daten der Nutzer zur Identifizierung, Registrierung und Leistungserbringung gem\u00e4\u00df unserer Datenschutzerkl\u00e4rung. Durch den Zugriff und die Nutzung des Mobile Portals erkl\u00e4rt sich der Nutzer mit den in diesem Dokument dargelegten Bedingungen einverstanden. Sollten Sie damit nicht einverstanden sein, sollten Sie den Zugriff auf die Website unterlassen.<\/p>\n<\/div><!--advertisement--><div class=\"mx-5 sm:mx-0 sm:text-3xl text-2xl font-medium title-font mb-4 text-gray-900 text-left\">\n<h2 class=\"wp-block-heading\"><strong>Abschnitt I \u2013 Zulassung<\/strong><\/h2>\n<\/div><div class=\"mx-5 sm:mx-0 prose leading-relaxed text-lg mb-5 text-left wp-paragraph\">\n<p>F\u00fcr die Nutzung der Inhalte und Dienste der Website Portal Mobile gelten f\u00fcr den Nutzer folgende Bedingungen: die Annahme der Allgemeinen Nutzungsbedingungen und der Datenschutzrichtlinie sowie die Vollj\u00e4hrigkeit und die volle Gesch\u00e4ftsf\u00e4higkeit.&nbsp;<\/p>\n<\/div><div class=\"mx-5 sm:mx-0 prose leading-relaxed text-lg mb-5 text-left wp-paragraph\">\n<p><strong>Wenn Sie diese Anforderungen nicht erf\u00fcllen, wird dem Benutzer empfohlen, auf den Zugriff auf die von der Portal Mobile-Website bereitgestellten Dienste bzw. deren Nutzung zu verzichten.<\/strong><\/p>\n<\/div><!--advertisement--><div class=\"mx-5 sm:mx-0 sm:text-3xl text-2xl font-medium title-font mb-4 text-gray-900 text-left\">\n<h2 class=\"wp-block-heading\"><strong>Abschnitt II \u2013 Kontaktmethoden<\/strong><\/h2>\n<\/div><div class=\"mx-5 sm:mx-0 prose leading-relaxed text-lg mb-5 text-left wp-paragraph\">\n<p>Zur Kontaktaufnahme steht Ihnen das Formular auf der Website zur Verf\u00fcgung, das Sie \u00fcber den angegebenen Link erreichen. Unser Support-Team steht Ihnen f\u00fcr Fragen, Probleml\u00f6sungen und Feedback zur Verf\u00fcgung.<\/p>\n<\/div><!--advertisement--><div class=\"mx-5 sm:mx-0 sm:text-3xl text-2xl font-medium title-font mb-4 text-gray-900 text-left\">\n<h2 class=\"wp-block-heading\"><strong>Abschnitt III \u2013 Gegenseitige Verantwortlichkeiten<\/strong><\/h2>\n<\/div><div class=\"mx-5 sm:mx-0 prose leading-relaxed text-lg mb-5 text-left wp-paragraph\">\n<p>Durch die Nutzung der Dienste von Portal Mobile best\u00e4tigt der Nutzer, die Nutzungsbedingungen sowie die Datenschutzrichtlinie gelesen, verstanden und akzeptiert zu haben. Die Website bietet Links zu externen Seiten, ist jedoch nicht f\u00fcr die Richtlinien oder Nutzungsbedingungen dieser Seiten verantwortlich.&nbsp;<\/p>\n<\/div><div class=\"mx-5 sm:mx-0 prose leading-relaxed text-lg mb-5 text-left wp-paragraph\">\n<p><strong>Es wird empfohlen, dass der Benutzer die Bedingungen und Richtlinien dieser Plattformen \u00fcberpr\u00fcft, bevor er eine Transaktion durchf\u00fchrt.<\/strong><\/p>\n<\/div><div class=\"mx-5 sm:mx-0 prose leading-relaxed text-lg mb-5 text-left wp-paragraph\">\n<p>Wir haften nicht f\u00fcr Sch\u00e4den, die durch Viren oder Schadsoftware beim Surfen oder bei der Daten\u00fcbertragung entstehen. Wir empfehlen Nutzern, Vorkehrungen zum Schutz ihrer Systeme zu treffen, z. B. durch die Verwendung aktueller Antiviren- und Firewall-Software. Wir haften auch nicht f\u00fcr Sch\u00e4den, die durch unsachgem\u00e4\u00dfe Nutzung der Website oder Ereignisse au\u00dferhalb unserer Kontrolle entstehen.<\/p>\n<\/div><div class=\"mx-5 sm:mx-0 prose leading-relaxed text-lg mb-5 text-left wp-paragraph\">\n<p><strong>Wir verlangen keine Einzahlungen oder Bank\u00fcberweisungen, um Finanzprodukte zu genehmigen oder zu gew\u00e4hren. Solche Anfragen sollten mit Vorsicht behandelt werden, da es sich um Betrugsversuche handeln kann. Wir versenden keine E-Mails mit der Bitte um pers\u00f6nliche oder Registrierungsinformationen.<\/strong><\/p>\n<\/div><div class=\"mx-5 sm:mx-0 prose leading-relaxed text-lg mb-5 text-left wp-paragraph\">\n<p>Wenn Sie derartige Mitteilungen erhalten, kontaktieren Sie uns bitte umgehend.<\/p>\n<\/div><!--advertisement--><div class=\"mx-5 sm:mx-0 sm:text-3xl text-2xl font-medium title-font mb-4 text-gray-900 text-left\">\n<h2 class=\"wp-block-heading\"><strong>Abschnitt IV \u2013 Nutzungsbedingungen und Einschr\u00e4nkungen<\/strong><\/h2>\n<\/div><div class=\"mx-5 sm:mx-0 prose leading-relaxed text-lg mb-5 text-left wp-paragraph\">\n<p>Um auf unsere Dienste und Inhalte zugreifen und diese nutzen zu k\u00f6nnen, muss der Benutzer die festgelegten Bedingungen und Einschr\u00e4nkungen einhalten, einschlie\u00dflich der legalen Nutzung der Dienste, der Einhaltung der Gesetze, der Achtung des geistigen Eigentums, ethischem Verhalten, der Richtigkeit der Informationen, der Sicherheit, der Achtung der Privatsph\u00e4re, der Vermeidung illegaler oder sch\u00e4dlicher Aktivit\u00e4ten, unangemessener Zwecke und der technischen Integrit\u00e4t.&nbsp;<\/p>\n<\/div><div class=\"mx-5 sm:mx-0 prose leading-relaxed text-lg mb-5 text-left wp-paragraph\">\n<p>Portal Mobile beh\u00e4lt sich das Recht vor, den Zugriff auf unsere Dienste zu sperren, wenn diese Einschr\u00e4nkungen verletzt werden.<\/p>\n<\/div><!--advertisement--><div class=\"mx-5 sm:mx-0 sm:text-3xl text-2xl font-medium title-font mb-4 text-gray-900 text-left\">\n<h2 class=\"wp-block-heading\"><strong>Abschnitt V \u2013 Haftungsbeschr\u00e4nkungen und Garantien<\/strong><\/h2>\n<\/div><div class=\"mx-5 sm:mx-0 prose leading-relaxed text-lg mb-5 text-left wp-paragraph\">\n<p>Portal Mobile stellt seine Dienste ohne jegliche Garantien jeglicher Art zur Verf\u00fcgung. Der Benutzer erkennt an, dass die Nutzung der Dienste der Portal Mobile-Website mit Risiken verbunden sein kann, und der Benutzer ist allein verantwortlich f\u00fcr Sch\u00e4den oder Verluste, die aus der Nutzung der Dienste entstehen.&nbsp;<\/p>\n<\/div><div class=\"mx-5 sm:mx-0 prose leading-relaxed text-lg mb-5 text-left wp-paragraph\">\n<p>Portal Mobile, seine Direktoren, Mitarbeiter oder Partner haften nicht f\u00fcr indirekte, zuf\u00e4llige, besondere oder Folgesch\u00e4den.<\/p>\n<\/div><!--advertisement--><div class=\"mx-5 sm:mx-0 sm:text-3xl text-2xl font-medium title-font mb-4 text-gray-900 text-left\">\n<h2 class=\"wp-block-heading\"><strong>Abschnitt VI \u2013 G\u00fcltigkeit und Verj\u00e4hrungsfrist<\/strong><\/h2>\n<\/div><div class=\"mx-5 sm:mx-0 prose leading-relaxed text-lg mb-5 text-left wp-paragraph\">\n<p>Beschwerden im Zusammenhang mit der Nutzung der Portal Mobile-Website m\u00fcssen innerhalb von 90 Tagen ab dem Datum des Vorfalls, der Anlass zur Beschwerde gibt, eingereicht werden. Die Allgemeinen Nutzungsbedingungen von Portal Mobile bleiben auf unbestimmte Zeit in Kraft.<\/p>\n<\/div><!--advertisement--><div class=\"mx-5 sm:mx-0 sm:text-3xl text-2xl font-medium title-font mb-4 text-gray-900 text-left\">\n<h2 class=\"wp-block-heading\"><strong>Abschnitt VII \u2013 Gesetzgebung und Gerichtsstand<\/strong><\/h2>\n<\/div><div class=\"mx-5 sm:mx-0 prose leading-relaxed text-lg mb-5 text-left wp-paragraph\">\n<p>7.1 Die Allgemeinen Nutzungsbedingungen des mobilen Portals und die Datenschutzrichtlinie unterliegen den Gesetzen der F\u00f6derativen Republik Brasilien, einschlie\u00dflich der Bundesverfassung, des B\u00fcrgerlichen Gesetzbuches, des Verbraucherschutzgesetzes, des Allgemeinen Gesetzes \u00fcber den zivilrechtlichen Rahmen f\u00fcr das Internet und des Allgemeinen Datenschutzgesetzes.<\/p>\n<\/div><div class=\"mx-5 sm:mx-0 prose leading-relaxed text-lg mb-5 text-left wp-paragraph\">\n<p>7.2 Im Falle eines Streits, der sich aus den Nutzungsbedingungen oder der Datenschutzrichtlinie ergibt, vereinbaren die Parteien, sich ausschlie\u00dflich dem brasilianischen Recht zu unterwerfen.<\/p>\n<\/div><!--advertisement--><div class=\"mx-5 sm:mx-0 sm:text-3xl text-2xl font-medium title-font mb-4 text-gray-900 text-left\">\n<h2 class=\"wp-block-heading\"><strong>Abschnitt VIII \u2013 Inhalt und geistige Rechte<\/strong><\/h2>\n<\/div><div class=\"mx-5 sm:mx-0 prose leading-relaxed text-lg mb-5 text-left wp-paragraph\">\n<p>S\u00e4mtliches auf dem mobilen Portal vorhandenes Material, einschlie\u00dflich Texte, Bilder, Videos und andere Ressourcen, ist Eigentum des Unternehmens und seiner Mitarbeiter und durch Urheberrechte und Bestimmungen zum geistigen Eigentum gesch\u00fctzt.&nbsp;<\/p>\n<\/div><div class=\"mx-5 sm:mx-0 prose leading-relaxed text-lg mb-5 text-left wp-paragraph\">\n<p>Jegliche Vervielf\u00e4ltigung, \u00c4nderung, Verbreitung, Anzeige oder Erstellung abgeleiteter Werke dieses Inhalts ohne ausdr\u00fcckliche Genehmigung von Portal Mobile ist strengstens untersagt.<\/p>\n<\/div><div class=\"mx-5 sm:mx-0 prose leading-relaxed text-lg mb-5 text-left wp-paragraph\">\n<p>Portal Mobile ist nicht verantwortlich f\u00fcr Inhalte, die von Dritten erstellt werden, wie z. B. Kommentare und Beitr\u00e4ge in Foren oder sozialen Medien. Dar\u00fcber hinaus haftet Portal Mobile nicht f\u00fcr Sch\u00e4den, die durch die Nutzung der Website entstehen, seien sie direkt, indirekt, zuf\u00e4llig oder Folgesch\u00e4den.&nbsp;<\/p>\n<\/div><div class=\"mx-5 sm:mx-0 prose leading-relaxed text-lg mb-5 text-left wp-paragraph\">\n<p>Das Unternehmen beh\u00e4lt sich das Recht vor, Inhalte zu entfernen, die gegen diese Bedingungen versto\u00dfen, insbesondere solche, die als illegal, beleidigend, diffamierend oder gegen die Rechte Dritter versto\u00dfen, und kann au\u00dferdem die Konten von Benutzern k\u00fcndigen, die diese Bedingungen nicht einhalten.<\/p>\n<\/div><!--advertisement--><div class=\"mx-5 sm:mx-0 sm:text-3xl text-2xl font-medium title-font mb-4 text-gray-900 text-left\">\n<h2 class=\"wp-block-heading\"><strong>Abschnitt IX \u2013 \u00c4nderungen der Allgemeinen Gesch\u00e4ftsbedingungen<\/strong><\/h2>\n<\/div><div class=\"mx-5 sm:mx-0 prose leading-relaxed text-lg mb-5 text-left wp-paragraph\">\n<p>Die vom Mobile Portal angebotenen Dienste k\u00f6nnen jederzeit und ohne vorherige Ank\u00fcndigung ge\u00e4ndert oder auch eingestellt werden. Das Portal \u00fcbernimmt f\u00fcr derartige \u00c4nderungen gegen\u00fcber Nutzern oder Dritten keine Haftung.&nbsp;<\/p>\n<\/div><div class=\"mx-5 sm:mx-0 prose leading-relaxed text-lg mb-5 text-left wp-paragraph\">\n<p>Die Annahme dieser Allgemeinen Gesch\u00e4ftsbedingungen ist eine unwiderrufliche Voraussetzung f\u00fcr die Nutzung der Portal Mobile-Website. Benutzer, die diesen Bedingungen nicht zustimmen, sollten von der Nutzung der Website absehen.<\/p>\n<\/div><!--advertisement--><div class=\"mx-5 sm:mx-0 sm:text-3xl text-2xl font-medium title-font mb-4 text-gray-900 text-left\">\n<h2 class=\"wp-block-heading\"><strong>Abschnitt X \u2013 Kundendienst<\/strong><\/h2>\n<\/div><div class=\"mx-5 sm:mx-0 prose leading-relaxed text-lg mb-5 text-left wp-paragraph\">\n<p>Wenn der Benutzer Vorschl\u00e4ge oder Beschwerden zu den Inhalten und Diensten der Portal Mobile-Website hat, empfehlen wir, unser Team per E-Mail unter contato@portalmobile.com zu kontaktieren<\/p>\n<\/div>","protected":false},"excerpt":{"rendered":"<p>Informationen aktualisiert am 23. Februar 2024. BITTE LESEN SIE UNSERE NUTZUNGSBEDINGUNGEN SORGF\u00c4LTIG DURCH. WENN SIE DIESEN BEDINGUNGEN NICHT ZUSTIMMEN, NUTZEN SIE DIE DIENSTE VON PORTAL MOBILE NICHT. Portal Mobile, eine Plattform zur F\u00f6rderung von Inhalten \u00fcber Karriere, App-Rezensionen und Technologie, wird von dem zust\u00e4ndigen Team, im Folgenden \u201ewir\u201c genannt, betrieben. <a class=\"more-link\" href=\"https:\/\/portalmobile.com.br\/de\/terms\/\">Weiterlesen <span class=\"screen-reader-text\">Bedingungen<\/span><\/a><\/p>","protected":false},"author":2,"featured_media":0,"parent":0,"menu_order":0,"comment_status":"closed","ping_status":"closed","template":"","meta":{"footnotes":""},"yoast_head":"<!-- This site is optimized with the Yoast SEO plugin v23.3 - https:\/\/yoast.com\/wordpress\/plugins\/seo\/ -->\n<title>Termos - Portal Mobile<\/title>\n<meta name=\"description\" content=\"Veja os Termos de Uso do Portal Mobile. Navegue com seguran\u00e7a pelo nosso conte\u00fado, e aprenda coisas novas todos os dias.\" \/>\n<meta name=\"robots\" content=\"index, follow, max-snippet:-1, max-image-preview:large, max-video-preview:-1\" \/>\n<link rel=\"canonical\" href=\"https:\/\/portalmobile.com.br\/de\/terms\/\" \/>\n<meta property=\"og:locale\" content=\"de_DE\" \/>\n<meta property=\"og:type\" content=\"article\" \/>\n<meta property=\"og:title\" content=\"Termos - Portal Mobile\" \/>\n<meta property=\"og:description\" content=\"Veja os Termos de Uso do Portal Mobile. Navegue com seguran\u00e7a pelo nosso conte\u00fado, e aprenda coisas novas todos os dias.\" \/>\n<meta property=\"og:url\" content=\"https:\/\/portalmobile.com.br\/de\/terms\/\" \/>\n<meta property=\"og:site_name\" content=\"Portal Mobile\" \/>\n<meta name=\"twitter:card\" content=\"summary_large_image\" \/>\n<meta name=\"twitter:label1\" content=\"Est. reading time\" \/>\n\t<meta name=\"twitter:data1\" content=\"6 Minuten\" \/>\n<script type=\"application\/ld+json\" class=\"yoast-schema-graph\">{\"@context\":\"https:\/\/schema.org\",\"@graph\":[{\"@type\":\"WebPage\",\"@id\":\"https:\/\/portalmobile.com.br\/it\/terms\/\",\"url\":\"https:\/\/portalmobile.com.br\/it\/terms\/\",\"name\":\"Termos - Portal Mobile\",\"isPartOf\":{\"@id\":\"https:\/\/portalmobile.com.br\/#website\"},\"datePublished\":\"2024-02-26T17:31:19+00:00\",\"dateModified\":\"2024-02-26T17:31:19+00:00\",\"description\":\"Veja os Termos de Uso do Portal Mobile. Navegue com seguran\u00e7a pelo nosso conte\u00fado, e aprenda coisas novas todos os dias.\",\"breadcrumb\":{\"@id\":\"https:\/\/portalmobile.com.br\/it\/terms\/#breadcrumb\"},\"inLanguage\":\"de-DE\",\"potentialAction\":[{\"@type\":\"ReadAction\",\"target\":[\"https:\/\/portalmobile.com.br\/it\/terms\/\"]}]},{\"@type\":\"BreadcrumbList\",\"@id\":\"https:\/\/portalmobile.com.br\/it\/terms\/#breadcrumb\",\"itemListElement\":[{\"@type\":\"ListItem\",\"position\":1,\"name\":\"Home\",\"item\":\"https:\/\/portalmobile.com.br\/\"},{\"@type\":\"ListItem\",\"position\":2,\"name\":\"Termos\"}]},{\"@type\":\"WebSite\",\"@id\":\"https:\/\/portalmobile.com.br\/#website\",\"url\":\"https:\/\/portalmobile.com.br\/\",\"name\":\"Portal Mobile\",\"description\":\"\",\"potentialAction\":[{\"@type\":\"SearchAction\",\"target\":{\"@type\":\"EntryPoint\",\"urlTemplate\":\"https:\/\/portalmobile.com.br\/?s={search_term_string}\"},\"query-input\":\"required name=search_term_string\"}],\"inLanguage\":\"de-DE\"}]}<\/script>\n<!-- \/ Yoast SEO plugin. -->","yoast_head_json":{"title":"Termos - Portal Mobile","description":"Veja os Termos de Uso do Portal Mobile. Navegue com seguran\u00e7a pelo nosso conte\u00fado, e aprenda coisas novas todos os dias.","robots":{"index":"index","follow":"follow","max-snippet":"max-snippet:-1","max-image-preview":"max-image-preview:large","max-video-preview":"max-video-preview:-1"},"canonical":"https:\/\/portalmobile.com.br\/de\/terms\/","og_locale":"de_DE","og_type":"article","og_title":"Termos - Portal Mobile","og_description":"Veja os Termos de Uso do Portal Mobile. Navegue com seguran\u00e7a pelo nosso conte\u00fado, e aprenda coisas novas todos os dias.","og_url":"https:\/\/portalmobile.com.br\/de\/terms\/","og_site_name":"Portal Mobile","twitter_card":"summary_large_image","twitter_misc":{"Est. reading time":"6 Minuten"},"schema":{"@context":"https:\/\/schema.org","@graph":[{"@type":"WebPage","@id":"https:\/\/portalmobile.com.br\/it\/terms\/","url":"https:\/\/portalmobile.com.br\/it\/terms\/","name":"Termos - Portal Mobile","isPartOf":{"@id":"https:\/\/portalmobile.com.br\/#website"},"datePublished":"2024-02-26T17:31:19+00:00","dateModified":"2024-02-26T17:31:19+00:00","description":"Veja os Termos de Uso do Portal Mobile. Navegue com seguran\u00e7a pelo nosso conte\u00fado, e aprenda coisas novas todos os dias.","breadcrumb":{"@id":"https:\/\/portalmobile.com.br\/it\/terms\/#breadcrumb"},"inLanguage":"de-DE","potentialAction":[{"@type":"ReadAction","target":["https:\/\/portalmobile.com.br\/it\/terms\/"]}]},{"@type":"BreadcrumbList","@id":"https:\/\/portalmobile.com.br\/it\/terms\/#breadcrumb","itemListElement":[{"@type":"ListItem","position":1,"name":"Home","item":"https:\/\/portalmobile.com.br\/"},{"@type":"ListItem","position":2,"name":"Termos"}]},{"@type":"WebSite","@id":"https:\/\/portalmobile.com.br\/#website","url":"https:\/\/portalmobile.com.br\/","name":"Portal Mobile","description":"","potentialAction":[{"@type":"SearchAction","target":{"@type":"EntryPoint","urlTemplate":"https:\/\/portalmobile.com.br\/?s={search_term_string}"},"query-input":"required name=search_term_string"}],"inLanguage":"de-DE"}]}},"_links":{"self":[{"href":"https:\/\/portalmobile.com.br\/de\/wp-json\/wp\/v2\/pages\/381"}],"collection":[{"href":"https:\/\/portalmobile.com.br\/de\/wp-json\/wp\/v2\/pages"}],"about":[{"href":"https:\/\/portalmobile.com.br\/de\/wp-json\/wp\/v2\/types\/page"}],"author":[{"embeddable":true,"href":"https:\/\/portalmobile.com.br\/de\/wp-json\/wp\/v2\/users\/2"}],"replies":[{"embeddable":true,"href":"https:\/\/portalmobile.com.br\/de\/wp-json\/wp\/v2\/comments?post=381"}],"version-history":[{"count":0,"href":"https:\/\/portalmobile.com.br\/de\/wp-json\/wp\/v2\/pages\/381\/revisions"}],"wp:attachment":[{"href":"https:\/\/portalmobile.com.br\/de\/wp-json\/wp\/v2\/media?parent=381"}],"curies":[{"name":"wp","href":"https:\/\/api.w.org\/{rel}","templated":true}]}}